{"id":17542,"date":"2025-12-18T14:41:48","date_gmt":"2025-12-18T14:41:48","guid":{"rendered":"https:\/\/placessites.com\/?post_type=product&#038;p=17542"},"modified":"2026-01-09T04:39:39","modified_gmt":"2026-01-09T04:39:39","slug":"punta-cana-bavaro-piscina-natural-speedboat-tour-snorkeling","status":"publish","type":"product","link":"https:\/\/placessites.com\/es\/visita\/punta-cana-bavaro-piscina-natural-speedboat-tour-snorkeling\/","title":{"rendered":"Excursi\u00f3n a la Isla Saona desde Punta Cana"},"content":{"rendered":"<h2>Excursi\u00f3n a la Isla Saona desde Punta Cana<\/h2>\n<p>Recogida en el hotel:<\/p>\n<p>El d\u00eda comienza con una c\u00f3moda recogida en su hotel de Punta Cana. Viajar\u00e1s en un c\u00f3modo veh\u00edculo con aire acondicionado hasta el encantador pueblo pesquero de Bayahibe, donde comienza tu viaje a Isla Saona.<\/p>\n<p>Paseo en barco a Isla Saona:<\/p>\n<p>Desde Bayahibe, suba a bordo de una lancha r\u00e1pida o un catamar\u00e1n para dar un paseo panor\u00e1mico por las aguas turquesas del mar Caribe. Disfrute de las impresionantes vistas costeras y sienta la brisa marina mientras se dirige a la isla.<\/p>\n<p>Piscina natural:<\/p>\n<p>De camino a Isla Saona, se detendr\u00e1 en una piscina natural, un banco de arena poco profundo en medio del oc\u00e9ano. Aqu\u00ed podr\u00e1 vadear el agua hasta la cintura, recoger estrellas de mar y hacer fotos impresionantes de este entorno natural \u00fanico.<\/p>\n<p>Llegada a Isla Saona:<\/p>\n<p>Al llegar a Isla Saona, le recibir\u00e1n palmeras ondulantes, playas de arena blanca y aguas azules. La isla forma parte del Parque Nacional de Cotubanam\u00e1 y goza de una belleza natural intacta.<\/p>\n<p>Tiempo de playa y actividades:<\/p>\n<p>Pase su tiempo en Isla Saona relaj\u00e1ndose en la playa, nadando en las c\u00e1lidas aguas o explorando la isla. Disponemos de tumbonas y sombrillas para su comodidad. Tambi\u00e9n puede realizar actividades opcionales como snorkel para descubrir la vibrante vida marina, voley playa o simplemente pasear por la costa.<\/p>\n<p>La comida:<\/p>\n<p>Disfrute de un delicioso almuerzo dominicano tipo buf\u00e9 servido en la misma playa. El men\u00fa suele incluir una variedad de carnes a la parrilla, marisco fresco, ensaladas, arroz, pasta y frutas locales. Tambi\u00e9n se ofrecen bebidas refrescantes como refrescos, ron y cerveza.<\/p>\n<p>Tiempo libre:<\/p>\n<p>Despu\u00e9s de comer, dispondr\u00e1 de m\u00e1s tiempo para relajarse y tomar el sol, nadar o explorar la isla a su ritmo. El sereno entorno ofrece el tel\u00f3n de fondo perfecto para relajarse y disfrutar de la naturaleza.<\/p>\n<p>Regreso a Punta Cana:<\/p>\n<p>Por la tarde, embarque para regresar a Bayahibe. Dependiendo de su excursi\u00f3n, podr\u00e1 regresar en catamar\u00e1n, disfrutando de m\u00fasica, baile y un ambiente festivo a bordo. A su llegada a Bayahibe, ser\u00e1 trasladado de vuelta a su hotel en Punta Cana.<\/p>","protected":false},"excerpt":{"rendered":"<div data-track=\"overview\" data-v-83a2b402=\"\">\n<section id=\"activity-overview\" class=\"activity-overview\" data-component=\"overview\" data-v-83a2b402=\"\" data-v-f3236c42=\"\">\n<p class=\"activity-overview__content\" data-test-id=\"activity-overview-content\" data-v-f3236c42=\"\">Esta excursi\u00f3n es perfecta para quienes buscan playas v\u00edrgenes, aguas cristalinas y la vibrante cultura del Caribe.<\/p>\n<\/section>\n<\/div>\n<div data-track=\"key-details\" data-v-83a2b402=\"\"><\/div>","protected":false},"featured_media":16070,"template":"","meta":[],"product_brand":[],"product_cat":[97,98],"product_tag":[101,102],"class_list":{"0":"post-17542","1":"product","2":"type-product","3":"status-publish","4":"has-post-thumbnail","6":"product_cat-dominican-republic","7":"product_cat-saona-island","8":"product_tag-excursion","9":"product_tag-tour","11":"first","12":"instock","13":"sale","14":"shipping-taxable","15":"product-type-external"},"_links":{"self":[{"href":"https:\/\/placessites.com\/es\/wp-json\/wp\/v2\/product\/17542","targetHints":{"allow":["GET"]}}],"collection":[{"href":"https:\/\/placessites.com\/es\/wp-json\/wp\/v2\/product"}],"about":[{"href":"https:\/\/placessites.com\/es\/wp-json\/wp\/v2\/types\/product"}],"wp:featuredmedia":[{"embeddable":true,"href":"https:\/\/placessites.com\/es\/wp-json\/wp\/v2\/media\/16070"}],"wp:attachment":[{"href":"https:\/\/placessites.com\/es\/wp-json\/wp\/v2\/media?parent=17542"}],"wp:term":[{"taxonomy":"product_brand","embeddable":true,"href":"https:\/\/placessites.com\/es\/wp-json\/wp\/v2\/product_brand?post=17542"},{"taxonomy":"product_cat","embeddable":true,"href":"https:\/\/placessites.com\/es\/wp-json\/wp\/v2\/product_cat?post=17542"},{"taxonomy":"product_tag","embeddable":true,"href":"https:\/\/placessites.com\/es\/wp-json\/wp\/v2\/product_tag?post=17542"}],"curies":[{"name":"wp","href":"https:\/\/api.w.org\/{rel}","templated":true}]}}