{"id":17281,"date":"2025-12-18T14:30:16","date_gmt":"2025-12-18T14:30:16","guid":{"rendered":"https:\/\/placessites.com\/?post_type=product&#038;p=17281"},"modified":"2026-02-14T04:03:19","modified_gmt":"2026-02-14T04:03:19","slug":"isla-saona-dia-increible-con-buffet-desde-punta-cana","status":"publish","type":"product","link":"https:\/\/placessites.com\/es\/visita\/isla-saona-dia-increible-con-buffet-desde-punta-cana\/","title":{"rendered":"Isla Saona: D\u00eda incre\u00edble Con buffet desde Punta Cana"},"content":{"rendered":"<h2>Isla Saona: D\u00eda incre\u00edble Con buffet desde Punta Cana<\/h2>\n<p>Enclavado en el espectacular Parque Nacional del Este se encuentra un destino extraordinario rebosante de impresionante belleza natural. Aqu\u00ed podr\u00e1 sumergirse en un ecosistema diverso de manglares, vibrantes arrecifes de coral e impresionantes playas como Palmilla, famosa por sus suaves arenas doradas que brillan bajo el sol, todo ello enmarcado por la elegante silueta de palmeras arracacha que se mecen suavemente con la brisa.<\/p>\n<p>A medida que explore, encontrar\u00e1 innumerables estrellas de mar esparcidas por las arenosas orillas, cada una de ellas una peque\u00f1a obra maestra de la naturaleza y la innegable cuidadora de este encantador lugar. La Isla Saona es una deliciosa escapada para innumerables visitantes de Punta Cana, y le garantizamos que una visita aqu\u00ed grabar\u00e1 recuerdos inolvidables en su experiencia vacacional.<\/p>\n<p>Esta id\u00edlica excursi\u00f3n es ideal para todos: familias, amigos o una escapada rom\u00e1ntica. Nada m\u00e1s poner un pie en la isla, podr\u00e1 pasear por una serena piscina natural donde las suaves aguas del mar Caribe le acariciar\u00e1n las piernas, ofreci\u00e9ndole un oasis de tranquilidad sin que las olas se estrellen contra usted.<\/p>\n<p>Adem\u00e1s, tendr\u00e1 la oportunidad de saborear deliciosas comidas junto a este para\u00edso tropical, tomar un refrescante mojito e incluso participar en animados bailes dirigidos por nuestro simp\u00e1tico equipo de animaci\u00f3n, creando momentos de alegr\u00eda y conexi\u00f3n que perdurar\u00e1n mucho tiempo despu\u00e9s de su visita.<\/p>","protected":false},"excerpt":{"rendered":"<p>Saona Island: Incredible day With buffet from Punta Cana Nestled within the spectacular Eastern National Park lies an extraordinary destination teeming with stunning natural beauty. Here, you can immerse yourself in a diverse ecosystem of mangroves, vibrant coral reefs, and stunning beaches like Palmilla, renowned for its soft, golden sands that glisten under the sun, [&hellip;]<\/p>\n","protected":false},"featured_media":17323,"template":"","meta":[],"product_brand":[],"product_cat":[97,98],"product_tag":[101,102],"class_list":{"0":"post-17281","1":"product","2":"type-product","3":"status-publish","4":"has-post-thumbnail","6":"product_cat-dominican-republic","7":"product_cat-saona-island","8":"product_tag-excursion","9":"product_tag-tour","11":"first","12":"instock","13":"sale","14":"shipping-taxable","15":"product-type-external"},"_links":{"self":[{"href":"https:\/\/placessites.com\/es\/wp-json\/wp\/v2\/product\/17281","targetHints":{"allow":["GET"]}}],"collection":[{"href":"https:\/\/placessites.com\/es\/wp-json\/wp\/v2\/product"}],"about":[{"href":"https:\/\/placessites.com\/es\/wp-json\/wp\/v2\/types\/product"}],"wp:featuredmedia":[{"embeddable":true,"href":"https:\/\/placessites.com\/es\/wp-json\/wp\/v2\/media\/17323"}],"wp:attachment":[{"href":"https:\/\/placessites.com\/es\/wp-json\/wp\/v2\/media?parent=17281"}],"wp:term":[{"taxonomy":"product_brand","embeddable":true,"href":"https:\/\/placessites.com\/es\/wp-json\/wp\/v2\/product_brand?post=17281"},{"taxonomy":"product_cat","embeddable":true,"href":"https:\/\/placessites.com\/es\/wp-json\/wp\/v2\/product_cat?post=17281"},{"taxonomy":"product_tag","embeddable":true,"href":"https:\/\/placessites.com\/es\/wp-json\/wp\/v2\/product_tag?post=17281"}],"curies":[{"name":"wp","href":"https:\/\/api.w.org\/{rel}","templated":true}]}}