{"id":17231,"date":"2025-12-18T14:28:17","date_gmt":"2025-12-18T14:28:17","guid":{"rendered":"https:\/\/placessites.com\/?post_type=product&#038;p=17231"},"modified":"2026-02-14T04:02:44","modified_gmt":"2026-02-14T04:02:44","slug":"excursion-a-la-isla-saona-de-bayahibe","status":"publish","type":"product","link":"https:\/\/placessites.com\/es\/visita\/excursion-a-la-isla-saona-de-bayahibe\/","title":{"rendered":"Bayahibe: Excursi\u00f3n a la Isla Saona"},"content":{"rendered":"<h3>Bayahibe: Excursi\u00f3n a la Isla Saona<\/h3>\n<p>Emb\u00e1rquese en un tranquilo y c\u00f3modo traslado desde su hotel en Bayahibe, donde comenzar\u00e1 su aventura embarcando en un espacioso catamar\u00e1n o en una veloz lancha. Mientras navega desde las vibrantes costas de Bayahibe, prep\u00e1rese para dejarse cautivar por las impresionantes vistas de la isla Saona, enclavada en el impresionante Parque Nacional del Este.<\/p>\n<p>Una vez en la isla, sum\u00e9rjase en la belleza pr\u00edstina de las playas de arena blanca y aguas cristalinas de color turquesa. Dedique el d\u00eda a diversas actividades divertidas: nade alegremente en el mar, baile al ritmo de la m\u00fasica y participe en juegos playeros que prometen diversi\u00f3n sin fin.<\/p>\n<p>Cuando se acerque el mediod\u00eda, deleite su paladar con una apetitosa barbacoa, cocinada a la perfecci\u00f3n, que le permitir\u00e1 saborear los sabores locales. Despu\u00e9s, t\u00f3mese su tiempo para explorar las encantadoras tiendas de recuerdos, donde podr\u00e1 encontrar souvenirs \u00fanicos para recordar su viaje, o simplemente rel\u00e1jese con un refrescante c\u00f3ctel mientras le acaricia la suave brisa marina.<\/p>\n<p>En su viaje de regreso, no olvide hacer una parada en una impresionante piscina natural, donde las aguas brillan tentadoramente, proporcionando un pintoresco tel\u00f3n de fondo para la relajaci\u00f3n y la admiraci\u00f3n. Tras un d\u00eda lleno de satisfacciones en el que se ha empapado de la encantadora atm\u00f3sfera de la isla, regresar\u00e1 al punto de partida, rejuvenecido y en paz, y disfrutar\u00e1 de un tranquilo viaje de vuelta a su hotel.<\/p>","protected":false},"excerpt":{"rendered":"<div data-track=\"overview\" data-v-83a2b402=\"\">\n<section id=\"activity-overview\" class=\"activity-overview\" data-component=\"overview\" data-v-83a2b402=\"\" data-v-f3236c42=\"\">\n<p class=\"activity-overview__content\" data-test-id=\"activity-overview-content\" data-v-f3236c42=\"\">Suba a bordo de un catamar\u00e1n (o lancha r\u00e1pida) y disfrute de la famosa isla Saona durante esta excursi\u00f3n guiada de d\u00eda completo con almuerzo a la barbacoa.<\/p>\n<\/section>\n<\/div>\n<div data-track=\"key-details\" data-v-83a2b402=\"\"><\/div>","protected":false},"featured_media":17283,"template":"","meta":[],"product_brand":[],"product_cat":[97,98],"product_tag":[101,102],"class_list":{"0":"post-17231","1":"product","2":"type-product","3":"status-publish","4":"has-post-thumbnail","6":"product_cat-dominican-republic","7":"product_cat-saona-island","8":"product_tag-excursion","9":"product_tag-tour","11":"first","12":"instock","13":"sale","14":"shipping-taxable","15":"product-type-external"},"_links":{"self":[{"href":"https:\/\/placessites.com\/es\/wp-json\/wp\/v2\/product\/17231","targetHints":{"allow":["GET"]}}],"collection":[{"href":"https:\/\/placessites.com\/es\/wp-json\/wp\/v2\/product"}],"about":[{"href":"https:\/\/placessites.com\/es\/wp-json\/wp\/v2\/types\/product"}],"wp:featuredmedia":[{"embeddable":true,"href":"https:\/\/placessites.com\/es\/wp-json\/wp\/v2\/media\/17283"}],"wp:attachment":[{"href":"https:\/\/placessites.com\/es\/wp-json\/wp\/v2\/media?parent=17231"}],"wp:term":[{"taxonomy":"product_brand","embeddable":true,"href":"https:\/\/placessites.com\/es\/wp-json\/wp\/v2\/product_brand?post=17231"},{"taxonomy":"product_cat","embeddable":true,"href":"https:\/\/placessites.com\/es\/wp-json\/wp\/v2\/product_cat?post=17231"},{"taxonomy":"product_tag","embeddable":true,"href":"https:\/\/placessites.com\/es\/wp-json\/wp\/v2\/product_tag?post=17231"}],"curies":[{"name":"wp","href":"https:\/\/api.w.org\/{rel}","templated":true}]}}