{"id":16961,"date":"2025-12-18T14:15:57","date_gmt":"2025-12-18T14:15:57","guid":{"rendered":"https:\/\/placessites.com\/?post_type=product&#038;p=16961"},"modified":"2025-12-18T14:19:23","modified_gmt":"2025-12-18T14:19:23","slug":"excursion-en-barco-de-dia-completo-a-la-isla-saona-con-almuerzo-buffet-de-bebidas","status":"publish","type":"product","link":"https:\/\/placessites.com\/es\/visita\/excursion-en-barco-de-dia-completo-a-la-isla-saona-con-almuerzo-buffet-de-bebidas\/","title":{"rendered":"Isla Saona: Excursi\u00f3n en barco de d\u00eda completo con bebidas y almuerzo buffet"},"content":{"rendered":"<h2>Isla Saona: Excursi\u00f3n en barco de d\u00eda completo con bebidas y almuerzo buffet<\/h2>\n<p>Suba a bordo de nuestra emocionante lancha r\u00e1pida y sum\u00e9rjase en la refrescante brisa del mar Caribe durante esta inolvidable aventura isle\u00f1a de d\u00eda completo. Imag\u00ednese en la impresionante isla Saona, tomando el sol y refresc\u00e1ndose con un ba\u00f1o en una piscina natural en medio de la vasta extensi\u00f3n del mar.<\/p>\n<p>Nuestro viaje comienza en el impresionante Parque Nacional de Cotubanam\u00e1, que marca el tono de un d\u00eda \u00e9pico. Experimente la dicha pura mientras nos aventuramos a la encantadora Palmilla, una piscina natural que promete cautivar sus sentidos. Mientras se deleita en las cristalinas aguas turquesas, nuestro equipo le servir\u00e1 deliciosas bebidas para aumentar su disfrute. Prep\u00e1rese para dejarse hechizar por las simp\u00e1ticas estrellas de mar y la fascinante vida marina que llaman a este lugar su hogar.<\/p>\n<p>A continuaci\u00f3n, le llevaremos a nuestro exclusivo club de playa de la isla, donde le esperan tres horas de puro ocio. Si prefiere relajarse en la playa virgen, darse un chapuz\u00f3n en las tentadoras aguas o participar en un emocionante partido de v\u00f3ley-playa, la elecci\u00f3n es suya. Y para satisfacer sus papilas gustativas, se servir\u00e1 un delicioso almuerzo buffet que le rejuvenecer\u00e1 para el resto de la aventura.<\/p>\n<p>Pero la emoci\u00f3n no acaba aqu\u00ed. Le tenemos preparada una deliciosa sorpresa: un sereno crucero en catamar\u00e1n por aguas tranquilas, donde podr\u00e1 empaparse del impresionante paisaje y olvidarse de sus preocupaciones. Esta experiencia id\u00edlica le har\u00e1 sentirse rejuvenecido y agradecido por haber elegido formar parte de este incre\u00edble viaje.<\/p>\n<p>As\u00ed que no dude en regalarse esta extraordinaria escapada. \u00danase a nosotros en esta persuasiva e inolvidable excursi\u00f3n por la isla, y cree recuerdos que durar\u00e1n toda la vida. Reserve ya su plaza y deje que la magia del Caribe se despliegue ante sus ojos.<\/p>","protected":false},"excerpt":{"rendered":"<div data-track=\"overview\" data-v-83a2b402=\"\">\n<section id=\"activity-overview\" class=\"activity-overview\" data-component=\"overview\" data-v-83a2b402=\"\" data-v-f3236c42=\"\">\n<p class=\"activity-overview__content\" data-test-id=\"activity-overview-content\" data-v-f3236c42=\"\">Traslado c\u00f3modo y seguro desde su hotel a Bayahibe. Viaje de ida y vuelta. Hermosas playas de aguas cristalinas en el Mar Caribe. Parque Nacional Cotubanama.<\/p>\n<\/section>\n<\/div>\n<div data-track=\"key-details\" data-v-83a2b402=\"\"><\/div>","protected":false},"featured_media":17019,"template":"","meta":[],"product_brand":[],"product_cat":[97,98],"product_tag":[101,102],"class_list":{"0":"post-16961","1":"product","2":"type-product","3":"status-publish","4":"has-post-thumbnail","6":"product_cat-dominican-republic","7":"product_cat-saona-island","8":"product_tag-excursion","9":"product_tag-tour","11":"first","12":"instock","13":"sale","14":"shipping-taxable","15":"product-type-external"},"_links":{"self":[{"href":"https:\/\/placessites.com\/es\/wp-json\/wp\/v2\/product\/16961","targetHints":{"allow":["GET"]}}],"collection":[{"href":"https:\/\/placessites.com\/es\/wp-json\/wp\/v2\/product"}],"about":[{"href":"https:\/\/placessites.com\/es\/wp-json\/wp\/v2\/types\/product"}],"wp:featuredmedia":[{"embeddable":true,"href":"https:\/\/placessites.com\/es\/wp-json\/wp\/v2\/media\/17019"}],"wp:attachment":[{"href":"https:\/\/placessites.com\/es\/wp-json\/wp\/v2\/media?parent=16961"}],"wp:term":[{"taxonomy":"product_brand","embeddable":true,"href":"https:\/\/placessites.com\/es\/wp-json\/wp\/v2\/product_brand?post=16961"},{"taxonomy":"product_cat","embeddable":true,"href":"https:\/\/placessites.com\/es\/wp-json\/wp\/v2\/product_cat?post=16961"},{"taxonomy":"product_tag","embeddable":true,"href":"https:\/\/placessites.com\/es\/wp-json\/wp\/v2\/product_tag?post=16961"}],"curies":[{"name":"wp","href":"https:\/\/api.w.org\/{rel}","templated":true}]}}