{"id":16876,"date":"2025-12-18T14:11:24","date_gmt":"2025-12-18T14:11:24","guid":{"rendered":"https:\/\/placessites.com\/?post_type=product&#038;p=16876"},"modified":"2026-02-14T03:53:35","modified_gmt":"2026-02-14T03:53:35","slug":"dia-completo-en-la-isla-catalina-desde-santo-domingo","status":"publish","type":"product","link":"https:\/\/placessites.com\/es\/visita\/dia-completo-en-la-isla-catalina-desde-santo-domingo\/","title":{"rendered":"D\u00eda completo en la Isla Catalina desde Santo Domingo"},"content":{"rendered":"<p>\u00a1\u00danase a nosotros en una estimulante aventura rebosante de emoci\u00f3n! Disfrute de dos emocionantes paradas para practicar snorkel, una a lo largo de la cautivadora pared de coral de camino a la isla Catalina y otra junto a la pr\u00edstina playa. Del\u00e9itese con un suntuoso almuerzo buffet dominicano.<\/p>\n<p>Su viaje comienza con una c\u00f3moda recogida, seguida de transporte desde Santo Domingo hasta La Marina de La Roma. All\u00ed, un barco le espera para trasladarle a la isla, con salida entre las 9:50 y las 10:00 de la ma\u00f1ana y regreso sobre las 3:00 de la tarde. Al llegar al puerto viejo de La Romana, dir\u00edjase al primer destino de buceo. No pierda la oportunidad de explorar el fascinante mundo submarino.<\/p>\n<div class=\"toggle-content__content toggle-content__content--expanded toggle-content__content--packable\" data-v-59485d64=\"\">\n<div data-test-id=\"activity-full-description-text\" data-v-5835c99c=\"\">Despu\u00e9s, dir\u00edjase a la playa privada de la Isla Catalina para disfrutar de otra inolvidable experiencia de snorkel. Tenga en cuenta que el snorkel es opcional, pero muy recomendable para una aventura mejorada.<\/div>\n<\/div>\n<div class=\"toggle-content__label-placeholder\" data-v-59485d64=\"\"><\/div>","protected":false},"excerpt":{"rendered":"<div data-track=\"overview\" data-v-83a2b402=\"\">\n<section id=\"activity-overview\" class=\"activity-overview\" data-component=\"overview\" data-v-83a2b402=\"\" data-v-f3236c42=\"\">\n<p class=\"activity-overview__content\" data-test-id=\"activity-overview-content\" data-v-f3236c42=\"\">Emb\u00e1rquese en una excursi\u00f3n de un d\u00eda desde Santo Domingo a la isla Catalina. Practique snorkel en dos lugares diferentes, disfrute de un suntuoso almuerzo buffet dominicano y rel\u00e1jese en una playa privada.<\/p>\n<\/section>\n<\/div>\n<div data-track=\"key-details\" data-v-83a2b402=\"\"><\/div>","protected":false},"featured_media":16897,"template":"","meta":[],"product_brand":[],"product_cat":[97],"product_tag":[101,102],"class_list":{"0":"post-16876","1":"product","2":"type-product","3":"status-publish","4":"has-post-thumbnail","6":"product_cat-dominican-republic","7":"product_tag-excursion","8":"product_tag-tour","10":"first","11":"instock","12":"shipping-taxable","13":"product-type-external"},"_links":{"self":[{"href":"https:\/\/placessites.com\/es\/wp-json\/wp\/v2\/product\/16876","targetHints":{"allow":["GET"]}}],"collection":[{"href":"https:\/\/placessites.com\/es\/wp-json\/wp\/v2\/product"}],"about":[{"href":"https:\/\/placessites.com\/es\/wp-json\/wp\/v2\/types\/product"}],"wp:featuredmedia":[{"embeddable":true,"href":"https:\/\/placessites.com\/es\/wp-json\/wp\/v2\/media\/16897"}],"wp:attachment":[{"href":"https:\/\/placessites.com\/es\/wp-json\/wp\/v2\/media?parent=16876"}],"wp:term":[{"taxonomy":"product_brand","embeddable":true,"href":"https:\/\/placessites.com\/es\/wp-json\/wp\/v2\/product_brand?post=16876"},{"taxonomy":"product_cat","embeddable":true,"href":"https:\/\/placessites.com\/es\/wp-json\/wp\/v2\/product_cat?post=16876"},{"taxonomy":"product_tag","embeddable":true,"href":"https:\/\/placessites.com\/es\/wp-json\/wp\/v2\/product_tag?post=16876"}],"curies":[{"name":"wp","href":"https:\/\/api.w.org\/{rel}","templated":true}]}}