{"id":16609,"date":"2025-12-18T13:59:14","date_gmt":"2025-12-18T13:59:14","guid":{"rendered":"https:\/\/placessites.com\/?post_type=product&#038;p=16609"},"modified":"2026-02-14T03:37:10","modified_gmt":"2026-02-14T03:37:10","slug":"desde-la-romana-isla-saona-para-pasajeros-de-cruceros-de-carnaval","status":"publish","type":"product","link":"https:\/\/placessites.com\/es\/visita\/desde-la-romana-isla-saona-para-pasajeros-de-cruceros-de-carnaval\/","title":{"rendered":"Desde La Romana: Isla Saona para pasajeros de Carnival Cruises"},"content":{"rendered":"<h2>Desde La Romana: Isla Saona para pasajeros de Carnival Cruises<\/h2>\n<p>Un veh\u00edculo de transporte le estar\u00e1 esperando en la parada de taxis situada a la salida del puerto de cruceros, donde se reunir\u00e1n todos los participantes de su crucero. El conductor le llevar\u00e1 a nuestra oficina de Bayahibe, punto de partida de la excursi\u00f3n.<\/p>\n<p>Prep\u00e1rese para conocer la impresionante isla Saona.<\/p>\n<p>De camino, pasaremos junto al Pe\u00f1\u00f3n, una llamativa formaci\u00f3n rocosa. Nuestro gu\u00eda de habla inglesa compartir\u00e1 con nosotros fascinantes conocimientos sobre la historia y la cultura de la zona, incluidos relatos sobre el pueblo ind\u00edgena ta\u00edno que una vez habit\u00f3 estas tierras. A medida que avanzamos, atravesaremos el fascinante bosque de manglares, un vibrante pa\u00eds de las maravillas de manglares rojos que prosperan en agua salada.<\/p>\n<p>Finalmente, \u00a1llegaremos a la isla Saona!<\/p>\n<p>Nuestra primera parada en la isla Saona ser\u00e1 la playa de Catuano, donde pasaremos 20 minutos. Este hermoso lugar es perfecto para practicar snorkel con aletas, m\u00e1scaras y tubos proporcionados. Los participantes pueden optar por relajarse en el barco mientras otros practican snorkel, seg\u00fan sus preferencias.<\/p>\n<p>Tras esta emocionante experiencia, embarcaremos de nuevo para dirigirnos a la playa de Abanico, donde disfrutaremos de un delicioso almuerzo dominicano. Una vez terminada la comida, coja un sombrero y p\u00f3ngase crema solar para darse un refrescante ba\u00f1o en las aguas turquesas de la isla Saona. Dispondr\u00e1 de aproximadamente una hora para relajarse en la playa, hacer fotos impresionantes y echarse una siesta al borde del agua.<\/p>\n<p>Para concluir el d\u00eda, visitaremos la famosa piscina natural, donde podr\u00e1 avistar hermosas estrellas de mar (nota: est\u00e1 prohibido tocarlas). Disfrute de una bebida en las aguas turquesas y poco profundas del Caribe y saboree este momento m\u00e1gico e inolvidable.<\/p>\n<p>Luego regresaremos al puerto de Bayahibe con maravillosos recuerdos, donde su transporte le estar\u00e1 esperando para llevarle de vuelta al puerto de La Romana.<\/p>","protected":false},"excerpt":{"rendered":"<p>Disfrute de una excursi\u00f3n a la Isla Saona especialmente dise\u00f1ada para pasajeros de cruceros con escala en el puerto de La Romana. S\u00fabete a un c\u00f3modo barco, disfruta de las playas de arena blanca y descubre la Piscina Natural.<\/p>\n<div data-track=\"key-details\" data-v-83a2b402=\"\"><\/div>","protected":false},"featured_media":16646,"template":"","meta":[],"product_brand":[],"product_cat":[97,98],"product_tag":[101,102],"class_list":{"0":"post-16609","1":"product","2":"type-product","3":"status-publish","4":"has-post-thumbnail","6":"product_cat-dominican-republic","7":"product_cat-saona-island","8":"product_tag-excursion","9":"product_tag-tour","11":"first","12":"instock","13":"sale","14":"shipping-taxable","15":"product-type-external"},"_links":{"self":[{"href":"https:\/\/placessites.com\/es\/wp-json\/wp\/v2\/product\/16609","targetHints":{"allow":["GET"]}}],"collection":[{"href":"https:\/\/placessites.com\/es\/wp-json\/wp\/v2\/product"}],"about":[{"href":"https:\/\/placessites.com\/es\/wp-json\/wp\/v2\/types\/product"}],"wp:featuredmedia":[{"embeddable":true,"href":"https:\/\/placessites.com\/es\/wp-json\/wp\/v2\/media\/16646"}],"wp:attachment":[{"href":"https:\/\/placessites.com\/es\/wp-json\/wp\/v2\/media?parent=16609"}],"wp:term":[{"taxonomy":"product_brand","embeddable":true,"href":"https:\/\/placessites.com\/es\/wp-json\/wp\/v2\/product_brand?post=16609"},{"taxonomy":"product_cat","embeddable":true,"href":"https:\/\/placessites.com\/es\/wp-json\/wp\/v2\/product_cat?post=16609"},{"taxonomy":"product_tag","embeddable":true,"href":"https:\/\/placessites.com\/es\/wp-json\/wp\/v2\/product_tag?post=16609"}],"curies":[{"name":"wp","href":"https:\/\/api.w.org\/{rel}","templated":true}]}}