{"id":16561,"date":"2025-12-18T13:57:02","date_gmt":"2025-12-18T13:57:02","guid":{"rendered":"https:\/\/placessites.com\/?post_type=product&#038;p=16561"},"modified":"2026-02-14T03:36:35","modified_gmt":"2026-02-14T03:36:35","slug":"desde-punta-cana-isla-saona-excursion-de-dia-completo-c-comida-bebidas","status":"publish","type":"product","link":"https:\/\/placessites.com\/es\/visita\/desde-punta-cana-isla-saona-excursion-de-dia-completo-c-comida-bebidas\/","title":{"rendered":"Desde Punta Cana: Excursi\u00f3n de d\u00eda completo a la Isla Saona con comida y bebida"},"content":{"rendered":"<h2>Desde Punta Cana: Excursi\u00f3n de d\u00eda completo a la Isla Saona con comida y bebida<\/h2>\n<p>Disfrute de una emocionante excursi\u00f3n de un d\u00eda a la isla Saona, donde podr\u00e1 relajarse en un catamar\u00e1n, descansar en una impresionante playa y saborear un delicioso almuerzo buf\u00e9 de cocina local.<\/p>\n<p>El d\u00eda comienza con la recogida en el hotel y el traslado en autob\u00fas a Bayahibe. Por el camino, tendr\u00e1 la oportunidad de parar y comprar recuerdos. Al llegar a Bayahibe, embarcar\u00e1 en una lancha r\u00e1pida que le llevar\u00e1 a la isla Saona.<\/p>\n<p>Durante la excursi\u00f3n, tendr\u00e1 la oportunidad de ba\u00f1arse en una hermosa piscina natural antes de continuar su viaje hasta la isla. Una vez all\u00ed, disfrutar\u00e1 de tres horas de tiempo libre en la playa, nadando y disfrutando de un almuerzo buffet. Tras un d\u00eda de relax, regresar\u00e1 a Bayahibe en un lujoso catamar\u00e1n y volver\u00e1 a su hotel para concluir la excursi\u00f3n.<\/p>\n<div class=\"toggle-content__label-placeholder\" data-v-59485d64=\"\"><\/div>","protected":false},"excerpt":{"rendered":"<div data-track=\"overview\" data-v-83a2b402=\"\">\n<section id=\"activity-overview\" class=\"activity-overview\" data-component=\"overview\" data-v-83a2b402=\"\" data-v-f3236c42=\"\">\n<p class=\"activity-overview__content\" data-test-id=\"activity-overview-content\" data-v-f3236c42=\"\">Explore la isla Saona y contemple algunas de las bellas vistas que ofrece la isla. B\u00e1\u00f1ese en piscinas naturales, disfrute de tiempo en la playa, rel\u00e1jese en un catamar\u00e1n y almuerce en un buf\u00e9 con comida dominicana.<\/p>\n<\/section>\n<\/div>\n<div data-track=\"key-details\" data-v-83a2b402=\"\"><\/div>","protected":false},"featured_media":16594,"template":"","meta":[],"product_brand":[],"product_cat":[97,98],"product_tag":[101,102],"class_list":{"0":"post-16561","1":"product","2":"type-product","3":"status-publish","4":"has-post-thumbnail","6":"product_cat-dominican-republic","7":"product_cat-saona-island","8":"product_tag-excursion","9":"product_tag-tour","11":"first","12":"instock","13":"sale","14":"shipping-taxable","15":"product-type-external"},"_links":{"self":[{"href":"https:\/\/placessites.com\/es\/wp-json\/wp\/v2\/product\/16561","targetHints":{"allow":["GET"]}}],"collection":[{"href":"https:\/\/placessites.com\/es\/wp-json\/wp\/v2\/product"}],"about":[{"href":"https:\/\/placessites.com\/es\/wp-json\/wp\/v2\/types\/product"}],"wp:featuredmedia":[{"embeddable":true,"href":"https:\/\/placessites.com\/es\/wp-json\/wp\/v2\/media\/16594"}],"wp:attachment":[{"href":"https:\/\/placessites.com\/es\/wp-json\/wp\/v2\/media?parent=16561"}],"wp:term":[{"taxonomy":"product_brand","embeddable":true,"href":"https:\/\/placessites.com\/es\/wp-json\/wp\/v2\/product_brand?post=16561"},{"taxonomy":"product_cat","embeddable":true,"href":"https:\/\/placessites.com\/es\/wp-json\/wp\/v2\/product_cat?post=16561"},{"taxonomy":"product_tag","embeddable":true,"href":"https:\/\/placessites.com\/es\/wp-json\/wp\/v2\/product_tag?post=16561"}],"curies":[{"name":"wp","href":"https:\/\/api.w.org\/{rel}","templated":true}]}}