{"id":16460,"date":"2025-12-18T13:51:56","date_gmt":"2025-12-18T13:51:56","guid":{"rendered":"https:\/\/placessites.com\/?post_type=product&#038;p=16460"},"modified":"2026-02-14T03:33:33","modified_gmt":"2026-02-14T03:33:33","slug":"excursion-a-la-isla-saona-con-almuerzo-desde-santo-domingo","status":"publish","type":"product","link":"https:\/\/placessites.com\/es\/visita\/excursion-a-la-isla-saona-con-almuerzo-desde-santo-domingo\/","title":{"rendered":"Excursi\u00f3n a la Isla Saona con almuerzo desde Santo Domingo"},"content":{"rendered":"<div class=\"toggle-content__content toggle-content__content--expanded toggle-content__content--packable\" data-v-59485d64=\"\">\n<div data-test-id=\"activity-full-description-text\" data-v-5835c99c=\"\">\n<p>Excursi\u00f3n a la Isla Saona con almuerzo desde Santo Domingo<\/p>\n<p>Emb\u00e1rquese en un viaje impresionante con nuestra excursi\u00f3n a la isla Saona, donde le espera el encantador Caribe. Saliendo desde el encantador pueblo de Bayahibe, su aventura comienza con emocionantes paseos en lancha r\u00e1pida y catamar\u00e1n que le llevar\u00e1n a trav\u00e9s de las brillantes aguas turquesas, rodeado de espectaculares paisajes costeros y la suave brisa marina.<\/p>\n<p>Al llegar a la isla Saona, prep\u00e1rese para zambullirse en la exquisita Piscina Natural, un impresionante oasis situado entre la isla y Bayahibe. Las aguas cristalinas de la piscina son perfectas para un ba\u00f1o refrescante, donde podr\u00e1 maravillarse con la vibrante vida marina bajo la superficie.<\/p>\n<p>Una vez que llegue a la isla Saona, d\u00e9 un paseo por sus inmaculadas playas, donde la suave arena blanca se encuentra con el mar azul. Aqu\u00ed tendr\u00e1 la oportunidad de recoger conchas \u00fanicas, cada una un peque\u00f1o tesoro de la naturaleza. Disfrute de un suntuoso almuerzo buf\u00e9 al estilo dominicano, con una gran variedad de platos locales, mientras disfruta de las impresionantes vistas del oc\u00e9ano y las palmeras.<\/p>\n<p>A medida que transcurre el d\u00eda, vuelva a subir a bordo del catamar\u00e1n, donde el ambiente se transforma en una animada fiesta bailable. Levante una copa en la barra libre mientras celebra un d\u00eda lleno de diversi\u00f3n, relajaci\u00f3n y la rica cultura del Caribe.<\/p>\n<p>No se pierda esta inolvidable escapada al para\u00edso: \u00a1reserve ya su excursi\u00f3n a la isla Saona para vivir una experiencia realmente m\u00e1gica!<\/p>\n<\/div>\n<\/div>","protected":false},"excerpt":{"rendered":"<div data-track=\"overview\" data-v-83a2b402=\"\">\n<section id=\"activity-overview\" class=\"activity-overview\" data-component=\"overview\" data-v-83a2b402=\"\" data-v-f3236c42=\"\">\n<p class=\"activity-overview__content\" data-test-id=\"activity-overview-content\" data-v-f3236c42=\"\">Emb\u00e1rcate en un emocionante viaje a la isla Saona, donde cruzar\u00e1s a toda velocidad el mar Caribe.<\/p>\n<\/section>\n<\/div>\n<div data-track=\"key-details\" data-v-83a2b402=\"\"><\/div>","protected":false},"featured_media":16472,"template":"","meta":[],"product_brand":[],"product_cat":[97,98],"product_tag":[101,102],"class_list":{"0":"post-16460","1":"product","2":"type-product","3":"status-publish","4":"has-post-thumbnail","6":"product_cat-dominican-republic","7":"product_cat-saona-island","8":"product_tag-excursion","9":"product_tag-tour","11":"first","12":"instock","13":"sale","14":"shipping-taxable","15":"product-type-external"},"_links":{"self":[{"href":"https:\/\/placessites.com\/es\/wp-json\/wp\/v2\/product\/16460","targetHints":{"allow":["GET"]}}],"collection":[{"href":"https:\/\/placessites.com\/es\/wp-json\/wp\/v2\/product"}],"about":[{"href":"https:\/\/placessites.com\/es\/wp-json\/wp\/v2\/types\/product"}],"wp:featuredmedia":[{"embeddable":true,"href":"https:\/\/placessites.com\/es\/wp-json\/wp\/v2\/media\/16472"}],"wp:attachment":[{"href":"https:\/\/placessites.com\/es\/wp-json\/wp\/v2\/media?parent=16460"}],"wp:term":[{"taxonomy":"product_brand","embeddable":true,"href":"https:\/\/placessites.com\/es\/wp-json\/wp\/v2\/product_brand?post=16460"},{"taxonomy":"product_cat","embeddable":true,"href":"https:\/\/placessites.com\/es\/wp-json\/wp\/v2\/product_cat?post=16460"},{"taxonomy":"product_tag","embeddable":true,"href":"https:\/\/placessites.com\/es\/wp-json\/wp\/v2\/product_tag?post=16460"}],"curies":[{"name":"wp","href":"https:\/\/api.w.org\/{rel}","templated":true}]}}