{"id":16419,"date":"2025-12-18T13:50:07","date_gmt":"2025-12-18T13:50:07","guid":{"rendered":"https:\/\/placessites.com\/?post_type=product&#038;p=16419"},"modified":"2026-02-14T03:32:16","modified_gmt":"2026-02-14T03:32:16","slug":"todo-incluido-excursion-de-un-dia-a-la-isla-saona-desde-punta-cana","status":"publish","type":"product","link":"https:\/\/placessites.com\/es\/visita\/todo-incluido-excursion-de-un-dia-a-la-isla-saona-desde-punta-cana\/","title":{"rendered":"Excursi\u00f3n de un d\u00eda con todo incluido a la Isla Saona desde Punta Cana"},"content":{"rendered":"<h2>Excursi\u00f3n de un d\u00eda con todo incluido a la Isla Saona desde Punta Cana<\/h2>\n<p>Emb\u00e1rquese en un viaje inolvidable a la isla Saona, donde le espera la belleza pr\u00edstina de la Rep\u00fablica Dominicana en una excursi\u00f3n de d\u00eda completo desde Bayahibe. Este para\u00edso es un remanso de playas ba\u00f1adas por el sol, aguas cristalinas de color turquesa y exuberantes palmeras, perfecto para aquellos que buscan escapar y sumergirse en la naturaleza.<\/p>\n<p>Su aventura comienza al subir a bordo de una elegante lancha r\u00e1pida que le llevar\u00e1 por el resplandeciente mar Caribe hacia la isla Saona. Sienta la refrescante brisa sobre su piel mientras navega sobre las olas, disfrutando de las impresionantes vistas de la costa y de los vibrantes horizontes azules.<\/p>\n<p>A su llegada, se encontrar\u00e1 en un oasis tropical. Rel\u00e1jese c\u00f3modamente en una tumbona de playa, tome el c\u00e1lido sol o beba su bebida tropical favorita en el chiringuito con todo incluido. Para los que buscan un poco de emoci\u00f3n, \u00fanase a un partido amistoso de voley playa en las suaves y doradas arenas de la Isla Saona Todo Incluido.<\/p>\n<p>Cuando se le abra el apetito de tanta diversi\u00f3n, re\u00fanase para disfrutar de un delicioso almuerzo tradicional dominicano. Del\u00e9itese con un sabroso fest\u00edn de tierno pollo, suculento cerdo, arom\u00e1tico arroz, verduras frescas, abundantes jud\u00edas, crujiente ensalada y un surtido de jugosas frutas tropicales, todo preparado para deleitar su paladar.<\/p>\n<p>Ninguna visita a la Isla Saona est\u00e1 completa sin una parada en la encantadora piscina natural de Playa Palmilla. Un oasis de serenidad a unos 200 \u00f3 300 metros de la orilla, este tranquilo lugar cuenta con aguas poco profundas perfectas para vadear, donde podr\u00e1 sentir el suave chapoteo de las olas. Rodeado de un paisaje pintoresco, es el lugar ideal para capturar impresionantes fotos y crear recuerdos imborrables de esta experiencia: <a href=\"https:\/\/bookingadventures.tours\/booking.php?slug=Punta_Cana_Catamaran_Boat_to_Saona_Island_with_Buffet_Lunch\" target=\"_blank\" rel=\"noopener\">Todo incluido en la Isla Saona.<\/a><\/p>\n<p>En este entorno id\u00edlico, la combinaci\u00f3n de una belleza impresionante y un clima perfecto invita a relajarse y saborear cada momento del d\u00eda en la isla Saona.<\/p>","protected":false},"excerpt":{"rendered":"<div data-track=\"overview\" data-v-83a2b402=\"\">\n<section id=\"activity-overview\" class=\"activity-overview\" data-component=\"overview\" data-v-83a2b402=\"\" data-v-f3236c42=\"\">\n<p class=\"activity-overview__content\" data-test-id=\"activity-overview-content\" data-v-f3236c42=\"\">Disfrute de una excursi\u00f3n de un d\u00eda a la isla Saona desde LUGAR. Rel\u00e1jese en la playa, juegue al voley playa y disfrute de un almuerzo buffet t\u00edpico dominicano con pollo, cerdo, arroz y mucho m\u00e1s.<\/p>\n<\/section>\n<\/div>\n<div data-track=\"key-details\" data-v-83a2b402=\"\"><\/div>","protected":false},"featured_media":16430,"template":"","meta":[],"product_brand":[],"product_cat":[97,98],"product_tag":[101,102],"class_list":{"0":"post-16419","1":"product","2":"type-product","3":"status-publish","4":"has-post-thumbnail","6":"product_cat-dominican-republic","7":"product_cat-saona-island","8":"product_tag-excursion","9":"product_tag-tour","11":"first","12":"instock","13":"sale","14":"shipping-taxable","15":"product-type-external"},"_links":{"self":[{"href":"https:\/\/placessites.com\/es\/wp-json\/wp\/v2\/product\/16419","targetHints":{"allow":["GET"]}}],"collection":[{"href":"https:\/\/placessites.com\/es\/wp-json\/wp\/v2\/product"}],"about":[{"href":"https:\/\/placessites.com\/es\/wp-json\/wp\/v2\/types\/product"}],"wp:featuredmedia":[{"embeddable":true,"href":"https:\/\/placessites.com\/es\/wp-json\/wp\/v2\/media\/16430"}],"wp:attachment":[{"href":"https:\/\/placessites.com\/es\/wp-json\/wp\/v2\/media?parent=16419"}],"wp:term":[{"taxonomy":"product_brand","embeddable":true,"href":"https:\/\/placessites.com\/es\/wp-json\/wp\/v2\/product_brand?post=16419"},{"taxonomy":"product_cat","embeddable":true,"href":"https:\/\/placessites.com\/es\/wp-json\/wp\/v2\/product_cat?post=16419"},{"taxonomy":"product_tag","embeddable":true,"href":"https:\/\/placessites.com\/es\/wp-json\/wp\/v2\/product_tag?post=16419"}],"curies":[{"name":"wp","href":"https:\/\/api.w.org\/{rel}","templated":true}]}}