{"id":16368,"date":"2025-12-18T13:47:46","date_gmt":"2025-12-18T13:47:46","guid":{"rendered":"https:\/\/placessites.com\/?post_type=product&#038;p=16368"},"modified":"2026-02-14T03:31:02","modified_gmt":"2026-02-14T03:31:02","slug":"santo-domingo-isla-saona-excursion-de-dia-completo-todo-incluido","status":"publish","type":"product","link":"https:\/\/placessites.com\/es\/visita\/santo-domingo-isla-saona-excursion-de-dia-completo-todo-incluido\/","title":{"rendered":"Santo Domingo: Excursi\u00f3n de d\u00eda completo a la Isla Saona con todo incluido"},"content":{"rendered":"<h2>Santo Domingo: Excursi\u00f3n de d\u00eda completo a la Isla Saona con todo incluido<\/h2>\n<p>La isla Saona, una impresionante joya dentro del Parque Nacional del Este, ofrece una experiencia incomparable de la belleza de la naturaleza. Este encantador destino exhibe exuberantes manglares, vibrantes arrecifes de coral y playas v\u00edrgenes, como la renombrada Palmilla. Las arenas de Palmilla son de un llamativo tono amarillo, creando un bello contraste con las aguas turquesas y las altas palmeras araucarias que se mecen suavemente con la brisa.<\/p>\n<p>Al explorar este para\u00edso tropical, encontrar\u00e1 una gran variedad de estrellas de mar esparcidas por la orilla y enclavadas en las aguas poco profundas. Estas coloridas criaturas son abundantes y a menudo se las considera las verdaderas reinas de la isla Saona, lo que las convierte en un espect\u00e1culo encantador para los visitantes.<\/p>\n<p>Muchos viajeros a Punta Cana consideran la excursi\u00f3n a la Isla Saona como el punto culminante de su viaje, y estamos seguros de que su visita crear\u00e1 recuerdos duraderos que atesorar\u00e1 mucho despu\u00e9s de que terminen sus vacaciones. La excursi\u00f3n est\u00e1 dise\u00f1ada para que todos puedan disfrutarla, tanto si viaja con adultos, ni\u00f1os, amigos o con su pareja en busca de una escapada rom\u00e1ntica para esta excursi\u00f3n de un d\u00eda.<\/p>\n<p>Una vez en la isla, tendr\u00e1 la oportunidad de sumergirse en las relajantes aguas de una piscina natural en el mar Caribe. Sin olas que perturben la serenidad del entorno, las aguas son tranquilas y poco profundas, por lo general s\u00f3lo llegan hasta las rodillas, lo que las hace perfectas para relajarse y jugar.<\/p>\n<p>Adem\u00e1s del impresionante paisaje, podr\u00e1 deleitarse con la deliciosa cocina local mientras cena junto a las impresionantes vistas del oc\u00e9ano. Imag\u00ednese saboreando una comida fresca, tomando un refrescante mojito y empap\u00e1ndose del calor del sol. La diversi\u00f3n contin\u00faa con nuestro animado equipo de animaci\u00f3n, que le animar\u00e1 a bailar y a participar en divertidas actividades, asegur\u00e1ndose de que su d\u00eda en la isla Saona est\u00e9 lleno de alegr\u00eda y emoci\u00f3n en todo momento.<\/p>","protected":false},"excerpt":{"rendered":"<div data-track=\"overview\" data-v-83a2b402=\"\">\n<section id=\"activity-overview\" class=\"activity-overview\" data-component=\"overview\" data-v-83a2b402=\"\" data-v-f3236c42=\"\">\n<p class=\"activity-overview__content\" data-test-id=\"activity-overview-content\" data-v-f3236c42=\"\">Disfrute de la isla Saona con esta excursi\u00f3n de un d\u00eda con todo incluido desde Santo Domingo, donde almorzar\u00e1, dar\u00e1 un paseo en catamar\u00e1n y visitar\u00e1 varios lugares por el camino, como la Laguna Azul.<\/p>\n<\/section>\n<\/div>\n<div data-track=\"key-details\" data-v-83a2b402=\"\"><\/div>","protected":false},"featured_media":16381,"template":"","meta":[],"product_brand":[],"product_cat":[97,98],"product_tag":[101,102],"class_list":{"0":"post-16368","1":"product","2":"type-product","3":"status-publish","4":"has-post-thumbnail","6":"product_cat-dominican-republic","7":"product_cat-saona-island","8":"product_tag-excursion","9":"product_tag-tour","11":"first","12":"instock","13":"sale","14":"shipping-taxable","15":"product-type-external"},"_links":{"self":[{"href":"https:\/\/placessites.com\/es\/wp-json\/wp\/v2\/product\/16368","targetHints":{"allow":["GET"]}}],"collection":[{"href":"https:\/\/placessites.com\/es\/wp-json\/wp\/v2\/product"}],"about":[{"href":"https:\/\/placessites.com\/es\/wp-json\/wp\/v2\/types\/product"}],"wp:featuredmedia":[{"embeddable":true,"href":"https:\/\/placessites.com\/es\/wp-json\/wp\/v2\/media\/16381"}],"wp:attachment":[{"href":"https:\/\/placessites.com\/es\/wp-json\/wp\/v2\/media?parent=16368"}],"wp:term":[{"taxonomy":"product_brand","embeddable":true,"href":"https:\/\/placessites.com\/es\/wp-json\/wp\/v2\/product_brand?post=16368"},{"taxonomy":"product_cat","embeddable":true,"href":"https:\/\/placessites.com\/es\/wp-json\/wp\/v2\/product_cat?post=16368"},{"taxonomy":"product_tag","embeddable":true,"href":"https:\/\/placessites.com\/es\/wp-json\/wp\/v2\/product_tag?post=16368"}],"curies":[{"name":"wp","href":"https:\/\/api.w.org\/{rel}","templated":true}]}}