{"id":15718,"date":"2025-12-18T13:18:20","date_gmt":"2025-12-18T13:18:20","guid":{"rendered":"https:\/\/placessites.com\/?post_type=product&#038;p=15718"},"modified":"2026-02-14T02:33:53","modified_gmt":"2026-02-14T02:33:53","slug":"excursion-en-catamaran-a-la-isla-saona-con-todo-incluido","status":"publish","type":"product","link":"https:\/\/placessites.com\/es\/visita\/excursion-en-catamaran-a-la-isla-saona-con-todo-incluido\/","title":{"rendered":"Isla Saona: Excursi\u00f3n en Catamar\u00e1n a la Isla Saona Todo Incluido"},"content":{"rendered":"<p>Isla Saona: Excursi\u00f3n en Catamar\u00e1n a la Isla Saona Todo Incluido<\/p>\n<p>En esta excursi\u00f3n a la Isla Saona, vivir\u00e1 una experiencia \u00fanica que le transportar\u00e1 a un para\u00edso tropical en el coraz\u00f3n del Caribe. La isla Saona es conocida por sus playas de arena blanca, aguas cristalinas e impresionantes paisajes.<\/p>\n<p>Comience un emocionante viaje con una recogida y traslado a Bayahibe, donde comenzar\u00e1 su emocionante aventura. En Bayahibe, subir\u00e1 a bordo de un catamar\u00e1n donde comenzar\u00e1 esta maravillosa aventura.<\/p>\n<p>En su recorrido, har\u00e1 una pausa para sumergirse en una tranquila piscina natural de aguas cristalinas y poca profundidad, hogar de grandes estrellas de mar.<\/p>\n<p>Una vez que llegue a la isla Saona, tendr\u00e1 libertad para elegir entre varias actividades. Podr\u00e1 sumergirse en las aguas turquesas, disfrutar de la barra libre, relajarse en las hamacas de la playa, dar un paseo por la orilla o participar en un animado partido de voleibol.<\/p>\n<div class=\"toggle-content__content toggle-content__content--expanded toggle-content__content--packable\" data-v-59485d64=\"\">\n<div data-test-id=\"activity-full-description-text\" data-v-5835c99c=\"\">Se deleitar\u00e1 con un almuerzo tradicional dominicano que incluir\u00e1 deliciosas opciones como pollo, cerdo, arroz, jud\u00edas, ensalada y fruta fresca.<\/div>\n<\/div>\n<div class=\"toggle-content__label-placeholder\" data-v-59485d64=\"\"><\/div>","protected":false},"excerpt":{"rendered":"<div data-track=\"overview\" data-v-83a2b402=\"\">\n<section id=\"activity-overview\" class=\"activity-overview\" data-component=\"overview\" data-v-83a2b402=\"\" data-v-f3236c42=\"\">\n<p class=\"activity-overview__content\" data-test-id=\"activity-overview-content\" data-v-f3236c42=\"\">Viva la maravillosa experiencia de la Isla Saona, esta es la excursi\u00f3n m\u00e1s popular de la Rep\u00fablica Dominicana. Emb\u00e1rcate en un crucero de aventura, disfruta de una playa de arena blanca y piscina natural.<\/p>\n<\/section>\n<\/div>\n<div data-track=\"key-details\" data-v-83a2b402=\"\"><\/div>","protected":false},"featured_media":15914,"template":"","meta":[],"product_brand":[],"product_cat":[97,98],"product_tag":[101,102],"class_list":{"0":"post-15718","1":"product","2":"type-product","3":"status-publish","4":"has-post-thumbnail","6":"product_cat-dominican-republic","7":"product_cat-saona-island","8":"product_tag-excursion","9":"product_tag-tour","11":"first","12":"instock","13":"sale","14":"shipping-taxable","15":"product-type-external"},"_links":{"self":[{"href":"https:\/\/placessites.com\/es\/wp-json\/wp\/v2\/product\/15718","targetHints":{"allow":["GET"]}}],"collection":[{"href":"https:\/\/placessites.com\/es\/wp-json\/wp\/v2\/product"}],"about":[{"href":"https:\/\/placessites.com\/es\/wp-json\/wp\/v2\/types\/product"}],"wp:featuredmedia":[{"embeddable":true,"href":"https:\/\/placessites.com\/es\/wp-json\/wp\/v2\/media\/15914"}],"wp:attachment":[{"href":"https:\/\/placessites.com\/es\/wp-json\/wp\/v2\/media?parent=15718"}],"wp:term":[{"taxonomy":"product_brand","embeddable":true,"href":"https:\/\/placessites.com\/es\/wp-json\/wp\/v2\/product_brand?post=15718"},{"taxonomy":"product_cat","embeddable":true,"href":"https:\/\/placessites.com\/es\/wp-json\/wp\/v2\/product_cat?post=15718"},{"taxonomy":"product_tag","embeddable":true,"href":"https:\/\/placessites.com\/es\/wp-json\/wp\/v2\/product_tag?post=15718"}],"curies":[{"name":"wp","href":"https:\/\/api.w.org\/{rel}","templated":true}]}}