{"id":15677,"date":"2025-12-18T13:15:58","date_gmt":"2025-12-18T13:15:58","guid":{"rendered":"https:\/\/placessites.com\/?post_type=product&#038;p=15677"},"modified":"2026-02-14T02:31:50","modified_gmt":"2026-02-14T02:31:50","slug":"bavaro-isla-saona-vip-speedboat-tour-con-barra-libre","status":"publish","type":"product","link":"https:\/\/placessites.com\/es\/visita\/bavaro-isla-saona-vip-speedboat-tour-con-barra-libre\/","title":{"rendered":"Bavaro: Excursi\u00f3n VIP en lancha r\u00e1pida por la Isla Saona con barra libre"},"content":{"rendered":"<p>B\u00e1varo: Disfrute de la exclusiva excursi\u00f3n VIP en lancha r\u00e1pida a la isla Saona con barra libre<\/p>\n<p>\u00bfAlguna vez ha imaginado pasear solo por una playa impresionante, con interminables extensiones de arena dorada brillando bajo el sol?<\/p>\n<p>Esta extraordinaria actividad est\u00e1 dise\u00f1ada para escapar del ajetreo y el bullicio de los t\u00edpicos lugares tur\u00edsticos, permiti\u00e9ndole sumergirse en la tranquilidad de la naturaleza. Acomp\u00e1\u00f1enos en esta exclusiva excursi\u00f3n a la isla Saona, donde descubrir\u00e1 algunas de las playas m\u00e1s impresionantes de la regi\u00f3n.<\/p>\n<p>Como parte de esta encantadora excursi\u00f3n, tendr\u00e1 la oportunidad de relajarse en las pintorescas costas, explorar un encantador pueblo pesquero tradicional y sumergirse en las refrescantes y cristalinas aguas para disfrutar de una inolvidable experiencia de snorkel. Marav\u00edllese con la vibrante vida submarina y t\u00f3mese un momento para tomar el sol en las piscinas naturales llenas de estrellas de mar, creando perfectas oportunidades fotogr\u00e1ficas.<\/p>\n<p>Antes de finalizar su reserva, t\u00f3mese un momento para decidir entre la opci\u00f3n Low Cost o VIP, cada una de ellas adaptada con caracter\u00edsticas \u00fanicas y detalles de itinerario que se adaptan a sus preferencias.<\/p>\n<p>A lo largo del d\u00eda, del\u00e9itese con un delicioso almuerzo con sabores locales y aperitivos fr\u00edos para mantenerse con energ\u00eda mientras disfruta del sol y el mar. Sacia tu sed con una variedad de bebidas y refrescos gratuitos disponibles en el bar abierto.<\/p>\n<p>Prep\u00e1rese para un d\u00eda lleno de aventura y relajaci\u00f3n en la id\u00edlica isla Saona. \u00a1Estamos deseando darle la bienvenida a una experiencia inolvidable!<\/p>","protected":false},"excerpt":{"rendered":"<div data-track=\"overview\" data-v-83a2b402=\"\">\n<section id=\"activity-overview\" class=\"activity-overview\" data-component=\"overview\" data-v-83a2b402=\"\" data-v-f3236c42=\"\">\n<p class=\"activity-overview__content\" data-test-id=\"activity-overview-content\" data-v-f3236c42=\"\">La excursi\u00f3n a la Isla Saona le llevar\u00e1 a uno de los destinos m\u00e1s paradis\u00edacos de la Rep\u00fablica Dominicana. Este tour es ideal para aquellos que buscan relajarse y disfrutar de playas espectaculares.<\/p>\n<\/section>\n<\/div>\n<div data-track=\"key-details\" data-v-83a2b402=\"\"><\/div>","protected":false},"featured_media":15871,"template":"","meta":[],"product_brand":[],"product_cat":[97,98],"product_tag":[101,102],"class_list":{"0":"post-15677","1":"product","2":"type-product","3":"status-publish","4":"has-post-thumbnail","6":"product_cat-dominican-republic","7":"product_cat-saona-island","8":"product_tag-excursion","9":"product_tag-tour","11":"first","12":"instock","13":"sale","14":"shipping-taxable","15":"product-type-external"},"_links":{"self":[{"href":"https:\/\/placessites.com\/es\/wp-json\/wp\/v2\/product\/15677","targetHints":{"allow":["GET"]}}],"collection":[{"href":"https:\/\/placessites.com\/es\/wp-json\/wp\/v2\/product"}],"about":[{"href":"https:\/\/placessites.com\/es\/wp-json\/wp\/v2\/types\/product"}],"wp:featuredmedia":[{"embeddable":true,"href":"https:\/\/placessites.com\/es\/wp-json\/wp\/v2\/media\/15871"}],"wp:attachment":[{"href":"https:\/\/placessites.com\/es\/wp-json\/wp\/v2\/media?parent=15677"}],"wp:term":[{"taxonomy":"product_brand","embeddable":true,"href":"https:\/\/placessites.com\/es\/wp-json\/wp\/v2\/product_brand?post=15677"},{"taxonomy":"product_cat","embeddable":true,"href":"https:\/\/placessites.com\/es\/wp-json\/wp\/v2\/product_cat?post=15677"},{"taxonomy":"product_tag","embeddable":true,"href":"https:\/\/placessites.com\/es\/wp-json\/wp\/v2\/product_tag?post=15677"}],"curies":[{"name":"wp","href":"https:\/\/api.w.org\/{rel}","templated":true}]}}