{"id":14971,"date":"2025-12-18T12:42:05","date_gmt":"2025-12-18T12:42:05","guid":{"rendered":"https:\/\/placessites.com\/?post_type=product&#038;p=14971"},"modified":"2026-02-12T03:09:36","modified_gmt":"2026-02-12T03:09:36","slug":"isla-saona-desde-santo-domingo-con-catamara-y-comida-bebida","status":"publish","type":"product","link":"https:\/\/placessites.com\/es\/visita\/isla-saona-desde-santo-domingo-con-catamara-y-comida-bebida\/","title":{"rendered":"Isla Saona Desde Santo Domingo Con Catamara y comida bebida"},"content":{"rendered":"<section class=\"full-description activity-experience__item\" data-test-id=\"activity-full-description\" data-v-2760aec9=\"\" data-v-5835c99c=\"\">\n<div class=\"activity-accordion-item\" data-v-5835c99c=\"\">\n<div class=\"activity-accordion-item__content--hidden activity-accordion-item__content\">\n<section class=\"toggle-content\" data-v-5835c99c=\"\" data-v-59485d64=\"\">\n<div class=\"toggle-content__content\" data-v-59485d64=\"\">\n<div data-test-id=\"activity-full-description-text\" data-v-5835c99c=\"\">Isla Saona Desde Santo Domingo Con Catamara y comida bebida<\/div>\n<div data-test-id=\"activity-full-description-text\" data-v-5835c99c=\"\"><\/div>\n<div data-test-id=\"activity-full-description-text\" data-v-5835c99c=\"\">Emb\u00e1rquese en una inolvidable excursi\u00f3n de un d\u00eda a la isla Saona, un para\u00edso tropical a poca distancia de Santo Domingo. Comience su aventura en un espacioso catamar\u00e1n, desliz\u00e1ndose por las azules aguas desde Bayahibe. Por el camino, tendr\u00e1 la oportunidad de detenerse en la impresionante Laguna Azul, donde las aguas cristalinas invitan a nadar y relajarse al sol.<\/div>\n<div data-test-id=\"activity-full-description-text\" data-v-5835c99c=\"\"><\/div>\n<div data-test-id=\"activity-full-description-text\" data-v-5835c99c=\"\">A medida que transcurre el d\u00eda, disfrute de un delicioso almuerzo buffet servido en la suave arena de la playa, rodeado de palmeras que se mecen y del suave sonido de las olas rompiendo en la orilla. Esta encantadora experiencia combina una impresionante belleza natural con deliciosos manjares culinarios, dej\u00e1ndole recuerdos imborrables de su visita a la isla Saona.<\/div>\n<\/div>\n<\/section>\n<\/div>\n<\/div>\n<\/section>\n<section class=\"activity-includes activity-experience__item\" data-test-id=\"activity-includes-section\" data-v-2760aec9=\"\" data-v-7976cbc6=\"\">\n<div class=\"activity-accordion-item\" data-v-7976cbc6=\"\">\n<div class=\"activity-accordion-item-header\"><\/div>\n<\/div>\n<\/section>","protected":false},"excerpt":{"rendered":"<div data-track=\"overview\" data-v-83a2b402=\"\">\n<section id=\"activity-overview\" class=\"activity-overview\" data-component=\"overview\" data-v-83a2b402=\"\" data-v-f3236c42=\"\">\n<p class=\"activity-overview__content\" data-test-id=\"activity-overview-content\" data-v-f3236c42=\"\">La isla Saona es una excursi\u00f3n de un d\u00eda desde Santo Domingo. Viaje en barco desde Bayahibe, haga una parada en la Laguna Azul y saboree un almuerzo buf\u00e9 en la playa.<\/p>\n<\/section>\n<\/div>\n<div data-track=\"key-details\" data-v-83a2b402=\"\"><\/div>","protected":false},"featured_media":15191,"template":"","meta":[],"product_brand":[],"product_cat":[97,98],"product_tag":[101,102],"class_list":{"0":"post-14971","1":"product","2":"type-product","3":"status-publish","4":"has-post-thumbnail","6":"product_cat-dominican-republic","7":"product_cat-saona-island","8":"product_tag-excursion","9":"product_tag-tour","11":"first","12":"instock","13":"sale","14":"shipping-taxable","15":"product-type-external"},"_links":{"self":[{"href":"https:\/\/placessites.com\/es\/wp-json\/wp\/v2\/product\/14971","targetHints":{"allow":["GET"]}}],"collection":[{"href":"https:\/\/placessites.com\/es\/wp-json\/wp\/v2\/product"}],"about":[{"href":"https:\/\/placessites.com\/es\/wp-json\/wp\/v2\/types\/product"}],"wp:featuredmedia":[{"embeddable":true,"href":"https:\/\/placessites.com\/es\/wp-json\/wp\/v2\/media\/15191"}],"wp:attachment":[{"href":"https:\/\/placessites.com\/es\/wp-json\/wp\/v2\/media?parent=14971"}],"wp:term":[{"taxonomy":"product_brand","embeddable":true,"href":"https:\/\/placessites.com\/es\/wp-json\/wp\/v2\/product_brand?post=14971"},{"taxonomy":"product_cat","embeddable":true,"href":"https:\/\/placessites.com\/es\/wp-json\/wp\/v2\/product_cat?post=14971"},{"taxonomy":"product_tag","embeddable":true,"href":"https:\/\/placessites.com\/es\/wp-json\/wp\/v2\/product_tag?post=14971"}],"curies":[{"name":"wp","href":"https:\/\/api.w.org\/{rel}","templated":true}]}}