{"id":14523,"date":"2025-12-18T12:21:21","date_gmt":"2025-12-18T12:21:21","guid":{"rendered":"https:\/\/placessites.com\/?post_type=product&#038;p=14523"},"modified":"2026-01-09T02:54:14","modified_gmt":"2026-01-09T02:54:14","slug":"desde-punta-cana-saona-y-mano-juan-excursion-de-un-dia-en-catamaran","status":"publish","type":"product","link":"https:\/\/placessites.com\/es\/visita\/desde-punta-cana-saona-y-mano-juan-excursion-de-un-dia-en-catamaran\/","title":{"rendered":"Desde Punta Cana: Excursi\u00f3n de un d\u00eda en catamar\u00e1n a Saona y Mano Juan"},"content":{"rendered":"<h2>Desde Punta Cana: Excursi\u00f3n de un d\u00eda en catamar\u00e1n a Saona y Mano Juan<\/h2>\n<p>Explore la isla Saona y Mano Juan en una excursi\u00f3n de d\u00eda completo en catamar\u00e1n desde Punta Cana. Visita hermosos lugares en momentos estrat\u00e9gicos para evitar aglomeraciones, practica snorkel en el Parque Nacional de Cotubanam\u00e1 y disfruta de un almuerzo dominicano.<\/p>\n<p>Suba a bordo del catamar\u00e1n para comenzar la excursi\u00f3n y, a continuaci\u00f3n, zarpe cerca de la costa, disfrutando de m\u00fasica, baile y un delicioso tentempi\u00e9 a medida que avanza.<\/p>\n<p>Haga su primera parada en la hermosa Fan Beach (Playa Abanico), una de las m\u00e1s bellas de la isla Saona. Pasa tiempo descansando la mente y el cuerpo entre palmeras y tumbonas, que invitan a so\u00f1ar con el sonido de las olas.<\/p>\n<p>Tras disfrutar de Playa Abanico, contin\u00fae hasta Pueblo Mano Juan, localidad fundada por pescadores en la frontera entre el oc\u00e9ano Atl\u00e1ntico y el mar Caribe, y emp\u00e1pese de su agradable y pintoresco ambiente en la excursi\u00f3n de un d\u00eda en catamar\u00e1n por Saona y Mano Juan.<\/p>\n<p>Adem\u00e1s de pasear por las calles del pueblo, visite el Santuario de las Tortugas de Soani, donde su fundador le mostrar\u00e1 c\u00f3mo se conservan los h\u00e1bitats, las tortugas y los huevos para favorecer su vida en el mar. Dada la delicada situaci\u00f3n que viven las especies de tortugas locales, este lugar es de vital importancia para la excursi\u00f3n de un d\u00eda en catamar\u00e1n por Saona y Mano Juan.<\/p>\n<p>Todav\u00eda en Mano Juan, saboree un delicioso almuerzo t\u00edpico dominicano acompa\u00f1ado de una copa de vino. Descansado y recargado, dir\u00edjase despu\u00e9s hacia la playa de Los Toros, donde podr\u00e1 ba\u00f1arse y disfrutar de la tranquilidad y las aguas cristalinas de esta playa m\u00e1gica y paradis\u00edaca.<\/p>\n<div class=\"toggle-content__content toggle-content__content--expanded toggle-content__content--packable\" data-v-59485d64=\"\">\n<div data-test-id=\"activity-full-description-text\" data-v-5835c99c=\"\">Contin\u00fae navegando hasta llegar a la legendaria piscina natural del Parque Natural de Cotubanam\u00e1. Disfrute de tiempo para hacer snorkel en las aguas turquesas junto a las famosas estrellas de mar. Esta ser\u00e1 su \u00faltima parada, y desde aqu\u00ed regresar\u00e1 al muelle de Bayahibe, donde finaliza la excursi\u00f3n.<\/div>\n<\/div>\n<div class=\"toggle-content__label-placeholder\" data-v-59485d64=\"\"><\/div>\n<div data-v-59485d64=\"\"><\/div>","protected":false},"excerpt":{"rendered":"<div data-track=\"overview\" data-v-83a2b402=\"\">\n<section id=\"activity-overview\" class=\"activity-overview\" data-component=\"overview\" data-v-83a2b402=\"\" data-v-f3236c42=\"\">\n<p class=\"activity-overview__content\" data-test-id=\"activity-overview-content\" data-v-f3236c42=\"\">Disfrute de las playas bordeadas de palmeras de la isla Saona y del encantador pueblo de Mano Juan en una excursi\u00f3n guiada de un d\u00eda desde Punta Cana. Saboree un almuerzo t\u00edpico dominicano y practique snorkel en el Parque Nacional de Cotubanama.<\/p>\n<\/section>\n<\/div>\n<div data-track=\"key-details\" data-v-83a2b402=\"\"><\/div>","protected":false},"featured_media":14760,"template":"","meta":[],"product_brand":[],"product_cat":[97,98],"product_tag":[101,102],"class_list":{"0":"post-14523","1":"product","2":"type-product","3":"status-publish","4":"has-post-thumbnail","6":"product_cat-dominican-republic","7":"product_cat-saona-island","8":"product_tag-excursion","9":"product_tag-tour","11":"first","12":"instock","13":"sale","14":"shipping-taxable","15":"product-type-external"},"_links":{"self":[{"href":"https:\/\/placessites.com\/es\/wp-json\/wp\/v2\/product\/14523","targetHints":{"allow":["GET"]}}],"collection":[{"href":"https:\/\/placessites.com\/es\/wp-json\/wp\/v2\/product"}],"about":[{"href":"https:\/\/placessites.com\/es\/wp-json\/wp\/v2\/types\/product"}],"wp:featuredmedia":[{"embeddable":true,"href":"https:\/\/placessites.com\/es\/wp-json\/wp\/v2\/media\/14760"}],"wp:attachment":[{"href":"https:\/\/placessites.com\/es\/wp-json\/wp\/v2\/media?parent=14523"}],"wp:term":[{"taxonomy":"product_brand","embeddable":true,"href":"https:\/\/placessites.com\/es\/wp-json\/wp\/v2\/product_brand?post=14523"},{"taxonomy":"product_cat","embeddable":true,"href":"https:\/\/placessites.com\/es\/wp-json\/wp\/v2\/product_cat?post=14523"},{"taxonomy":"product_tag","embeddable":true,"href":"https:\/\/placessites.com\/es\/wp-json\/wp\/v2\/product_tag?post=14523"}],"curies":[{"name":"wp","href":"https:\/\/api.w.org\/{rel}","templated":true}]}}