{"id":13979,"date":"2025-12-18T11:57:14","date_gmt":"2025-12-18T11:57:14","guid":{"rendered":"https:\/\/placessites.com\/?post_type=product&#038;p=13979"},"modified":"2026-02-11T11:21:43","modified_gmt":"2026-02-11T11:21:43","slug":"isla-saona-dia-completo-con-recogida-en-su-hotel-punta-cana","status":"publish","type":"product","link":"https:\/\/placessites.com\/es\/visita\/isla-saona-dia-completo-con-recogida-en-su-hotel-punta-cana\/","title":{"rendered":"D\u00eda completo en la Isla Saona con recogida en su hotel Punta Cana"},"content":{"rendered":"<p>Excursi\u00f3n de d\u00eda completo a la Isla Saona con recogida en el hotel en Punta Cana<\/p>\n<p>Emb\u00e1rquese en una aventura inolvidable en Isla Saona, un para\u00edso tropical situado en el extremo sureste de la Rep\u00fablica Dominicana. Esta impresionante isla es famosa por su impresionante belleza natural y forma parte del Parque Nacional del Este, lo que la convierte en un destino perfecto tanto para los amantes de la naturaleza como para los entusiastas de la playa.<\/p>\n<p>La Isla Saona es un santuario de maravillas naturales incomparables, con exuberantes manglares, vibrantes arrecifes de coral y playas v\u00edrgenes. Uno de los lugares m\u00e1s destacados de la isla es la playa de La Palmilla, famosa por sus incre\u00edbles arenas doradas que se extienden a lo largo de la costa, enmarcadas por alt\u00edsimas palmeras arac\u00e1ceas. Mientras explora la zona, quedar\u00e1 cautivado por el ambiente tranquilo y el pintoresco paisaje que le rodea.<\/p>\n<p>Una de las experiencias \u00fanicas en Isla Saona es la oportunidad de maravillarse con las abundantes estrellas de mar que habitan las aguas cristalinas. Estas encantadoras criaturas se encuentran en zonas poco profundas y son, sin duda, las verdaderas reinas de la isla. Tendr\u00e1 la oportunidad de tomar fotograf\u00edas impresionantes y crear recuerdos imborrables con estas maravillas de la naturaleza.<\/p>\n<p>Esta excursi\u00f3n est\u00e1 pensada para todo el mundo, tanto si viaja con adultos como con ni\u00f1os, amigos o pareja. Despu\u00e9s de llegar a la isla, podr\u00e1 dar un tranquilo paseo por una piscina natural en el mar Caribe, donde el agua es tranquila y poco profunda, s\u00f3lo llega a las rodillas. Este entorno id\u00edlico es perfecto para darse un ba\u00f1o relajante o simplemente vadear las c\u00e1lidas aguas mientras se toma el sol Excursi\u00f3n de d\u00eda completo con recogida en el hotel<\/p>\n<p>Como parte de su d\u00eda, disfrutar\u00e1 de una deliciosa comida que refleja los ricos sabores de la cocina dominicana, todo ello servido en el encantador tel\u00f3n de fondo de la isla. Para saciar la sed, disfrute de un refrescante mojito elaborado con ingredientes frescos, que le permitir\u00e1 saborear el sabor del tr\u00f3pico.<\/p>\n<p>Para mayor diversi\u00f3n, nuestro animado equipo de animaci\u00f3n estar\u00e1 a su disposici\u00f3n para animarle con m\u00fasica y baile, creando un ambiente agradable y festivo en el que podr\u00e1 unirse a las celebraciones y hacer nuevos amigos.<\/p>\n<p>La Isla Saona es un destino de visita obligada para los turistas. <a href=\"https:\/\/bookingadventures.tours\/booking.php?slug=Punta_Cana_Catamaran_Boat_to_Saona_Island_with_Buffet_Lunch\" target=\"_blank\" rel=\"noopener\">Punta Cana<\/a>. Estamos seguros de que este viaje ser\u00e1 uno de los momentos m\u00e1s destacados de sus vacaciones, dej\u00e1ndole recuerdos inolvidables y un profundo aprecio por la belleza de la Rep\u00fablica Dominicana. No se pierda esta incre\u00edble oportunidad de explorar uno de los para\u00edsos naturales m\u00e1s bellos.<\/p>","protected":false},"excerpt":{"rendered":"<div data-track=\"overview\" data-v-83a2b402=\"\">\n<section id=\"activity-overview\" class=\"activity-overview\" data-component=\"overview\" data-v-83a2b402=\"\" data-v-f3236c42=\"\">\n<p class=\"activity-overview__content\" data-test-id=\"activity-overview-content\" data-v-f3236c42=\"\">Es la excursi\u00f3n perfecta para disfrutar con adultos, ni\u00f1os, amigos o pareja. Una vez en la isla, podr\u00e1s pasear por una piscina natural del mar Caribe, ya que el agua que rodea la isla Saona...<\/p>\n<\/section>\n<\/div>\n<div data-track=\"key-details\" data-v-83a2b402=\"\"><\/div>","protected":false},"featured_media":14182,"template":"","meta":[],"product_brand":[],"product_cat":[97,98],"product_tag":[101,102],"class_list":{"0":"post-13979","1":"product","2":"type-product","3":"status-publish","4":"has-post-thumbnail","6":"product_cat-dominican-republic","7":"product_cat-saona-island","8":"product_tag-excursion","9":"product_tag-tour","11":"first","12":"instock","13":"sale","14":"shipping-taxable","15":"product-type-external"},"_links":{"self":[{"href":"https:\/\/placessites.com\/es\/wp-json\/wp\/v2\/product\/13979","targetHints":{"allow":["GET"]}}],"collection":[{"href":"https:\/\/placessites.com\/es\/wp-json\/wp\/v2\/product"}],"about":[{"href":"https:\/\/placessites.com\/es\/wp-json\/wp\/v2\/types\/product"}],"wp:featuredmedia":[{"embeddable":true,"href":"https:\/\/placessites.com\/es\/wp-json\/wp\/v2\/media\/14182"}],"wp:attachment":[{"href":"https:\/\/placessites.com\/es\/wp-json\/wp\/v2\/media?parent=13979"}],"wp:term":[{"taxonomy":"product_brand","embeddable":true,"href":"https:\/\/placessites.com\/es\/wp-json\/wp\/v2\/product_brand?post=13979"},{"taxonomy":"product_cat","embeddable":true,"href":"https:\/\/placessites.com\/es\/wp-json\/wp\/v2\/product_cat?post=13979"},{"taxonomy":"product_tag","embeddable":true,"href":"https:\/\/placessites.com\/es\/wp-json\/wp\/v2\/product_tag?post=13979"}],"curies":[{"name":"wp","href":"https:\/\/api.w.org\/{rel}","templated":true}]}}