{"id":13530,"date":"2025-12-18T11:36:41","date_gmt":"2025-12-18T11:36:41","guid":{"rendered":"https:\/\/placessites.com\/?post_type=product&#038;p=13530"},"modified":"2026-02-11T10:58:08","modified_gmt":"2026-02-11T10:58:08","slug":"desde-punta-cana-excursion-de-dia-completo-a-la-isla-saona","status":"publish","type":"product","link":"https:\/\/placessites.com\/es\/visita\/desde-punta-cana-excursion-de-dia-completo-a-la-isla-saona\/","title":{"rendered":"Desde Punta Cana: Excursi\u00f3n de d\u00eda completo a la Isla Saona"},"content":{"rendered":"<h2>Excursi\u00f3n de d\u00eda completo a la Isla Saona desde Punta Cana<\/h2>\n<p>Comience su aventura con la recogida en su hotel de Punta Cana o B\u00e1varo. Disfrute del traslado panor\u00e1mico a la playa de Bayahibe, donde embarcar\u00e1 en un catamar\u00e1n o lancha r\u00e1pida para el viaje a la isla Saona.<\/p>\n<p>La isla Saona es un impresionante para\u00edso caribe\u00f1o de 42 kil\u00f3metros cuadrados situado frente a la costa sur de la Rep\u00fablica Dominicana. Originalmente llamada \u201cAdamanay\u201d por los indios ta\u00ednos, la isla fue rebautizada por Crist\u00f3bal Col\u00f3n durante su segundo viaje a Am\u00e9rica en 1494.<\/p>\n<p>Tome asiento en la cubierta y sum\u00e9rjase en el sol y el mar de camino a la pintoresca isla. Por el camino, habr\u00e1 una breve parada de 20 minutos en una gran piscina natural para darse un ba\u00f1o r\u00e1pido en una Excursi\u00f3n de d\u00eda completo.<\/p>\n<p>A su llegada, dispondr\u00e1 de tiempo libre para explorar la isla a su ritmo, lo que convierte a esta excursi\u00f3n en una fant\u00e1stica opci\u00f3n para viajeros independientes. Las actividades opcionales incluyen clases de voleibol y baile, o puede relajarse en las tumbonas y disfrutar de las bebidas del bar abierto. Excursi\u00f3n de d\u00eda completo.<\/p>\n<p>D\u00e9 un paseo por la playa de arena blanca, bajo las palmeras, para recoger conchas o darse un ba\u00f1o hasta que llegue la hora del almuerzo buf\u00e9 estilo barbacoa. Saboree una comida tradicional dominicana que incluye pollo, cerdo, arroz, jud\u00edas, ensalada y fruta fresca.<\/p>\n<p>Tras pasar tres horas en la isla, regresar\u00e1 a su alojamiento en tierra firme.<\/p>","protected":false},"excerpt":{"rendered":"<div data-track=\"overview\" data-v-83a2b402=\"\">\n<section id=\"activity-overview\" class=\"activity-overview\" data-component=\"overview\" data-v-83a2b402=\"\" data-v-f3236c42=\"\">\n<p class=\"activity-overview__content\" data-test-id=\"activity-overview-content\" data-v-f3236c42=\"\">Descubra la belleza de la isla Saona con 3 horas de tiempo libre para explorar sus playas de arena blanca y aguas turquesas.<\/p>\n<\/section>\n<\/div>\n<div data-track=\"key-details\" data-v-83a2b402=\"\"><\/div>","protected":false},"featured_media":13800,"template":"","meta":[],"product_brand":[],"product_cat":[97,98],"product_tag":[101,102],"class_list":{"0":"post-13530","1":"product","2":"type-product","3":"status-publish","4":"has-post-thumbnail","6":"product_cat-dominican-republic","7":"product_cat-saona-island","8":"product_tag-excursion","9":"product_tag-tour","11":"first","12":"instock","13":"sale","14":"shipping-taxable","15":"product-type-external"},"_links":{"self":[{"href":"https:\/\/placessites.com\/es\/wp-json\/wp\/v2\/product\/13530","targetHints":{"allow":["GET"]}}],"collection":[{"href":"https:\/\/placessites.com\/es\/wp-json\/wp\/v2\/product"}],"about":[{"href":"https:\/\/placessites.com\/es\/wp-json\/wp\/v2\/types\/product"}],"wp:featuredmedia":[{"embeddable":true,"href":"https:\/\/placessites.com\/es\/wp-json\/wp\/v2\/media\/13800"}],"wp:attachment":[{"href":"https:\/\/placessites.com\/es\/wp-json\/wp\/v2\/media?parent=13530"}],"wp:term":[{"taxonomy":"product_brand","embeddable":true,"href":"https:\/\/placessites.com\/es\/wp-json\/wp\/v2\/product_brand?post=13530"},{"taxonomy":"product_cat","embeddable":true,"href":"https:\/\/placessites.com\/es\/wp-json\/wp\/v2\/product_cat?post=13530"},{"taxonomy":"product_tag","embeddable":true,"href":"https:\/\/placessites.com\/es\/wp-json\/wp\/v2\/product_tag?post=13530"}],"curies":[{"name":"wp","href":"https:\/\/api.w.org\/{rel}","templated":true}]}}