{"id":13433,"date":"2025-12-18T11:33:12","date_gmt":"2025-12-18T11:33:12","guid":{"rendered":"https:\/\/placessites.com\/?post_type=product&#038;p=13433"},"modified":"2026-02-11T10:52:47","modified_gmt":"2026-02-11T10:52:47","slug":"punta-cana-isla-saona-en-vehiculo-privado-y-guia","status":"publish","type":"product","link":"https:\/\/placessites.com\/es\/visita\/punta-cana-isla-saona-en-vehiculo-privado-y-guia\/","title":{"rendered":"Punta Cana: Isla Saona en Veh\u00edculo Privado y Gu\u00eda"},"content":{"rendered":"<p>Punta Cana: Isla Saona en Veh\u00edculo Privado y Gu\u00eda<\/p>\n<p>Nuestra excursi\u00f3n de un d\u00eda a la isla Saona promete un d\u00eda de felicidad tropical. Con sus playas de arena blanca y aguas turquesas, los visitantes pueden relajarse, nadar y practicar snorkel en los vibrantes arrecifes de coral. Los paseos en catamar\u00e1n y lancha r\u00e1pida ofrecen vistas panor\u00e1micas. Explore las piscinas naturales y disfrute de un almuerzo junto a la playa con cocina dominicana. Sea testigo de la diversa fauna y capte la belleza de las costas bordeadas de palmeras. Interacciones culturales, hamacas para relajarse y la oportunidad de contemplar una impresionante puesta de sol completan esta experiencia paradis\u00edaca. La isla Saona es una mezcla perfecta de belleza natural y aventura, que proporciona una escapada tropical inolvidable.<\/p>\n<p>\u00bfPor qu\u00e9 elegir nuestra excursi\u00f3n a la isla Saona?<\/p>\n<p>\u2728 Experiencia todo incluido: Si\u00e9ntate, rel\u00e1jate y deja que nosotros nos encarguemos de todo. Desde el transporte hasta deliciosas comidas y refrescantes bebidas, nuestro paquete todo incluido le garantiza un d\u00eda sin preocupaciones en el para\u00edso, Veh\u00edculo y gu\u00eda privados.<\/p>\n<p>Crucero panor\u00e1mico en catamar\u00e1n: Emb\u00e1rquese en un tranquilo crucero en catamar\u00e1n y disfrute de las impresionantes vistas del mar Caribe. Sienta la suave brisa marina y d\u00e9jese llevar por la expectaci\u00f3n a medida que se acerca a la belleza virgen de la isla Saona.<\/p>\n<p>Playas perfectas: La isla Saona cuenta con algunas de las playas m\u00e1s v\u00edrgenes del mundo. Qu\u00edtese los zapatos y pasee por la suave arena o simplemente rel\u00e1jese a la sombra de una palmera: es su trozo de para\u00edso privado.<\/p>\n<p>B\u00e1\u00f1ese en la Piscina Natural: Sum\u00e9rjase en las aguas cristalinas de la piscina natural, rodeado de estrellas de mar y del encanto del Mar Caribe. Practique snorkel y descubra el vibrante mundo submarino, o simplemente disfrute de la belleza natural que le rodea.<\/p>\n<p>Deliciosa cocina dominicana: Del\u00e9itese con un apetitoso fest\u00edn de cocina local dominicana, servida directamente en la playa. Saboree los sabores del Caribe mientras disfruta del ambiente relajado de la isla Saona.<\/p>\n<p>\u00a1Reserve hoy mismo su excursi\u00f3n a la Isla Saona! \u00a1Veh\u00edculo y gu\u00eda privados!<\/p>\n<p>\u00bfListo para escapar al para\u00edso? Asegure ya su plaza en nuestra excursi\u00f3n a la isla Saona. Tanto si viaja solo, como si es una pareja en busca de romance o una familia en busca de aventura, la Isla Saona promete una experiencia inolvidable para todos.<\/p>\n<p>Acomp\u00e1\u00f1enos en esta excursi\u00f3n especial de un d\u00eda a la isla Saona, donde cada d\u00eda es una fiesta de sol, mar y serenidad.<\/p>\n<p>DESTACADOS<\/p>\n<p>Opte por un atuendo c\u00f3modo y sandalias aptas para la playa.<\/p>\n<p>- No olvide meter en la maleta el ba\u00f1ador, la crema solar, las gafas de sol, una toalla de playa y la c\u00e1mara de fotos.<\/p>\n<p>- Se recomienda llevar dinero extra para fotos y recuerdos para aprovechar al m\u00e1ximo la experiencia.<\/p>\n<p>- Todos los participantes deben tener movilidad y estar en buena forma f\u00edsica.<\/p>\n<p>- Esta actividad no est\u00e1 recomendada para mujeres embarazadas, personas con problemas de espalda u otras discapacidades.<\/p>\n<p>- Los hu\u00e9spedes pueden viajar a la isla en catamar\u00e1n y regresar en lancha r\u00e1pida, o viceversa, en funci\u00f3n de las consideraciones operativas diarias.<\/p>\n<p>- El transporte podr\u00eda no estar disponible desde determinados hoteles y complejos tur\u00edsticos si se encuentran fuera de la zona de Punta Cana o B\u00e1varo y podr\u00eda estar sujeto a un cargo adicional.<\/p>","protected":false},"excerpt":{"rendered":"<div data-track=\"overview\" data-v-83a2b402=\"\">\n<section id=\"activity-overview\" class=\"activity-overview\" data-component=\"overview\" data-v-83a2b402=\"\" data-v-f3236c42=\"\">\n<p class=\"activity-overview__content\" data-test-id=\"activity-overview-content\" data-v-f3236c42=\"\">La isla Saona es un impresionante para\u00edso tropical conocido por sus playas v\u00edrgenes, sus cristalinas aguas turquesas y su vibrante vida marina. Sum\u00e9rjase en la impresionante belleza de este oasis tropical.<\/p>\n<\/section>\n<\/div>\n<div data-track=\"key-details\" data-v-83a2b402=\"\"><\/div>","protected":false},"featured_media":13672,"template":"","meta":[],"product_brand":[],"product_cat":[97,98],"product_tag":[101,102],"class_list":{"0":"post-13433","1":"product","2":"type-product","3":"status-publish","4":"has-post-thumbnail","6":"product_cat-dominican-republic","7":"product_cat-saona-island","8":"product_tag-excursion","9":"product_tag-tour","11":"first","12":"instock","13":"sale","14":"shipping-taxable","15":"product-type-external"},"_links":{"self":[{"href":"https:\/\/placessites.com\/es\/wp-json\/wp\/v2\/product\/13433","targetHints":{"allow":["GET"]}}],"collection":[{"href":"https:\/\/placessites.com\/es\/wp-json\/wp\/v2\/product"}],"about":[{"href":"https:\/\/placessites.com\/es\/wp-json\/wp\/v2\/types\/product"}],"wp:featuredmedia":[{"embeddable":true,"href":"https:\/\/placessites.com\/es\/wp-json\/wp\/v2\/media\/13672"}],"wp:attachment":[{"href":"https:\/\/placessites.com\/es\/wp-json\/wp\/v2\/media?parent=13433"}],"wp:term":[{"taxonomy":"product_brand","embeddable":true,"href":"https:\/\/placessites.com\/es\/wp-json\/wp\/v2\/product_brand?post=13433"},{"taxonomy":"product_cat","embeddable":true,"href":"https:\/\/placessites.com\/es\/wp-json\/wp\/v2\/product_cat?post=13433"},{"taxonomy":"product_tag","embeddable":true,"href":"https:\/\/placessites.com\/es\/wp-json\/wp\/v2\/product_tag?post=13433"}],"curies":[{"name":"wp","href":"https:\/\/api.w.org\/{rel}","templated":true}]}}