{"id":13305,"date":"2025-12-18T11:27:28","date_gmt":"2025-12-18T11:27:28","guid":{"rendered":"https:\/\/placessites.com\/?post_type=product&#038;p=13305"},"modified":"2026-02-11T10:43:12","modified_gmt":"2026-02-11T10:43:12","slug":"excursion-a-la-isla-saona-en-catamaran-con-almuerzo-bar-y-transporte-incluidos","status":"publish","type":"product","link":"https:\/\/placessites.com\/es\/visita\/excursion-a-la-isla-saona-en-catamaran-con-almuerzo-bar-y-transporte-incluidos\/","title":{"rendered":"Excursi\u00f3n a la isla Saona en catamar\u00e1n con almuerzo, bar y transporte incluidos"},"content":{"rendered":"<p>Excursi\u00f3n a la isla Saona en catamar\u00e1n con almuerzo, bar y transporte incluidos<\/p>\n<p>Prep\u00e1rese para una inolvidable aventura de un d\u00eda completo en la impresionante Isla Saona, una joya oculta enclavada en el coraz\u00f3n del Caribe. Conocida por sus inmaculadas playas de arena blanca, sus aguas de un turquesa vibrante y sus impresionantes paisajes, la isla Saona ofrece una escapada perfecta tanto para los amantes de la naturaleza como para los que buscan relajarse.<\/p>\n<p>Su emocionante d\u00eda comienza temprano con un pintoresco trayecto en coche hasta el encantador pueblo costero de Bayahibe. Aqu\u00ed embarcar\u00e1 en un espacioso y confortable catamar\u00e1n, listo para zarpar a trav\u00e9s del resplandeciente Mar Caribe. Mientras el catamar\u00e1n se desliza sobre las olas, disfrute de las vistas panor\u00e1micas y sienta la suave brisa marina en su piel. Durante la traves\u00eda, no se pierda la oportunidad de zambullirse en una piscina natural de aguas cristalinas y poco profundas, donde coloridas estrellas de mar salpican el fondo arenoso.<\/p>\n<p>Al llegar a la isla Saona, le espera un para\u00edso de palmeras ondulantes e impresionantes playas. Tendr\u00e1 libertad para elegir entre una serie de actividades que se adapten a su estado de \u00e1nimo. Sum\u00e9rjase en las tentadoras aguas turquesas para darse un refrescante ba\u00f1o o practique snorkel para descubrir la vibrante vida marina bajo la superficie. Si lo que busca es relajarse, t\u00fambese en una c\u00f3moda hamaca colgada entre palmeras o d\u00e9 un tranquilo paseo por la orilla para disfrutar de las impresionantes vistas.<\/p>\n<p>Los que busquen un poco de diversi\u00f3n, pueden unirse a un animado partido de voleibol con otros aventureros o simplemente disfrutar del bar abierto, donde se ofrece una gran variedad de bebidas refrescantes para saciar la sed bajo el c\u00e1lido sol.<\/p>\n<p>Por la tarde, saboree un delicioso y aut\u00e9ntico almuerzo dominicano preparado especialmente para usted. Del\u00e9itese con un delicioso men\u00fa que incluye sabrosas opciones como pollo a la parrilla, suculenta carne de cerdo, sabroso arroz y frijoles, y ensaladas frescas acompa\u00f1adas de frutas de temporada. Cada bocado es una muestra de las ricas tradiciones culinarias de la Rep\u00fablica Dominicana.<\/p>\n<p>Esta aventura a la isla Saona no es s\u00f3lo una excursi\u00f3n de un d\u00eda; es una oportunidad para sumergirse en la belleza y la cultura del Caribe. Tanto si busca aventura como relax o delicias culinarias, este viaje le promete una experiencia que recordar\u00e1 para siempre.<\/p>","protected":false},"excerpt":{"rendered":"<div data-track=\"overview\" data-v-83a2b402=\"\">\n<section id=\"activity-overview\" class=\"activity-overview\" data-component=\"overview\" data-v-83a2b402=\"\" data-v-f3236c42=\"\">\n<p class=\"activity-overview__content\" data-test-id=\"activity-overview-content\" data-v-f3236c42=\"\">Disfrute de la isla Saona, un para\u00edso rodeado de coloridos arrecifes de coral y playas bordeadas de palmeras. Disfrute de un refrescante ba\u00f1o en una piscina natural, un almuerzo dominicano y bebidas ilimitadas.<\/p>\n<\/section>\n<\/div>\n<div data-track=\"key-details\" data-v-83a2b402=\"\"><\/div>","protected":false},"featured_media":13524,"template":"","meta":[],"product_brand":[],"product_cat":[97,98],"product_tag":[101,102],"class_list":{"0":"post-13305","1":"product","2":"type-product","3":"status-publish","4":"has-post-thumbnail","6":"product_cat-dominican-republic","7":"product_cat-saona-island","8":"product_tag-excursion","9":"product_tag-tour","11":"first","12":"instock","13":"sale","14":"shipping-taxable","15":"product-type-external"},"_links":{"self":[{"href":"https:\/\/placessites.com\/es\/wp-json\/wp\/v2\/product\/13305","targetHints":{"allow":["GET"]}}],"collection":[{"href":"https:\/\/placessites.com\/es\/wp-json\/wp\/v2\/product"}],"about":[{"href":"https:\/\/placessites.com\/es\/wp-json\/wp\/v2\/types\/product"}],"wp:featuredmedia":[{"embeddable":true,"href":"https:\/\/placessites.com\/es\/wp-json\/wp\/v2\/media\/13524"}],"wp:attachment":[{"href":"https:\/\/placessites.com\/es\/wp-json\/wp\/v2\/media?parent=13305"}],"wp:term":[{"taxonomy":"product_brand","embeddable":true,"href":"https:\/\/placessites.com\/es\/wp-json\/wp\/v2\/product_brand?post=13305"},{"taxonomy":"product_cat","embeddable":true,"href":"https:\/\/placessites.com\/es\/wp-json\/wp\/v2\/product_cat?post=13305"},{"taxonomy":"product_tag","embeddable":true,"href":"https:\/\/placessites.com\/es\/wp-json\/wp\/v2\/product_tag?post=13305"}],"curies":[{"name":"wp","href":"https:\/\/api.w.org\/{rel}","templated":true}]}}