{"id":13186,"date":"2025-12-18T11:22:48","date_gmt":"2025-12-18T11:22:48","guid":{"rendered":"https:\/\/placessites.com\/?post_type=product&#038;p=13186"},"modified":"2026-01-07T10:00:59","modified_gmt":"2026-01-07T10:00:59","slug":"excursion-a-la-isla-saona-desde-santo-domingo","status":"publish","type":"product","link":"https:\/\/placessites.com\/es\/visita\/excursion-a-la-isla-saona-desde-santo-domingo\/","title":{"rendered":"Excursi\u00f3n a la Isla Saona desde Santo Domingo"},"content":{"rendered":"<p>Excursi\u00f3n a la Isla Saona desde Santo Domingo<\/p>\n<p>Prep\u00e1rese para un d\u00eda memorable preparando el ba\u00f1ador y la toalla para que le recojamos por la ma\u00f1ana en su hotel. Rel\u00e1jese y disfrute del pintoresco paisaje dominicano mientras viaja hasta el puerto en la comodidad de nuestro veh\u00edculo de traslado.<\/p>\n<p>Emb\u00e1rquese en una aventura inolvidable desde Bayahibe, donde embarcar\u00e1 en lanchas r\u00e1pidas o catamaranes seg\u00fan el programa del d\u00eda. Disfrute de emocionantes paseos en ambos tipos de embarcaciones. A continuaci\u00f3n, descubra la Piscina Natural situada entre la isla Saona y Bayahibe. Rel\u00e1jese con bebidas, saque fotos impresionantes y b\u00e1\u00f1ese en las aguas cristalinas, de s\u00f3lo unos metros de profundidad, perfectas para todas las edades.<\/p>\n<p>Llegar a la isla Saona es un momento impresionante. Al pisar la isla, comience su viaje por este para\u00edso tropical. Pasee tranquilamente por la costa virgen, recoja conchas marinas y disfrute de la relajante brisa marina de la excursi\u00f3n a la isla Saona desde Santo Domingo.<\/p>\n<p>Cuando llegue el mediod\u00eda, disfrute de un apetitoso buf\u00e9 al estilo dominicano preparado por nuestra atenta tripulaci\u00f3n. Saboree una selecci\u00f3n de platos tradicionales e internacionales mientras admira la impresionante belleza de la isla Saona.<\/p>\n<div class=\"toggle-content__content toggle-content__content--expanded toggle-content__content--packable\" data-v-59485d64=\"\">\n<div data-test-id=\"activity-full-description-text\" data-v-5835c99c=\"\">Cuando el d\u00eda llegue a su fin, regrese a Santo Domingo a bordo del catamar\u00e1n, donde podr\u00e1 unirse a una animada fiesta y disfrutar de barra libre. Despu\u00e9s de un d\u00eda emocionante, le llevaremos a su hotel para que su aventura termine con estilo y comodidad.<\/div>\n<\/div>\n<div class=\"toggle-content__label-placeholder\" data-v-59485d64=\"\"><\/div>","protected":false},"excerpt":{"rendered":"<div data-track=\"overview\" data-v-83a2b402=\"\">\n<section id=\"activity-overview\" class=\"activity-overview\" data-component=\"overview\" data-v-83a2b402=\"\" data-v-f3236c42=\"\">\n<p class=\"activity-overview__content\" data-test-id=\"activity-overview-content\" data-v-f3236c42=\"\">Navegue en catamar\u00e1n o lancha r\u00e1pida hasta la isla Saona en una excursi\u00f3n de un d\u00eda desde Punta Cana. B\u00e1\u00f1ese en las aguas cristalinas de la Piscina Natural y disfrute de un delicioso almuerzo en la playa.<\/p>\n<\/section>\n<\/div>\n<div data-track=\"key-details\" data-v-83a2b402=\"\"><\/div>","protected":false},"featured_media":13411,"template":"","meta":[],"product_brand":[],"product_cat":[97,98],"product_tag":[101,102],"class_list":{"0":"post-13186","1":"product","2":"type-product","3":"status-publish","4":"has-post-thumbnail","6":"product_cat-dominican-republic","7":"product_cat-saona-island","8":"product_tag-excursion","9":"product_tag-tour","11":"first","12":"instock","13":"sale","14":"shipping-taxable","15":"product-type-external"},"_links":{"self":[{"href":"https:\/\/placessites.com\/es\/wp-json\/wp\/v2\/product\/13186","targetHints":{"allow":["GET"]}}],"collection":[{"href":"https:\/\/placessites.com\/es\/wp-json\/wp\/v2\/product"}],"about":[{"href":"https:\/\/placessites.com\/es\/wp-json\/wp\/v2\/types\/product"}],"wp:featuredmedia":[{"embeddable":true,"href":"https:\/\/placessites.com\/es\/wp-json\/wp\/v2\/media\/13411"}],"wp:attachment":[{"href":"https:\/\/placessites.com\/es\/wp-json\/wp\/v2\/media?parent=13186"}],"wp:term":[{"taxonomy":"product_brand","embeddable":true,"href":"https:\/\/placessites.com\/es\/wp-json\/wp\/v2\/product_brand?post=13186"},{"taxonomy":"product_cat","embeddable":true,"href":"https:\/\/placessites.com\/es\/wp-json\/wp\/v2\/product_cat?post=13186"},{"taxonomy":"product_tag","embeddable":true,"href":"https:\/\/placessites.com\/es\/wp-json\/wp\/v2\/product_tag?post=13186"}],"curies":[{"name":"wp","href":"https:\/\/api.w.org\/{rel}","templated":true}]}}