{"id":13107,"date":"2025-12-18T11:19:34","date_gmt":"2025-12-18T11:19:34","guid":{"rendered":"https:\/\/placessites.com\/?post_type=product&#038;p=13107"},"modified":"2026-02-11T04:42:59","modified_gmt":"2026-02-11T04:42:59","slug":"saona-premium-mano-juan-canto-de-la-playa-visita-turistica","status":"publish","type":"product","link":"https:\/\/placessites.com\/es\/visita\/saona-premium-mano-juan-canto-de-la-playa-visita-turistica\/","title":{"rendered":"Saona premium mano Juan canto de la playa visita tur\u00edstica"},"content":{"rendered":"<p>Saona Premium Mano Juan Canto de la playa visita tur\u00edstica<\/p>\n<p>Nuestra emocionante aventura comienza con un paseo en lancha r\u00e1pida hasta el impresionante Canto de la Playa, un rinc\u00f3n paradis\u00edaco de la isla Saona conocido por su arena blanca y sus aguas turquesas. Disfruta de este entorno id\u00edlico, t\u00f3mate un tiempo para relajarte bajo el sol caribe\u00f1o y sum\u00e9rgete en sus aguas cristalinas.<\/p>\n<p>*Exploraci\u00f3n en Mano Juan.<\/p>\n<p>A continuaci\u00f3n nos dirigiremos al pintoresco pueblo de Mano Juan, un encantador asentamiento donde podr\u00e1 experimentar la aut\u00e9ntica vida de los isle\u00f1os. Pasee por sus coloridas calles y descubra la historia y la cultura locales, interactuando con los amables residentes con la excursi\u00f3n Saona Premium Mano Juan Canto de la playa.<\/p>\n<p>*Buffet dominicano con bebidas<\/p>\n<p>Cuando el hambre apriete, disfrute de un delicioso buf\u00e9 dominicano preparado al estilo tradicional. Saboree una variedad de platos t\u00edpicos, acompa\u00f1ados de refrescantes bebidas, y sum\u00e9rjase en la riqueza gastron\u00f3mica de la regi\u00f3n.<\/p>\n<p>*Visita al Santuario de Tortugas.<\/p>\n<p>Despu\u00e9s, visitaremos el impresionante santuario de tortugas de la isla. Aprenda sobre los esfuerzos de conservaci\u00f3n y vea de cerca a estas fascinantes criaturas en su h\u00e1bitat natural.<\/p>\n<p>*Un ba\u00f1o en la Piscina Natural<\/p>\n<p>A continuaci\u00f3n, nos dirigiremos a una espectacular piscina natural en medio del mar. Estas aguas poco profundas y cristalinas son perfectas para darse un ba\u00f1o relajante y refrescante rodeado de la belleza del Caribe.<\/p>\n<p>*Fiesta en catamar\u00e1n<\/p>\n<p>Por \u00faltimo, embarcaremos en nuestro catamar\u00e1n para disfrutar de una animada fiesta de regreso. Disfrute de buena m\u00fasica, baile, bebidas y la mejor compa\u00f1\u00eda mientras navega por las aguas turquesas hasta el punto de partida. Esta vibrante fiesta ser\u00e1 el final perfecto para un d\u00eda inolvidable en la isla Saona.<\/p>\n<div class=\"toggle-content__content toggle-content__content--expanded toggle-content__content--packable\" data-v-59485d64=\"\">\n<div data-test-id=\"activity-full-description-text\" data-v-5835c99c=\"\">Saona Premium Mano Juan Canto de la playa visita tur\u00edstica<\/div>\n<\/div>\n<div class=\"toggle-content__label-placeholder\" data-v-59485d64=\"\"><\/div>","protected":false},"excerpt":{"rendered":"<div data-track=\"overview\" data-v-83a2b402=\"\">\n<section id=\"activity-overview\" class=\"activity-overview\" data-component=\"overview\" data-v-83a2b402=\"\" data-v-f3236c42=\"\">\n<p class=\"activity-overview__content\" data-test-id=\"activity-overview-content\" data-v-f3236c42=\"\">Descubra la belleza de la playa salvaje de Canto de la Playa, el pueblo de pescadores y el Parque Nacional a bordo de un c\u00f3modo barco. Visite el vivero de tortugas y tenga la oportunidad de ver las cr\u00edas.<\/p>\n<\/section>\n<\/div>\n<div data-track=\"key-details\" data-v-83a2b402=\"\"><\/div>","protected":false},"featured_media":13333,"template":"","meta":[],"product_brand":[],"product_cat":[97,98],"product_tag":[101,102],"class_list":{"0":"post-13107","1":"product","2":"type-product","3":"status-publish","4":"has-post-thumbnail","6":"product_cat-dominican-republic","7":"product_cat-saona-island","8":"product_tag-excursion","9":"product_tag-tour","11":"first","12":"instock","13":"sale","14":"shipping-taxable","15":"product-type-external"},"_links":{"self":[{"href":"https:\/\/placessites.com\/es\/wp-json\/wp\/v2\/product\/13107","targetHints":{"allow":["GET"]}}],"collection":[{"href":"https:\/\/placessites.com\/es\/wp-json\/wp\/v2\/product"}],"about":[{"href":"https:\/\/placessites.com\/es\/wp-json\/wp\/v2\/types\/product"}],"wp:featuredmedia":[{"embeddable":true,"href":"https:\/\/placessites.com\/es\/wp-json\/wp\/v2\/media\/13333"}],"wp:attachment":[{"href":"https:\/\/placessites.com\/es\/wp-json\/wp\/v2\/media?parent=13107"}],"wp:term":[{"taxonomy":"product_brand","embeddable":true,"href":"https:\/\/placessites.com\/es\/wp-json\/wp\/v2\/product_brand?post=13107"},{"taxonomy":"product_cat","embeddable":true,"href":"https:\/\/placessites.com\/es\/wp-json\/wp\/v2\/product_cat?post=13107"},{"taxonomy":"product_tag","embeddable":true,"href":"https:\/\/placessites.com\/es\/wp-json\/wp\/v2\/product_tag?post=13107"}],"curies":[{"name":"wp","href":"https:\/\/api.w.org\/{rel}","templated":true}]}}