{"id":13037,"date":"2025-12-18T11:16:47","date_gmt":"2025-12-18T11:16:47","guid":{"rendered":"https:\/\/placessites.com\/?post_type=product&#038;p=13037"},"modified":"2026-02-11T04:04:49","modified_gmt":"2026-02-11T04:04:49","slug":"excursion-privada-a-la-isla-saona-para-10-personas","status":"publish","type":"product","link":"https:\/\/placessites.com\/es\/visita\/excursion-privada-a-la-isla-saona-para-10-personas\/","title":{"rendered":"Excursi\u00f3n privada a la Isla Saona para m\u00e1s de 10 personas"},"content":{"rendered":"<p>Excursi\u00f3n privada a la Isla Saona para m\u00e1s de 10 personas<\/p>\n<p>La isla Saona es la quintaesencia del para\u00edso caribe\u00f1o, una joya enclavada en las aguas turquesas de la Rep\u00fablica Dominicana. Un viaje en barco hasta sus costas ba\u00f1adas por el sol es una de las aventuras m\u00e1s buscadas por los viajeros. Imag\u00ednese esto: kil\u00f3metros de suave arena dorada ba\u00f1ada por aguas cristalinas, enmarcadas por cocoteros que se mecen suavemente con la c\u00e1lida brisa. Este entorno id\u00edlico crea el tel\u00f3n de fondo perfecto para un d\u00eda lleno de relajaci\u00f3n y felicidad.<\/p>\n<p>En una excursi\u00f3n t\u00edpica, los hu\u00e9spedes disfrutar\u00e1n del abrazo del sol, sintiendo la suave arena bajo los pies y escuchando el suave sonido de las olas rompiendo en la orilla.<\/p>\n<p>Ya sea nadando en las vibrantes y c\u00e1lidas aguas o descansando con una refrescante bebida en la mano, cada momento en la isla es un trozo de para\u00edso. Para completar la experiencia, le espera una suntuosa barbacoa con delicias locales, como langosta reci\u00e9n asada que deleita el paladar. La isla Saona ofrece una escapada inolvidable a la felicidad tropical.<\/p>\n<p>Excursi\u00f3n privada a la Isla Saona para m\u00e1s de 10 personas \u00a1ya est\u00e1 disponible!<\/p>","protected":false},"excerpt":{"rendered":"<div data-track=\"overview\" data-v-83a2b402=\"\">\n<section id=\"activity-overview\" class=\"activity-overview\" data-component=\"overview\" data-v-83a2b402=\"\" data-v-f3236c42=\"\">\n<p class=\"activity-overview__content\" data-test-id=\"activity-overview-content\" data-v-f3236c42=\"\">La isla Saona es el ep\u00edtome del para\u00edso caribe\u00f1o, por lo que un viaje en barco a sus soleadas costas es una de las excursiones m\u00e1s populares de la Rep\u00fablica Dominicana.<\/p>\n<\/section>\n<\/div>\n<div data-track=\"key-details\" data-v-83a2b402=\"\"><\/div>","protected":false},"featured_media":13263,"template":"","meta":[],"product_brand":[],"product_cat":[97,98],"product_tag":[101,102],"class_list":{"0":"post-13037","1":"product","2":"type-product","3":"status-publish","4":"has-post-thumbnail","6":"product_cat-dominican-republic","7":"product_cat-saona-island","8":"product_tag-excursion","9":"product_tag-tour","11":"first","12":"instock","13":"sale","14":"shipping-taxable","15":"product-type-external"},"_links":{"self":[{"href":"https:\/\/placessites.com\/es\/wp-json\/wp\/v2\/product\/13037","targetHints":{"allow":["GET"]}}],"collection":[{"href":"https:\/\/placessites.com\/es\/wp-json\/wp\/v2\/product"}],"about":[{"href":"https:\/\/placessites.com\/es\/wp-json\/wp\/v2\/types\/product"}],"wp:featuredmedia":[{"embeddable":true,"href":"https:\/\/placessites.com\/es\/wp-json\/wp\/v2\/media\/13263"}],"wp:attachment":[{"href":"https:\/\/placessites.com\/es\/wp-json\/wp\/v2\/media?parent=13037"}],"wp:term":[{"taxonomy":"product_brand","embeddable":true,"href":"https:\/\/placessites.com\/es\/wp-json\/wp\/v2\/product_brand?post=13037"},{"taxonomy":"product_cat","embeddable":true,"href":"https:\/\/placessites.com\/es\/wp-json\/wp\/v2\/product_cat?post=13037"},{"taxonomy":"product_tag","embeddable":true,"href":"https:\/\/placessites.com\/es\/wp-json\/wp\/v2\/product_tag?post=13037"}],"curies":[{"name":"wp","href":"https:\/\/api.w.org\/{rel}","templated":true}]}}