{"id":11276,"date":"2025-12-18T10:06:31","date_gmt":"2025-12-18T10:06:31","guid":{"rendered":"https:\/\/placessites.com\/?post_type=product&#038;p=11276"},"modified":"2026-01-05T17:09:56","modified_gmt":"2026-01-05T17:09:56","slug":"punta-cana-excursion-en-barco-a-isla-saona-barra-libre-almuerzo-buffet","status":"publish","type":"product","link":"https:\/\/placessites.com\/es\/visita\/punta-cana-excursion-en-barco-a-isla-saona-barra-libre-almuerzo-buffet\/","title":{"rendered":"Punta Cana: Excursi\u00f3n en barco a Isla Saona, barra libre y almuerzo buffet"},"content":{"rendered":"<p>Punta Cana: Excursi\u00f3n en barco a Isla Saona, barra libre y almuerzo buffet<\/p>\n<p>Descubra las maravillas de Isla Saona en una excursi\u00f3n de un d\u00eda desde Punta Cana. B\u00e1\u00f1ese en una piscina natural, contemple la diversa flora y fauna de la isla y conozca su rica historia y cultura. Disfrute de un almuerzo t\u00edpico dominicano y de bebidas en la isla.<\/p>\n<p>Recogida en su hotel de Punta Cana y traslado al muelle. Suba a bordo de un barco y zarpe hacia Isla Saona. Haga una parada en una piscina natural de aguas cristalinas y un hermoso paisaje. B\u00e1\u00f1ese en la piscina y sienta el clima tropical y el sol en la piel.<\/p>\n<p>Admire la biodiversidad de Isla Saona, tanto en sus aguas como en su tierra. Contemple una gran variedad de flora y fauna. En sus playas, observe aves marinas y cangrejos, mientras que en el mar, nade junto a peces tropicales y, si tiene suerte, divise delfines y mantarrayas.<\/p>\n<p>De camino a la isla, contemple manglares y bosques tropicales con diversas especies vegetales. Conozca la rica historia y cultura de la isla. La isla ha estado habitada durante siglos por distintos grupos ind\u00edgenas, como los ta\u00ednos.<\/p>\n<p>En la actualidad, la isla alberga una peque\u00f1a comunidad de pescadores y artesanos, que mantienen vivas las tradiciones y la artesan\u00eda locales. Conozca la cultura dominicana a trav\u00e9s de la m\u00fasica, la danza y la artesan\u00eda t\u00edpica.<\/p>\n<p>Llegada a un club de playa privado en Isla Saona y disfrute de un almuerzo cl\u00e1sico con bebidas. Despu\u00e9s del almuerzo, dispondr\u00e1 de tiempo libre para relajarse en la playa, nadar en el mar o participar en diversas actividades acu\u00e1ticas.<\/p>","protected":false},"excerpt":{"rendered":"<div data-track=\"overview\" data-v-83a2b402=\"\">\n<section id=\"activity-overview\" class=\"activity-overview\" data-component=\"overview\" data-v-83a2b402=\"\" data-v-f3236c42=\"\">\n<p class=\"activity-overview__content\" data-test-id=\"activity-overview-content\" data-v-f3236c42=\"\">Descubra la belleza natural de Isla Saona en una excursi\u00f3n de un d\u00eda desde Punta Cana. Disfrute de arenas blancas y aguas turquesas y rel\u00e1jese en un club de playa privado con un delicioso almuerzo buffet y bebidas.<\/p>\n<\/section>\n<\/div>\n<div data-track=\"key-details\" data-v-83a2b402=\"\"><\/div>","protected":false},"featured_media":11580,"template":"","meta":[],"product_brand":[],"product_cat":[97,98],"product_tag":[101,102],"class_list":{"0":"post-11276","1":"product","2":"type-product","3":"status-publish","4":"has-post-thumbnail","6":"product_cat-dominican-republic","7":"product_cat-saona-island","8":"product_tag-excursion","9":"product_tag-tour","11":"first","12":"instock","13":"sale","14":"shipping-taxable","15":"product-type-external"},"_links":{"self":[{"href":"https:\/\/placessites.com\/es\/wp-json\/wp\/v2\/product\/11276","targetHints":{"allow":["GET"]}}],"collection":[{"href":"https:\/\/placessites.com\/es\/wp-json\/wp\/v2\/product"}],"about":[{"href":"https:\/\/placessites.com\/es\/wp-json\/wp\/v2\/types\/product"}],"wp:featuredmedia":[{"embeddable":true,"href":"https:\/\/placessites.com\/es\/wp-json\/wp\/v2\/media\/11580"}],"wp:attachment":[{"href":"https:\/\/placessites.com\/es\/wp-json\/wp\/v2\/media?parent=11276"}],"wp:term":[{"taxonomy":"product_brand","embeddable":true,"href":"https:\/\/placessites.com\/es\/wp-json\/wp\/v2\/product_brand?post=11276"},{"taxonomy":"product_cat","embeddable":true,"href":"https:\/\/placessites.com\/es\/wp-json\/wp\/v2\/product_cat?post=11276"},{"taxonomy":"product_tag","embeddable":true,"href":"https:\/\/placessites.com\/es\/wp-json\/wp\/v2\/product_tag?post=11276"}],"curies":[{"name":"wp","href":"https:\/\/api.w.org\/{rel}","templated":true}]}}