{"id":10724,"date":"2025-12-18T09:44:47","date_gmt":"2025-12-18T09:44:47","guid":{"rendered":"https:\/\/placessites.com\/?post_type=product&#038;p=10724"},"modified":"2025-12-18T09:57:02","modified_gmt":"2025-12-18T09:57:02","slug":"saona-island-from-punta-cana","status":"publish","type":"product","link":"https:\/\/placessites.com\/es\/visita\/saona-island-from-punta-cana\/","title":{"rendered":"Isla Saona Desde Punta Cana"},"content":{"rendered":"<div class=\"woocommerce-product-details__short-description\">\n<div data-track=\"overview\" data-v-83a2b402=\"\">\n<section id=\"activity-overview\" class=\"activity-overview\" data-component=\"overview\" data-v-83a2b402=\"\" data-v-f3236c42=\"\">\n<p data-test-id=\"activity-overview-content\" data-v-f3236c42=\"\"><strong>Isla Saona Desde Punta Cana<\/strong><\/p>\n<p class=\"activity-overview__content\" data-test-id=\"activity-overview-content\" data-v-f3236c42=\"\">Descubra la belleza natural de la Rep\u00fablica Dominicana en una excursi\u00f3n de un d\u00eda a la isla Saona. Rel\u00e1jate en sus playas v\u00edrgenes, b\u00e1\u00f1ate en sus aguas cristalinas y toma el sol.<\/p>\n<\/section>\n<\/div>\n<\/div>\n<p>Emb\u00e1rquese en un viaje para descubrir la impresionante isla Saona. Esta excursi\u00f3n de d\u00eda completo ofrece la belleza natural de la Rep\u00fablica Dominicana. Navegue hasta la fascinante Isla Saona, un para\u00edso tropical dentro del Parque Nacional del Este. Las playas v\u00edrgenes de la isla, sus aguas cristalinas y su vibrante vida marina ofrecen una escapada tranquila.<\/p>\n<p>Aqu\u00ed podr\u00e1 pasear por las playas v\u00edrgenes, relajarse bajo las ondulantes palmeras o explorar el vibrante mundo submarino. Disfrute de un almuerzo tradicional dominicano, que le permitir\u00e1 saborear los sabores y la cocina local. Despu\u00e9s de comer, sum\u00e9rjase en la belleza natural de la isla, explore sus diversos ecosistemas o rel\u00e1jese tomando el sol.<\/p>\n<p>El viaje de vuelta es igualmente encantador, con una parada en una piscina natural en medio del oc\u00e9ano, donde podr\u00e1 observar estrellas de mar en su h\u00e1bitat natural. La serenidad del entorno y el suave batir de las olas crean una atm\u00f3sfera relajante, con la que concluir\u00e1 el d\u00eda con una nota de tranquilidad. Finalmente, le llevar\u00e1n c\u00f3modamente de vuelta a su hotel, recordando las aventuras del d\u00eda y las inolvidables experiencias vividas.<\/p>","protected":false},"excerpt":{"rendered":"<div data-track=\"overview\" data-v-83a2b402=\"\">\n<section id=\"activity-overview\" class=\"activity-overview\" data-component=\"overview\" data-v-83a2b402=\"\" data-v-f3236c42=\"\">\n<p class=\"activity-overview__content\" data-test-id=\"activity-overview-content\" data-v-f3236c42=\"\">Descubra la belleza natural de la Rep\u00fablica Dominicana en una excursi\u00f3n de un d\u00eda a la isla Saona. Rel\u00e1jate en sus playas v\u00edrgenes, b\u00e1\u00f1ate en sus aguas cristalinas y toma el sol.<\/p>\n<\/section>\n<\/div>\n<div data-track=\"key-details\" data-v-83a2b402=\"\"><\/div>","protected":false},"featured_media":11029,"template":"","meta":[],"product_brand":[],"product_cat":[97,98],"product_tag":[101,102],"class_list":{"0":"post-10724","1":"product","2":"type-product","3":"status-publish","4":"has-post-thumbnail","6":"product_cat-dominican-republic","7":"product_cat-saona-island","8":"product_tag-excursion","9":"product_tag-tour","11":"first","12":"instock","13":"sale","14":"shipping-taxable","15":"product-type-external"},"_links":{"self":[{"href":"https:\/\/placessites.com\/es\/wp-json\/wp\/v2\/product\/10724","targetHints":{"allow":["GET"]}}],"collection":[{"href":"https:\/\/placessites.com\/es\/wp-json\/wp\/v2\/product"}],"about":[{"href":"https:\/\/placessites.com\/es\/wp-json\/wp\/v2\/types\/product"}],"wp:featuredmedia":[{"embeddable":true,"href":"https:\/\/placessites.com\/es\/wp-json\/wp\/v2\/media\/11029"}],"wp:attachment":[{"href":"https:\/\/placessites.com\/es\/wp-json\/wp\/v2\/media?parent=10724"}],"wp:term":[{"taxonomy":"product_brand","embeddable":true,"href":"https:\/\/placessites.com\/es\/wp-json\/wp\/v2\/product_brand?post=10724"},{"taxonomy":"product_cat","embeddable":true,"href":"https:\/\/placessites.com\/es\/wp-json\/wp\/v2\/product_cat?post=10724"},{"taxonomy":"product_tag","embeddable":true,"href":"https:\/\/placessites.com\/es\/wp-json\/wp\/v2\/product_tag?post=10724"}],"curies":[{"name":"wp","href":"https:\/\/api.w.org\/{rel}","templated":true}]}}