{"id":10416,"date":"2025-12-18T09:34:02","date_gmt":"2025-12-18T09:34:02","guid":{"rendered":"https:\/\/placessites.com\/?post_type=product&#038;p=10416"},"modified":"2026-02-09T05:55:07","modified_gmt":"2026-02-09T05:55:07","slug":"samana-cayo-levantado-paseo-en-barco-con-almuerzo-buffet","status":"publish","type":"product","link":"https:\/\/placessites.com\/es\/visita\/samana-cayo-levantado-paseo-en-barco-con-almuerzo-buffet\/","title":{"rendered":"Excursi\u00f3n en Catamar\u00e1n a la Isla Saona: Almuerzo y Barra Libre"},"content":{"rendered":"<h2>Excursi\u00f3n en Catamar\u00e1n a la Isla Saona: Almuerzo y Barra Libre<\/h2>\n<p>Entre en el para\u00edso de la isla Saona, donde los exuberantes paisajes y las aguas cristalinas crean una escapada caribe\u00f1a inolvidable. Una excursi\u00f3n en catamar\u00e1n o en lancha r\u00e1pida a este impresionante destino figura entre las mejores excursiones de la Rep\u00fablica Dominicana, y con raz\u00f3n. Imagine arenas doradas que se extienden sin fin, aguas cristalinas de color turquesa y cocoteros meci\u00e9ndose para enmarcar su d\u00eda perfecto al sol, acompa\u00f1ado del delicioso ron dominicano. Esta excursi\u00f3n le permitir\u00e1 sumergirse de lleno en la belleza de la naturaleza mientras saborea una deliciosa barbacoa.<\/p>\n<p>Itinerario:<br \/>\n- 9:00-10:00 AM: Nuestra aventura comienza cuando partimos de la encantadora ciudad de Bayahibe. Mientras nos deslizamos sobre el mar brillante a bordo de un espacioso catamar\u00e1n, prep\u00e1rese para una experiencia estimulante llena de m\u00fasica, entretenimiento animado y una variedad de bebidas para mantener el ambiente festivo.<\/p>\n<p>- Nuestra primera parada encantadora es en Palmilla, una impresionante piscina natural donde podr\u00e1 nadar en aguas tranquilas y c\u00e1lidas y encontrarse con delicadas estrellas de mar al alcance de la mano, lo que supone una experiencia submarina realmente \u00fanica.<\/p>\n<p>- Continuando nuestro viaje, nos acercaremos a nuestra exclusiva playa de Isla Saona, una joya oculta que promete cautivarle. En apenas 30-45 minutos, llegar\u00e1s a uno de los destinos m\u00e1s pintorescos del Caribe, donde cada mirada revela vistas de postal.<\/p>\n<p>- Durante su estancia en la playa, disfrute de nuestro bar abierto, que ofrece agua refrescante, refrescos con gas, zumos reci\u00e9n exprimidos y suave ron dominicano, para que su sed est\u00e9 siempre saciada.<\/p>\n<p>- De 13:00 a 14:00, del\u00e9itese con un exquisito buf\u00e9 internacional con el mar turquesa como tel\u00f3n de fondo. Disfrute de la suave brisa mientras cena a la sombra de las palmeras, mientras el sonido de las olas rompiendo en la orilla crea una relajante banda sonora para su comida.<\/p>\n<p>- Hacia las 15:00: A medida que el d\u00eda termina, comenzaremos nuestro sereno viaje de regreso a Bayahibe, reflexionando sobre los momentos m\u00e1gicos vividos, antes de regresar a nuestro punto de partida alrededor de las 5:00 PM.<\/p>\n<p>Acomp\u00e1\u00f1enos en un d\u00eda lleno de belleza, relajaci\u00f3n y recuerdos inolvidables.<\/p>","protected":false},"excerpt":{"rendered":"<div data-track=\"overview\" data-v-56a1a938=\"\">\n<section id=\"activity-overview\" class=\"activity-overview\" data-component=\"overview\" data-v-56a1a938=\"\" data-v-f3236c42=\"\">\n<p class=\"activity-overview__content\" data-test-id=\"activity-overview-content\" data-v-f3236c42=\"\">Saona Disfruta del tour numero 1 del Caribe Isla Saona, una aventura unica que sin duda y te gusta la aventura este tour de dia completo es para ti La persona de Cap Cana paga un extra10us<\/p>\n<\/section>\n<\/div>\n<div data-track=\"key-details\" data-v-56a1a938=\"\"><\/div>","protected":false},"featured_media":10359,"template":"","meta":[],"product_brand":[],"product_cat":[97,98],"product_tag":[101,102],"class_list":{"0":"post-10416","1":"product","2":"type-product","3":"status-publish","4":"has-post-thumbnail","6":"product_cat-dominican-republic","7":"product_cat-saona-island","8":"product_tag-excursion","9":"product_tag-tour","11":"first","12":"instock","13":"sale","14":"shipping-taxable","15":"product-type-external"},"_links":{"self":[{"href":"https:\/\/placessites.com\/es\/wp-json\/wp\/v2\/product\/10416","targetHints":{"allow":["GET"]}}],"collection":[{"href":"https:\/\/placessites.com\/es\/wp-json\/wp\/v2\/product"}],"about":[{"href":"https:\/\/placessites.com\/es\/wp-json\/wp\/v2\/types\/product"}],"wp:featuredmedia":[{"embeddable":true,"href":"https:\/\/placessites.com\/es\/wp-json\/wp\/v2\/media\/10359"}],"wp:attachment":[{"href":"https:\/\/placessites.com\/es\/wp-json\/wp\/v2\/media?parent=10416"}],"wp:term":[{"taxonomy":"product_brand","embeddable":true,"href":"https:\/\/placessites.com\/es\/wp-json\/wp\/v2\/product_brand?post=10416"},{"taxonomy":"product_cat","embeddable":true,"href":"https:\/\/placessites.com\/es\/wp-json\/wp\/v2\/product_cat?post=10416"},{"taxonomy":"product_tag","embeddable":true,"href":"https:\/\/placessites.com\/es\/wp-json\/wp\/v2\/product_tag?post=10416"}],"curies":[{"name":"wp","href":"https:\/\/api.w.org\/{rel}","templated":true}]}}