{"id":10246,"date":"2025-12-18T09:28:14","date_gmt":"2025-12-18T09:28:14","guid":{"rendered":"https:\/\/placessites.com\/?post_type=product&#038;p=10246"},"modified":"2026-02-09T04:24:21","modified_gmt":"2026-02-09T04:24:21","slug":"punta-cana-isla-saona-excursion-en-catamaran-de-un-dia-con-entradas-y-almuerzo","status":"publish","type":"product","link":"https:\/\/placessites.com\/es\/visita\/punta-cana-isla-saona-excursion-en-catamaran-de-un-dia-con-entradas-y-almuerzo\/","title":{"rendered":"Punta Cana: Excursi\u00f3n de un d\u00eda en catamar\u00e1n a la Isla Saona con entradas y almuerzo"},"content":{"rendered":"<p><strong>Punta Cana: Excursi\u00f3n de un d\u00eda en catamar\u00e1n a la Isla Saona con entradas y almuerzo<\/strong><\/p>\n<p>Benef\u00edciese del servicio de recogida y traslado al hotel, haga una parada en una enorme piscina natural y disfrute de un tentempi\u00e9 sobre la marcha. Disfrute de los servicios de un gu\u00eda tur\u00edstico, monte en lancha r\u00e1pida y catamar\u00e1n, y disfrute de un almuerzo buf\u00e9 con bebidas incluidas.<\/p>\n<p>Comience la excursi\u00f3n embarcando en una lancha r\u00e1pida y dir\u00edjase a la isla Saona. Por el camino, det\u00e9ngase a nadar en una piscina natural de aguas cristalinas que le llegar\u00e1 hasta la cintura. Si tiene suerte, podr\u00e1 ver una estrella de mar.<\/p>\n<p>Cuando llegue a la isla Saona, tendr\u00e1 muchas actividades entre las que elegir. Sum\u00e9rjase en las aguas turquesas, visite el bar abierto, \u00e9chese una siesta en una tumbona de playa, pasee por la orilla o juegue al voleibol.<\/p>\n<p>Del\u00e9itese con un almuerzo t\u00edpico dominicano a base de pollo, cerdo, arroz, jud\u00edas, ensalada y fruta. Incluso podr\u00e1 disfrutar de langosta y bebidas premium si reserva la opci\u00f3n VIP. T\u00f3mese su tiempo para descubrir la isla y hacerlo todo.<\/p>","protected":false},"excerpt":{"rendered":"<div data-track=\"overview\" data-v-83a2b402=\"\">\n<section id=\"activity-overview\" class=\"activity-overview\" data-component=\"overview\" data-v-83a2b402=\"\" data-v-f3236c42=\"\">\n<p class=\"activity-overview__content\" data-test-id=\"activity-overview-content\" data-v-f3236c42=\"\">Visite la isla Saona, actualmente la excursi\u00f3n m\u00e1s popular ofrecida en la Rep\u00fablica Dominicana. Explore esta playa tropical por excelencia, con palmeras meci\u00e9ndose y arena blanca.<\/p>\n<\/section>\n<\/div>\n<div data-track=\"key-details\" data-v-83a2b402=\"\"><\/div>","protected":false},"featured_media":10662,"template":"","meta":[],"product_brand":[],"product_cat":[97,98],"product_tag":[101,99,100,102],"class_list":{"0":"post-10246","1":"product","2":"type-product","3":"status-publish","4":"has-post-thumbnail","6":"product_cat-dominican-republic","7":"product_cat-saona-island","8":"product_tag-excursion","9":"product_tag-isla-saona","10":"product_tag-saona-island","11":"product_tag-tour","13":"first","14":"instock","15":"sale","16":"shipping-taxable","17":"product-type-external"},"_links":{"self":[{"href":"https:\/\/placessites.com\/es\/wp-json\/wp\/v2\/product\/10246","targetHints":{"allow":["GET"]}}],"collection":[{"href":"https:\/\/placessites.com\/es\/wp-json\/wp\/v2\/product"}],"about":[{"href":"https:\/\/placessites.com\/es\/wp-json\/wp\/v2\/types\/product"}],"wp:featuredmedia":[{"embeddable":true,"href":"https:\/\/placessites.com\/es\/wp-json\/wp\/v2\/media\/10662"}],"wp:attachment":[{"href":"https:\/\/placessites.com\/es\/wp-json\/wp\/v2\/media?parent=10246"}],"wp:term":[{"taxonomy":"product_brand","embeddable":true,"href":"https:\/\/placessites.com\/es\/wp-json\/wp\/v2\/product_brand?post=10246"},{"taxonomy":"product_cat","embeddable":true,"href":"https:\/\/placessites.com\/es\/wp-json\/wp\/v2\/product_cat?post=10246"},{"taxonomy":"product_tag","embeddable":true,"href":"https:\/\/placessites.com\/es\/wp-json\/wp\/v2\/product_tag?post=10246"}],"curies":[{"name":"wp","href":"https:\/\/api.w.org\/{rel}","templated":true}]}}