{"id":10194,"date":"2025-12-18T09:26:35","date_gmt":"2025-12-18T09:26:35","guid":{"rendered":"https:\/\/placessites.com\/?post_type=product&#038;p=10194"},"modified":"2026-02-09T04:22:22","modified_gmt":"2026-02-09T04:22:22","slug":"santo-domingo-isla-saona-excursion-en-catamaran-con-almuerzo-bar","status":"publish","type":"product","link":"https:\/\/placessites.com\/es\/visita\/santo-domingo-isla-saona-excursion-en-catamaran-con-almuerzo-bar\/","title":{"rendered":"Santo Domingo: Excursi\u00f3n en Catamar\u00e1n a la Isla Saona con Almuerzo y Bar"},"content":{"rendered":"<p><strong>Santo Domingo: Excursi\u00f3n en Catamar\u00e1n a la Isla Saona con Almuerzo y Bar<\/strong><\/p>\n<p>Emb\u00e1rquese en una excursi\u00f3n de un d\u00eda completo desde Santo Domingo hasta el para\u00edso tropical de la isla Saona, en el coraz\u00f3n del Caribe, conocida por sus playas de arena blanca, aguas cristalinas e impresionantes paisajes.<\/p>\n<p>Comience con un viaje en coche hasta Bayahibe y, a continuaci\u00f3n, suba a bordo de un catamar\u00e1n para dar comienzo a su aventura. Durante el trayecto, haz una pausa para sumergirte en una piscina natural de aguas cristalinas y poca profundidad, hogar de grandes estrellas de mar.<\/p>\n<p>Una vez en la isla Saona, disfrute de la libertad de elegir entre diversas actividades. Aproveche al m\u00e1ximo las aguas turquesas, beba en un bar abierto, rel\u00e1jese en las hamacas de la playa, d\u00e9 un paseo por la orilla o participe en un animado partido de voleibol.<\/p>\n<p>Por \u00faltimo, del\u00e9itese con un almuerzo tradicional dominicano que ofrece deliciosas opciones como pollo, cerdo, arroz, jud\u00edas, ensalada y fruta fresca.<\/p>","protected":false},"excerpt":{"rendered":"<div data-track=\"overview\" data-v-83a2b402=\"\">\n<section id=\"activity-overview\" class=\"activity-overview\" data-component=\"overview\" data-v-83a2b402=\"\" data-v-f3236c42=\"\">\n<p class=\"activity-overview__content\" data-test-id=\"activity-overview-content\" data-v-f3236c42=\"\">\u00danase a una excursi\u00f3n de un d\u00eda desde Santo Domingo a la isla Saona, rodeada de manglares, arrecifes de coral y playas bordeadas de palmeras. B\u00e1\u00f1ese en una piscina natural, saboree un almuerzo dominicano y del\u00e9itese con una barra libre.<\/p>\n<\/section>\n<\/div>\n<div data-track=\"key-details\" data-v-83a2b402=\"\"><\/div>","protected":false},"featured_media":10594,"template":"","meta":[],"product_brand":[],"product_cat":[97],"product_tag":[101,102],"class_list":{"0":"post-10194","1":"product","2":"type-product","3":"status-publish","4":"has-post-thumbnail","6":"product_cat-dominican-republic","7":"product_tag-excursion","8":"product_tag-tour","10":"first","11":"instock","12":"sale","13":"shipping-taxable","14":"product-type-external"},"_links":{"self":[{"href":"https:\/\/placessites.com\/es\/wp-json\/wp\/v2\/product\/10194","targetHints":{"allow":["GET"]}}],"collection":[{"href":"https:\/\/placessites.com\/es\/wp-json\/wp\/v2\/product"}],"about":[{"href":"https:\/\/placessites.com\/es\/wp-json\/wp\/v2\/types\/product"}],"wp:featuredmedia":[{"embeddable":true,"href":"https:\/\/placessites.com\/es\/wp-json\/wp\/v2\/media\/10594"}],"wp:attachment":[{"href":"https:\/\/placessites.com\/es\/wp-json\/wp\/v2\/media?parent=10194"}],"wp:term":[{"taxonomy":"product_brand","embeddable":true,"href":"https:\/\/placessites.com\/es\/wp-json\/wp\/v2\/product_brand?post=10194"},{"taxonomy":"product_cat","embeddable":true,"href":"https:\/\/placessites.com\/es\/wp-json\/wp\/v2\/product_cat?post=10194"},{"taxonomy":"product_tag","embeddable":true,"href":"https:\/\/placessites.com\/es\/wp-json\/wp\/v2\/product_tag?post=10194"}],"curies":[{"name":"wp","href":"https:\/\/api.w.org\/{rel}","templated":true}]}}