{"id":10187,"date":"2025-12-18T09:26:35","date_gmt":"2025-12-18T09:26:35","guid":{"rendered":"https:\/\/placessites.com\/?post_type=product&#038;p=10187"},"modified":"2026-02-09T04:19:37","modified_gmt":"2026-02-09T04:19:37","slug":"nadar-con-delfines-en-punta-cana","status":"publish","type":"product","link":"https:\/\/placessites.com\/es\/visita\/nadar-con-delfines-en-punta-cana\/","title":{"rendered":"Nadar con delfines en Punta Cana"},"content":{"rendered":"<p><strong>Nadar con delfines en Punta Cana<\/strong><\/p>\n<p>Somos un parque natural ubicado en Punta Cana, Rep\u00fablica Dominicana, cuyo principal atractivo es nadar e interactuar con delfines en el mar. Nuestra principal misi\u00f3n es proporcionarte una experiencia \u00fanica e inolvidable mientras aprendes sobre la conservaci\u00f3n de la biodiversidad terrestre y marina.<\/p>\n<p>Todo ello en un entorno natural de gran belleza, donde la exuberante vegetaci\u00f3n se encuentra con las c\u00e1lidas aguas del mar Caribe.<\/p>\n<p>As\u00ed que d\u00e9jese llevar por el impulso de la naturaleza y venga a explorar las muchas oportunidades que le est\u00e1n esperando.<\/p>\n<p>Puede elegir entre nuestros diferentes planes de interacci\u00f3n o de nataci\u00f3n:<\/p>\n<p>Fant\u00e1stico programa<\/p>\n<p>No hace falta ser un experto nadador para tener una bonita experiencia con delfines. \u00a1\u00a1\u00a1Todo el mundo puede participar en este programa!!!<\/p>\n<p>Uno de nuestros simp\u00e1ticos delfines le dar\u00e1 la bienvenida con sus amistosas aletas y entonces podr\u00e1 disfrutar del m\u00e1gico momento de besar a un delf\u00edn.<\/p>\n<p>* Est\u00e1 dise\u00f1ado para un m\u00e1ximo de 20 personas por grupo<\/p>\n<p>* Tiempo en agua: 40 minutos<\/p>\n<p>*Incluye actividad con 1 (un) delf\u00edn<\/p>\n<p>* Dise\u00f1ado para todo tipo de nadadores, desde principiantes hasta expertos<\/p>\n<p>Programa Explorador \u00a1La aventura es lo que se vive con este programa! Prep\u00e1rate para nadar con nuestros simp\u00e1ticos delfines y descubrir su asombrosa fuerza mezclada con dulzura.<\/p>\n<p>Durante 50 minutos en el agua, bailar\u00e1 y jugar\u00e1 con ellos y despu\u00e9s recibir\u00e1 un tierno beso de delf\u00edn. Tambi\u00e9n realizar\u00e1s interacciones como el paseo ventral y el paseo dorsal.<\/p>\n<p>Programa dise\u00f1ado para un m\u00e1ximo de 12 personas por grupo Este programa ha sido dise\u00f1ado para nadadores de nivel intermedio y superior.<\/p>\n<p>Programa de Excelencia<\/p>\n<p>Aprender\u00e1 bajo la direcci\u00f3n de nuestros entrenadores a realizar el Footpush, en el que los delfines le empujar\u00e1n a toda velocidad. Tambi\u00e9n disfrutar\u00e1 de la incre\u00edble experiencia de realizar un paseo dorsal con ambos delfines. Podr\u00e1 admirar c\u00f3mo los delfines saltan por encima de usted.<\/p>\n<p>Tiempo en el agua, 60 minutos Este programa est\u00e1 dise\u00f1ado para un m\u00e1ximo de 10 personas por grupo. Habr\u00e1 dos delfines por grupo Para personas que tengan un nivel intermedio o superior, para nadar<\/p>","protected":false},"excerpt":{"rendered":"<div data-track=\"overview\" data-v-83a2b402=\"\">\n<section id=\"activity-overview\" class=\"activity-overview\" data-component=\"overview\" data-v-83a2b402=\"\" data-v-f3236c42=\"\">\n<p class=\"activity-overview__content\" data-test-id=\"activity-overview-content\" data-v-f3236c42=\"\">- Disfrute de una experiencia incomparable e inolvidable con los delfines.<\/p>\n<\/section>\n<\/div>\n<div data-track=\"key-details\" data-v-83a2b402=\"\"><\/div>","protected":false},"featured_media":10474,"template":"","meta":[],"product_brand":[],"product_cat":[97],"product_tag":[101,102],"class_list":{"0":"post-10187","1":"product","2":"type-product","3":"status-publish","4":"has-post-thumbnail","6":"product_cat-dominican-republic","7":"product_tag-excursion","8":"product_tag-tour","10":"first","11":"instock","12":"sale","13":"shipping-taxable","14":"product-type-external"},"_links":{"self":[{"href":"https:\/\/placessites.com\/es\/wp-json\/wp\/v2\/product\/10187","targetHints":{"allow":["GET"]}}],"collection":[{"href":"https:\/\/placessites.com\/es\/wp-json\/wp\/v2\/product"}],"about":[{"href":"https:\/\/placessites.com\/es\/wp-json\/wp\/v2\/types\/product"}],"wp:featuredmedia":[{"embeddable":true,"href":"https:\/\/placessites.com\/es\/wp-json\/wp\/v2\/media\/10474"}],"wp:attachment":[{"href":"https:\/\/placessites.com\/es\/wp-json\/wp\/v2\/media?parent=10187"}],"wp:term":[{"taxonomy":"product_brand","embeddable":true,"href":"https:\/\/placessites.com\/es\/wp-json\/wp\/v2\/product_brand?post=10187"},{"taxonomy":"product_cat","embeddable":true,"href":"https:\/\/placessites.com\/es\/wp-json\/wp\/v2\/product_cat?post=10187"},{"taxonomy":"product_tag","embeddable":true,"href":"https:\/\/placessites.com\/es\/wp-json\/wp\/v2\/product_tag?post=10187"}],"curies":[{"name":"wp","href":"https:\/\/api.w.org\/{rel}","templated":true}]}}