{"id":10181,"date":"2025-12-18T09:26:35","date_gmt":"2025-12-18T09:26:35","guid":{"rendered":"https:\/\/placessites.com\/?post_type=product&#038;p=10181"},"modified":"2026-02-09T04:16:54","modified_gmt":"2026-02-09T04:16:54","slug":"traslados-privados-del-aeropuerto-de-punta-cana-a-los-hoteles","status":"publish","type":"product","link":"https:\/\/placessites.com\/es\/visita\/traslados-privados-del-aeropuerto-de-punta-cana-a-los-hoteles\/","title":{"rendered":"Traslados privados desde el aeropuerto de Punta Cana a los hoteles"},"content":{"rendered":"<p><strong>Traslados privados desde el aeropuerto de Punta Cana a los hoteles<\/strong><\/p>\n<p>Al bajar del avi\u00f3n en Punta Cana, sentir\u00e1 inmediatamente el calor del sol caribe\u00f1o abraz\u00e1ndole. Tras recoger su equipaje, se dirigir\u00e1 a la zona de llegadas, donde le esperar\u00e1 su conductor con un cartel con su nombre.<\/p>\n<p>Con una sonrisa amable, le recibir\u00e1n y le acompa\u00f1ar\u00e1n a su veh\u00edculo privado, convenientemente aparcado justo fuera de la terminal. Mientras se acomoda en los c\u00f3modos asientos, apreciar\u00e1 el refrescante frescor que proporciona el sistema de control de temperatura del veh\u00edculo. Si lo ha solicitado con antelaci\u00f3n, ya habr\u00e1 una sillita de beb\u00e9 para la seguridad y comodidad de su peque\u00f1o.<\/p>\n<p>Una vez reunido el grupo, el conductor sortear\u00e1 con destreza el bullicioso tr\u00e1fico del aeropuerto, alej\u00e1ndole de la terminal y llev\u00e1ndole a las carreteras abiertas de Punta Cana. Por el camino, vislumbrar\u00e1 el exuberante paisaje tropical que define este bello destino, con palmeras ondulantes y aguas turquesas que salpican el paisaje.<\/p>\n<p>Mientras se dirige a su hotel, el conductor le contar\u00e1 cosas interesantes sobre Punta Cana y le ofrecer\u00e1 consejos y recomendaciones para que aproveche al m\u00e1ximo su estancia. Si\u00e9ntase libre de hacer preguntas o simplemente sentarse y disfrutar del viaje, sabiendo que est\u00e1 en buenas manos.<\/p>\n<p>Una vez finalizado el traslado, bajar\u00e1 del veh\u00edculo y se dirigir\u00e1 al acogedor abrazo de su hotel, listo para comenzar su aventura en Punta Cana. De principio a fin, su experiencia de traslado al aeropuerto ser\u00e1 suave, c\u00f3moda y libre de estr\u00e9s, estableciendo el tono perfecto para su escapada al Caribe.<\/p>","protected":false},"excerpt":{"rendered":"<div data-track=\"overview\" data-v-56a1a938=\"\">\n<section id=\"activity-overview\" class=\"activity-overview\" data-component=\"overview\" data-v-56a1a938=\"\" data-v-f3236c42=\"\">\n<p class=\"activity-overview__content\" data-test-id=\"activity-overview-content\" data-v-f3236c42=\"\">Disfrute de traslados fluidos desde el aeropuerto de Punta Cana con nuestros veh\u00edculos privados. Evite la molestia de compartir viajes con extra\u00f1os para un viaje sin estr\u00e9s a su hotel.<\/p>\n<\/section>\n<\/div>\n<div data-track=\"key-details\" data-v-56a1a938=\"\"><\/div>","protected":false},"featured_media":10382,"template":"","meta":[],"product_brand":[],"product_cat":[97],"product_tag":[101,102],"class_list":{"0":"post-10181","1":"product","2":"type-product","3":"status-publish","4":"has-post-thumbnail","6":"product_cat-dominican-republic","7":"product_tag-excursion","8":"product_tag-tour","10":"first","11":"instock","12":"sale","13":"shipping-taxable","14":"product-type-external"},"_links":{"self":[{"href":"https:\/\/placessites.com\/es\/wp-json\/wp\/v2\/product\/10181","targetHints":{"allow":["GET"]}}],"collection":[{"href":"https:\/\/placessites.com\/es\/wp-json\/wp\/v2\/product"}],"about":[{"href":"https:\/\/placessites.com\/es\/wp-json\/wp\/v2\/types\/product"}],"wp:featuredmedia":[{"embeddable":true,"href":"https:\/\/placessites.com\/es\/wp-json\/wp\/v2\/media\/10382"}],"wp:attachment":[{"href":"https:\/\/placessites.com\/es\/wp-json\/wp\/v2\/media?parent=10181"}],"wp:term":[{"taxonomy":"product_brand","embeddable":true,"href":"https:\/\/placessites.com\/es\/wp-json\/wp\/v2\/product_brand?post=10181"},{"taxonomy":"product_cat","embeddable":true,"href":"https:\/\/placessites.com\/es\/wp-json\/wp\/v2\/product_cat?post=10181"},{"taxonomy":"product_tag","embeddable":true,"href":"https:\/\/placessites.com\/es\/wp-json\/wp\/v2\/product_tag?post=10181"}],"curies":[{"name":"wp","href":"https:\/\/api.w.org\/{rel}","templated":true}]}}