{"id":17761,"date":"2025-12-18T14:51:05","date_gmt":"2025-12-18T14:51:05","guid":{"rendered":"https:\/\/placessites.com\/?post_type=product&#038;p=17761"},"modified":"2025-12-18T15:00:30","modified_gmt":"2025-12-18T15:00:30","slug":"ab-la-romana-saona-insel-fur-costa-kreuzfahrten-passagiere","status":"publish","type":"product","link":"https:\/\/placessites.com\/de\/tour\/ab-la-romana-saona-insel-fur-costa-kreuzfahrten-passagiere\/","title":{"rendered":"Ab La Romana: Die Insel Saona f\u00fcr Costa Kreuzfahrten-Passagiere"},"content":{"rendered":"<h2>Ab La Romana: Die Insel Saona f\u00fcr Costa Kreuzfahrten-Passagiere<\/h2>\n<p>Am Taxistand am Ausgang des Kreuzfahrtterminals, wo sich alle Passagiere Ihrer Kreuzfahrt versammeln, wird ein Transportmittel auf Sie warten. Der Fahrer wird Sie zu unserem B\u00fcro in Bayahibe, dem Ausgangspunkt des Abenteuers, fahren.<\/p>\n<p class=\"p1\">Begeben Sie sich auf ein unvergessliches Abenteuer w\u00e4hrend dieses Ausflugs zum Saona-Nationalpark, wo Sie einige der atemberaubendsten Orte der Insel erkunden werden. Ihre Reise beginnt mit einer malerischen Fahrt entlang der atemberaubenden K\u00fcstenlinie des Cotubana-Nationalparks, der f\u00fcr seine \u00fcppigen Mangroven, beeindruckenden Kalksteinfelsen und \u00fcppigen W\u00e4lder bekannt ist. Die landschaftlich reizvolle Route zur Insel Saona dauert etwa eine Stunde und bietet ausreichend Zeit, um die nat\u00fcrliche Sch\u00f6nheit der Umgebung zu genie\u00dfen.<\/p>\n<p class=\"p1\">Wir treffen uns um 9:00 Uhr an der BanReservas Bank am Eingang des Bayahibe Beach. Unsere freundlichen Mitarbeiter begr\u00fc\u00dfen Sie und begleiten Sie zum Hafen, wo Sie ein Armband zur einfachen Identifizierung erhalten, bevor Sie Ihr Boot f\u00fcr das Tagesabenteuer besteigen.<\/p>\n<p class=\"p1\">Zu Beginn der Tour haben Sie die M\u00f6glichkeit, in das kristallklare Wasser der Playa Bonita einzutauchen, die ruhige Sch\u00f6nheit der nat\u00fcrlichen Pools zu genie\u00dfen und das malerische Dorf Mano Juan zu erkunden. Der Zauber des Tages geht weiter mit organisierten Schnorchelausfl\u00fcgen unter der Leitung unserer erfahrenen Crew, die daf\u00fcr sorgt, dass Ihnen die notwendige Ausr\u00fcstung zur Verf\u00fcgung steht, sobald Sie den Strand erreichen, wo ein k\u00f6stliches Mittagessen auf Sie wartet.<\/p>\n<p class=\"p1\">Am Ende dieses herrlichen Tages voller Sonne, Meer und Entdeckungen kehren Sie zum Hafen zur\u00fcck, an dem die Reise begann, und nehmen die Erinnerungen an ein wahrhaft magisches Erlebnis im Paradies des Saona-Nationalparks mit.<\/p>\n<p class=\"p1\">Was beinhaltet sie?<\/p>\n<div class=\"toggle-content__content toggle-content__content--expanded toggle-content__content--packable\" data-v-59485d64=\"\">\n<div data-test-id=\"activity-full-description-text\" data-v-5835c99c=\"\">Die Tour endet in Bayahibe, wo Ihr Transport Sie zur\u00fcck zum Hafen von La Romana bringen wird.<\/div>\n<\/div>\n<div class=\"toggle-content__label-placeholder\" data-v-59485d64=\"\"><\/div>","protected":false},"excerpt":{"rendered":"<div data-track=\"overview\" data-v-83a2b402=\"\">\n<section id=\"activity-overview\" class=\"activity-overview\" data-component=\"overview\" data-v-83a2b402=\"\" data-v-f3236c42=\"\">\n<p class=\"activity-overview__content\" data-test-id=\"activity-overview-content\" data-v-f3236c42=\"\">Erkunden Sie den S\u00fcden der Insel Saona und entfliehen Sie den Menschenmassen, um das Fischerdorf Mano Juan und den unber\u00fchrten Strand von Canto de la playa auf unserem familienfreundlichen Boot zu erleben.<\/p>\n<\/section>\n<\/div>\n<div data-track=\"key-details\" data-v-83a2b402=\"\"><\/div>","protected":false},"featured_media":17961,"template":"","meta":[],"product_brand":[],"product_cat":[98],"product_tag":[101,102],"class_list":{"0":"post-17761","1":"product","2":"type-product","3":"status-publish","4":"has-post-thumbnail","6":"product_cat-saona-island","7":"product_tag-excursion","8":"product_tag-tour","10":"first","11":"instock","12":"sale","13":"shipping-taxable","14":"product-type-external"},"_links":{"self":[{"href":"https:\/\/placessites.com\/de\/wp-json\/wp\/v2\/product\/17761","targetHints":{"allow":["GET"]}}],"collection":[{"href":"https:\/\/placessites.com\/de\/wp-json\/wp\/v2\/product"}],"about":[{"href":"https:\/\/placessites.com\/de\/wp-json\/wp\/v2\/types\/product"}],"wp:featuredmedia":[{"embeddable":true,"href":"https:\/\/placessites.com\/de\/wp-json\/wp\/v2\/media\/17961"}],"wp:attachment":[{"href":"https:\/\/placessites.com\/de\/wp-json\/wp\/v2\/media?parent=17761"}],"wp:term":[{"taxonomy":"product_brand","embeddable":true,"href":"https:\/\/placessites.com\/de\/wp-json\/wp\/v2\/product_brand?post=17761"},{"taxonomy":"product_cat","embeddable":true,"href":"https:\/\/placessites.com\/de\/wp-json\/wp\/v2\/product_cat?post=17761"},{"taxonomy":"product_tag","embeddable":true,"href":"https:\/\/placessites.com\/de\/wp-json\/wp\/v2\/product_tag?post=17761"}],"curies":[{"name":"wp","href":"https:\/\/api.w.org\/{rel}","templated":true}]}}