{"id":17624,"date":"2025-12-18T14:45:06","date_gmt":"2025-12-18T14:45:06","guid":{"rendered":"https:\/\/placessites.com\/?post_type=product&#038;p=17624"},"modified":"2026-02-14T03:03:26","modified_gmt":"2026-02-14T03:03:26","slug":"punta-cana-saona-island-ganztagige-tour-fur-kleine-gruppen-2","status":"publish","type":"product","link":"https:\/\/placessites.com\/de\/tour\/punta-cana-saona-island-ganztagige-tour-fur-kleine-gruppen-2\/","title":{"rendered":"Punta Cana: Saona Island Ganzt\u00e4gige Tour f\u00fcr kleine Gruppen"},"content":{"rendered":"<h2>Punta Cana: Saona Island Ganzt\u00e4gige Tour f\u00fcr kleine Gruppen<\/h2>\n<p>Genie\u00dfen Sie einen ganzt\u00e4gigen Ausflug zur wundersch\u00f6nen Insel Saona, der von Punta Cana aus startet. Diese Tour findet in einer kleinen Gruppe mit maximal 14 Reisenden statt, um ein intimeres Abenteuer zu erleben.<\/p>\n<p>Ihre Reise beginnt mit der Abholung von Ihrem Wohnort in Punta Cana, oder Sie k\u00f6nnen sich direkt zum Treffpunkt am Bavaro Beach begeben. Bitte beachten Sie, dass Kunden aus Cap Cana eine zus\u00e4tzliche Geb\u00fchr von US$ $20 f\u00fcr den Transport zahlen m\u00fcssen.<\/p>\n<p>Der erste Halt ist die Stadt Mano Juan, die ein Schildkr\u00f6tenschutzprojekt beherbergt. Nach einem kurzen Besuch in Mano Juan k\u00f6nnen Sie an einem geheimen Strand ein erfrischendes Bad nehmen und dabei die atemberaubende Aussicht genie\u00dfen. Als N\u00e4chstes besuchen Sie den Strand von Abanico, wo ein k\u00f6stliches Mittagsbuffet auf Sie wartet und Sie Zeit zum Entspannen am Strand haben.<\/p>\n<p>Nach dem Mittagessen haben Sie die M\u00f6glichkeit, den Palmilla Beach zu besuchen, wo Sie nach Seesternen suchen k\u00f6nnen. Die Tour beinhaltet auch ein Schnorchelerlebnis am Riff von Bayahibe, bevor es zur\u00fcck nach Punta Cana geht.<\/p>\n<p>Fr\u00fchst\u00fcck und Mittagessen sind im Tourpaket enthalten. Auch wenn es manchmal m\u00f6glich ist, w\u00e4hrend des Besuchs des Schutzgebiets Schildkr\u00f6tenbabys schl\u00fcpfen zu sehen, ist der Hauptzweck dieses Stopps die Unterst\u00fctzung der wertvollen Schutzarbeit des \u00f6rtlichen Leiters Pelagio Paulino.<\/p>","protected":false},"excerpt":{"rendered":"<div data-track=\"overview\" data-v-83a2b402=\"\">\n<section id=\"activity-overview\" class=\"activity-overview\" data-component=\"overview\" data-v-83a2b402=\"\" data-v-f3236c42=\"\">\n<p class=\"activity-overview__content\" data-test-id=\"activity-overview-content\" data-v-f3236c42=\"\">Saona Island Kleingruppen Ganztagestour ab Punta Cana: Erkunden Sie die wundersch\u00f6ne Insel Saona und besuchen Sie 4 verschiedene Str\u00e4nde, Schnorcheln mit Seesternen und Fischen. Speed Boat Experience, Hotel Pick Up.<\/p>\n<\/section>\n<\/div>\n<div data-track=\"key-details\" data-v-83a2b402=\"\"><\/div>","protected":false},"featured_media":16145,"template":"","meta":[],"product_brand":[],"product_cat":[97,98],"product_tag":[101,102],"class_list":{"0":"post-17624","1":"product","2":"type-product","3":"status-publish","4":"has-post-thumbnail","6":"product_cat-dominican-republic","7":"product_cat-saona-island","8":"product_tag-excursion","9":"product_tag-tour","11":"first","12":"instock","13":"sale","14":"shipping-taxable","15":"product-type-external"},"_links":{"self":[{"href":"https:\/\/placessites.com\/de\/wp-json\/wp\/v2\/product\/17624","targetHints":{"allow":["GET"]}}],"collection":[{"href":"https:\/\/placessites.com\/de\/wp-json\/wp\/v2\/product"}],"about":[{"href":"https:\/\/placessites.com\/de\/wp-json\/wp\/v2\/types\/product"}],"wp:featuredmedia":[{"embeddable":true,"href":"https:\/\/placessites.com\/de\/wp-json\/wp\/v2\/media\/16145"}],"wp:attachment":[{"href":"https:\/\/placessites.com\/de\/wp-json\/wp\/v2\/media?parent=17624"}],"wp:term":[{"taxonomy":"product_brand","embeddable":true,"href":"https:\/\/placessites.com\/de\/wp-json\/wp\/v2\/product_brand?post=17624"},{"taxonomy":"product_cat","embeddable":true,"href":"https:\/\/placessites.com\/de\/wp-json\/wp\/v2\/product_cat?post=17624"},{"taxonomy":"product_tag","embeddable":true,"href":"https:\/\/placessites.com\/de\/wp-json\/wp\/v2\/product_tag?post=17624"}],"curies":[{"name":"wp","href":"https:\/\/api.w.org\/{rel}","templated":true}]}}