{"id":17612,"date":"2025-12-18T14:44:41","date_gmt":"2025-12-18T14:44:41","guid":{"rendered":"https:\/\/placessites.com\/?post_type=product&#038;p=17612"},"modified":"2025-12-18T14:52:20","modified_gmt":"2025-12-18T14:52:20","slug":"asombrosa-actividad-en-buggy-por-la-playa-de-macao-y-cueva","status":"publish","type":"product","link":"https:\/\/placessites.com\/de\/tour\/asombrosa-actividad-en-buggy-por-la-playa-de-macao-y-cueva\/","title":{"rendered":"Asombrosa actividad en buggy por la playa de macao y cueva"},"content":{"rendered":"<p>Entdecken Sie die Natursch\u00f6nheiten von Punta Cana in einer spannenden Buggy-Tour. Diese gef\u00fchrte Tour f\u00fchrt Sie durch beeindruckende Landschaften, darunter Playas de arena blanca und Cenotes cristalinos. Perfekt f\u00fcr Liebhaber des Adrenalins und der Natur.      Reiseroute:                                                                                                            Begr\u00fc\u00dfung und Vorbereitung: Abholung im Hotel und Transport zum Ausgangspunkt. Einweisung und Ausr\u00fcstung: Einf\u00fchrung in die Buggys und Sicherheitsvorkehrungen. Aventura en Buggy: Befahrung von Off-Road-Strecken, Besuch einer Playa Virgen. Exploraci\u00f3n de un Cenote: Zeit zum Baden und Erforschen. R\u00fcckreise: R\u00fcckfahrt zum Ausgangspunkt und Transfer zum Hotel.Entdecken Sie die nat\u00fcrliche Sch\u00f6nheit von Punta Cana bei einem aufregenden Buggy-Abenteuer. Diese gef\u00fchrte Tour f\u00fchrt Sie durch atemberaubende Landschaften, darunter wei\u00dfe Sandstr\u00e4nde und kristallklare Cenoten.<\/p>\n<p>Lange Beschreibung Entdecken Sie die nat\u00fcrliche Sch\u00f6nheit von Punta Cana bei einem aufregenden Buggy-Abenteuer. Diese gef\u00fchrte Tour f\u00fchrt Sie durch atemberaubende Landschaften, darunter wei\u00dfe Sandstr\u00e4nde und kristallklare Cenoten. Perfekt f\u00fcr Adrenalin- und Naturliebhaber. Reiseverlauf: Empfang und Vorbereitungen: Abholung im Hotel und Transfer zum Startpunkt. Einweisung und Ausr\u00fcstung: Einf\u00fchrung in die Buggys und Sicherheitsma\u00dfnahmen. Buggy-Abenteuer: Fahrt auf Offroad-Stra\u00dfen, Besuch eines unber\u00fchrten Strandes. Erkundung einer Cenote: Zeit zum Schwimmen und Erkunden. R\u00fcckkehr: R\u00fcckfahrt zum Ausgangspunkt und Transfer zum Hotel.<\/p>\n<div class=\"toggle-content__label-placeholder\" data-v-59485d64=\"\"><\/div>","protected":false},"excerpt":{"rendered":"<div data-track=\"overview\" data-v-83a2b402=\"\">\n<section id=\"activity-overview\" class=\"activity-overview\" data-component=\"overview\" data-v-83a2b402=\"\" data-v-f3236c42=\"\">\n<p class=\"activity-overview__content\" data-test-id=\"activity-overview-content\" data-v-f3236c42=\"\">Entdecken Sie die Natursch\u00f6nheiten von Punta Cana. Sie zahlen 20 \u20ac f\u00fcr die Voranmeldung und den Rest von 25 \u20ac f\u00fcr das aufregende Buggy-Abenteuer auf der Ranch. Diese gef\u00fchrte Tour f\u00fchrt Sie durch atemberaubende Landschaften, einschlie\u00dflich wei\u00dfem Sand<\/p>\n<\/section>\n<\/div>\n<div data-track=\"key-details\" data-v-83a2b402=\"\"><\/div>","protected":false},"featured_media":17783,"template":"","meta":[],"product_brand":[],"product_cat":[97],"product_tag":[101,102],"class_list":{"0":"post-17612","1":"product","2":"type-product","3":"status-publish","4":"has-post-thumbnail","6":"product_cat-dominican-republic","7":"product_tag-excursion","8":"product_tag-tour","10":"first","11":"instock","12":"shipping-taxable","13":"product-type-external"},"_links":{"self":[{"href":"https:\/\/placessites.com\/de\/wp-json\/wp\/v2\/product\/17612","targetHints":{"allow":["GET"]}}],"collection":[{"href":"https:\/\/placessites.com\/de\/wp-json\/wp\/v2\/product"}],"about":[{"href":"https:\/\/placessites.com\/de\/wp-json\/wp\/v2\/types\/product"}],"wp:featuredmedia":[{"embeddable":true,"href":"https:\/\/placessites.com\/de\/wp-json\/wp\/v2\/media\/17783"}],"wp:attachment":[{"href":"https:\/\/placessites.com\/de\/wp-json\/wp\/v2\/media?parent=17612"}],"wp:term":[{"taxonomy":"product_brand","embeddable":true,"href":"https:\/\/placessites.com\/de\/wp-json\/wp\/v2\/product_brand?post=17612"},{"taxonomy":"product_cat","embeddable":true,"href":"https:\/\/placessites.com\/de\/wp-json\/wp\/v2\/product_cat?post=17612"},{"taxonomy":"product_tag","embeddable":true,"href":"https:\/\/placessites.com\/de\/wp-json\/wp\/v2\/product_tag?post=17612"}],"curies":[{"name":"wp","href":"https:\/\/api.w.org\/{rel}","templated":true}]}}