{"id":16961,"date":"2025-12-18T14:15:57","date_gmt":"2025-12-18T14:15:57","guid":{"rendered":"https:\/\/placessites.com\/?post_type=product&#038;p=16961"},"modified":"2025-12-18T14:19:23","modified_gmt":"2025-12-18T14:19:23","slug":"ganztagige-bootstour-auf-der-insel-saona-mit-getrankebuffet-und-mittagessen","status":"publish","type":"product","link":"https:\/\/placessites.com\/de\/tour\/ganztagige-bootstour-auf-der-insel-saona-mit-getrankebuffet-und-mittagessen\/","title":{"rendered":"Insel Saona: Ganzt\u00e4gige Bootstour mit Getr\u00e4nken und Mittagsbuffet"},"content":{"rendered":"<h2>Insel Saona: Ganzt\u00e4gige Bootstour mit Getr\u00e4nken und Mittagsbuffet<\/h2>\n<p>Steigen Sie an Bord unseres aufregenden Schnellboots und tauchen Sie w\u00e4hrend dieses unvergesslichen ganzt\u00e4gigen Inselabenteuers in die erfrischende Brise der Karibik ein. Stellen Sie sich vor, wie Sie auf der atemberaubenden Insel Saona in der Sonne liegen und sich mit einem erfrischenden Bad in einem nat\u00fcrlichen Pool inmitten der Weite des Meeres abk\u00fchlen.<\/p>\n<p>Unsere Reise beginnt im atemberaubenden Cotubanam\u00e1-Nationalpark, der den Ton f\u00fcr einen epischen Tag angibt. Erleben Sie pure Gl\u00fcckseligkeit, wenn wir uns zum bezaubernden Palmilla begeben, einem nat\u00fcrlichen Swimmingpool, der Ihre Sinne zu bet\u00f6ren verspricht. W\u00e4hrend Sie im kristallklaren, t\u00fcrkisfarbenen Wasser schwimmen, serviert Ihnen unser Team k\u00f6stliche Drinks, um Ihr Vergn\u00fcgen zu steigern. Lassen Sie sich von den freundlichen Seesternen und der faszinierenden Unterwasserwelt verzaubern, die diesen Ort ihr Zuhause nennen.<\/p>\n<p>Als N\u00e4chstes entf\u00fchren wir Sie in unseren exklusiven Beach Club auf der Insel, wo Sie drei Stunden Freizeit pur erwartet. Ob Sie sich am unber\u00fchrten Strand entspannen, ein Bad im einladenden Wasser nehmen oder eine aufregende Partie Beachvolleyball spielen m\u00f6chten, bleibt Ihnen \u00fcberlassen. Und um Ihre Geschmacksnerven zu befriedigen, wird Ihnen ein k\u00f6stliches Mittagsbuffet serviert, das Sie f\u00fcr den Rest des Abenteuers st\u00e4rkt.<\/p>\n<p>Aber damit ist die Aufregung noch nicht vorbei! Wir haben eine wunderbare \u00dcberraschung f\u00fcr Sie - eine ruhige Katamaran-Kreuzfahrt auf dem ruhigen Wasser, bei der Sie die atemberaubende Landschaft genie\u00dfen und Ihre Sorgen hinter sich lassen k\u00f6nnen. Dieses idyllische Erlebnis wird Sie verj\u00fcngen und Sie werden dankbar sein, dass Sie sich entschieden haben, an dieser unglaublichen Reise teilzunehmen.<\/p>\n<p>Z\u00f6gern Sie also nicht und g\u00f6nnen Sie sich diese au\u00dfergew\u00f6hnliche Eskapade. Begleiten Sie uns auf diesem \u00fcberzeugenden und unvergesslichen Inselausflug und schaffen Sie sich Erinnerungen, die ein Leben lang halten werden. Reservieren Sie jetzt Ihren Platz und lassen Sie die Magie der Karibik vor Ihren Augen aufbl\u00fchen.<\/p>","protected":false},"excerpt":{"rendered":"<div data-track=\"overview\" data-v-83a2b402=\"\">\n<section id=\"activity-overview\" class=\"activity-overview\" data-component=\"overview\" data-v-83a2b402=\"\" data-v-f3236c42=\"\">\n<p class=\"activity-overview__content\" data-test-id=\"activity-overview-content\" data-v-f3236c42=\"\">Bequemer und sicherer Transfer von Ihrem Hotel nach Bayahibe. Rundfahrt. Wundersch\u00f6ne Str\u00e4nde mit kristallklarem Wasser im Karibischen Meer. Cotubanama National Park.<\/p>\n<\/section>\n<\/div>\n<div data-track=\"key-details\" data-v-83a2b402=\"\"><\/div>","protected":false},"featured_media":17019,"template":"","meta":[],"product_brand":[],"product_cat":[97,98],"product_tag":[101,102],"class_list":{"0":"post-16961","1":"product","2":"type-product","3":"status-publish","4":"has-post-thumbnail","6":"product_cat-dominican-republic","7":"product_cat-saona-island","8":"product_tag-excursion","9":"product_tag-tour","11":"first","12":"instock","13":"sale","14":"shipping-taxable","15":"product-type-external"},"_links":{"self":[{"href":"https:\/\/placessites.com\/de\/wp-json\/wp\/v2\/product\/16961","targetHints":{"allow":["GET"]}}],"collection":[{"href":"https:\/\/placessites.com\/de\/wp-json\/wp\/v2\/product"}],"about":[{"href":"https:\/\/placessites.com\/de\/wp-json\/wp\/v2\/types\/product"}],"wp:featuredmedia":[{"embeddable":true,"href":"https:\/\/placessites.com\/de\/wp-json\/wp\/v2\/media\/17019"}],"wp:attachment":[{"href":"https:\/\/placessites.com\/de\/wp-json\/wp\/v2\/media?parent=16961"}],"wp:term":[{"taxonomy":"product_brand","embeddable":true,"href":"https:\/\/placessites.com\/de\/wp-json\/wp\/v2\/product_brand?post=16961"},{"taxonomy":"product_cat","embeddable":true,"href":"https:\/\/placessites.com\/de\/wp-json\/wp\/v2\/product_cat?post=16961"},{"taxonomy":"product_tag","embeddable":true,"href":"https:\/\/placessites.com\/de\/wp-json\/wp\/v2\/product_tag?post=16961"}],"curies":[{"name":"wp","href":"https:\/\/api.w.org\/{rel}","templated":true}]}}