{"id":16609,"date":"2025-12-18T13:59:14","date_gmt":"2025-12-18T13:59:14","guid":{"rendered":"https:\/\/placessites.com\/?post_type=product&#038;p=16609"},"modified":"2026-02-14T03:37:10","modified_gmt":"2026-02-14T03:37:10","slug":"ab-la-romana-saona-insel-fur-karnevalskreuzfahrtpassagiere","status":"publish","type":"product","link":"https:\/\/placessites.com\/de\/tour\/ab-la-romana-saona-insel-fur-karnevalskreuzfahrtpassagiere\/","title":{"rendered":"Von La Romana: Die Insel Saona f\u00fcr Carnival Cruises Passagiere"},"content":{"rendered":"<h2>Von La Romana: Die Insel Saona f\u00fcr Carnival Cruises Passagiere<\/h2>\n<p>Am Taxistand am Ausgang des Kreuzfahrthafens, wo sich alle Teilnehmer Ihrer Kreuzfahrt versammeln, wird ein Transportfahrzeug auf Sie warten. Der Fahrer bringt Sie zu unserem B\u00fcro in Bayahibe, dem Startpunkt des Ausflugs.<\/p>\n<p>Machen Sie sich bereit, die atemberaubende Insel Saona zu erleben!<\/p>\n<p>Unterwegs kommen wir am Penon vorbei, einer markanten Felsformation. Unser sachkundiger, englischsprachiger F\u00fchrer wird uns faszinierende Einblicke in die Geschichte und Kultur der Region geben, einschlie\u00dflich Geschichten \u00fcber das indigene Volk der Taino, das dieses Land einst bewohnte. Auf unserem weiteren Weg durchqueren wir den faszinierenden Mangrovenwald, ein pulsierendes Wunderland aus roten Mangroven, die im Salzwasser gedeihen.<\/p>\n<p>Schlie\u00dflich erreichen wir die Insel Saona!<\/p>\n<p>Unser erster Halt auf der Insel Saona ist der Catuano Beach, wo wir 20 Minuten verbringen werden. Dieser wundersch\u00f6ne Ort eignet sich perfekt zum Schnorcheln. Flossen, Masken und Schnorchel werden gestellt. Je nach Vorliebe k\u00f6nnen sich die Teilnehmer auf dem Boot entspannen, w\u00e4hrend andere schnorcheln.<\/p>\n<p>Nach diesem aufregenden Erlebnis gehen wir wieder an Bord des Bootes und fahren zum Strand von Abanico, wo wir ein k\u00f6stliches dominikanisches Mittagessen genie\u00dfen werden. Nach dem Essen schnappen Sie sich einen Hut und Sonnencreme, um ein erfrischendes Bad im t\u00fcrkisfarbenen Wasser der Insel Saona zu nehmen. Sie haben etwa eine Stunde Zeit, um am Strand zu entspannen, sch\u00f6ne Fotos zu machen und ein Nickerchen am Wasser zu machen.<\/p>\n<p>Zum Abschluss des Tages besuchen wir den ber\u00fchmten Naturpool, wo Sie wundersch\u00f6ne Seesterne entdecken k\u00f6nnen (Achtung: es ist verboten, sie zu ber\u00fchren). Genie\u00dfen Sie einen Drink im seichten, t\u00fcrkisfarbenen Wasser der Karibik und genie\u00dfen Sie diesen magischen, unvergesslichen Moment.<\/p>\n<p>Mit sch\u00f6nen Erinnerungen kehren wir dann zum Hafen von Bayahibe zur\u00fcck, wo Ihr Transport Sie zur\u00fcck zum Hafen von La Romana bringen wird.<\/p>","protected":false},"excerpt":{"rendered":"<p>Genie\u00dfen Sie eine Tour zur Insel Saona, die speziell f\u00fcr Kreuzfahrtpassagiere konzipiert wurde und im Hafen von La Romana Halt macht. Steigen Sie in ein komfortables Boot, genie\u00dfen Sie die wei\u00dfen Sandstr\u00e4nde und entdecken Sie den Naturpool.<\/p>\n<div data-track=\"key-details\" data-v-83a2b402=\"\"><\/div>","protected":false},"featured_media":16646,"template":"","meta":[],"product_brand":[],"product_cat":[97,98],"product_tag":[101,102],"class_list":{"0":"post-16609","1":"product","2":"type-product","3":"status-publish","4":"has-post-thumbnail","6":"product_cat-dominican-republic","7":"product_cat-saona-island","8":"product_tag-excursion","9":"product_tag-tour","11":"first","12":"instock","13":"sale","14":"shipping-taxable","15":"product-type-external"},"_links":{"self":[{"href":"https:\/\/placessites.com\/de\/wp-json\/wp\/v2\/product\/16609","targetHints":{"allow":["GET"]}}],"collection":[{"href":"https:\/\/placessites.com\/de\/wp-json\/wp\/v2\/product"}],"about":[{"href":"https:\/\/placessites.com\/de\/wp-json\/wp\/v2\/types\/product"}],"wp:featuredmedia":[{"embeddable":true,"href":"https:\/\/placessites.com\/de\/wp-json\/wp\/v2\/media\/16646"}],"wp:attachment":[{"href":"https:\/\/placessites.com\/de\/wp-json\/wp\/v2\/media?parent=16609"}],"wp:term":[{"taxonomy":"product_brand","embeddable":true,"href":"https:\/\/placessites.com\/de\/wp-json\/wp\/v2\/product_brand?post=16609"},{"taxonomy":"product_cat","embeddable":true,"href":"https:\/\/placessites.com\/de\/wp-json\/wp\/v2\/product_cat?post=16609"},{"taxonomy":"product_tag","embeddable":true,"href":"https:\/\/placessites.com\/de\/wp-json\/wp\/v2\/product_tag?post=16609"}],"curies":[{"name":"wp","href":"https:\/\/api.w.org\/{rel}","templated":true}]}}