{"id":16561,"date":"2025-12-18T13:57:02","date_gmt":"2025-12-18T13:57:02","guid":{"rendered":"https:\/\/placessites.com\/?post_type=product&#038;p=16561"},"modified":"2026-02-14T03:36:35","modified_gmt":"2026-02-14T03:36:35","slug":"-346","status":"publish","type":"product","link":"https:\/\/placessites.com\/de\/tour\/-346\/","title":{"rendered":"Von Punta Cana: Saona Island Ganztagestour mit Essen &amp; Getr\u00e4nken"},"content":{"rendered":"<h2>Von Punta Cana: Saona Island Ganztagestour mit Essen &amp; Getr\u00e4nken<\/h2>\n<p>Erleben Sie einen aufregenden Tagesausflug zur Insel Saona, wo Sie auf einem Katamaran die Seele baumeln lassen, sich an einem herrlichen Strand entspannen und ein k\u00f6stliches Mittagsbuffet mit einheimischer K\u00fcche genie\u00dfen k\u00f6nnen.<\/p>\n<p>Ihr Tag beginnt mit der Abholung vom Hotel und dem anschlie\u00dfenden Transfer zu einem Bus, der Sie nach Bayahibe bringt. Unterwegs haben Sie die M\u00f6glichkeit, anzuhalten und Souvenirs zu kaufen. In Bayahibe angekommen, gehen Sie an Bord eines Schnellbootes, das Sie zur Insel Saona bringt.<\/p>\n<p>W\u00e4hrend der Tour haben Sie die M\u00f6glichkeit, in einem wundersch\u00f6nen nat\u00fcrlichen Pool zu schwimmen, bevor Sie Ihre Reise zur Insel fortsetzen. Dort angekommen, haben Sie drei Stunden Freizeit am Strand, schwimmen und genie\u00dfen ein Mittagsbuffet. Nach einem erholsamen Tag kehren Sie mit einem luxuri\u00f6sen Katamaran nach Bayahibe zur\u00fcck und kehren dann zum Abschluss der Tour in Ihr Hotel zur\u00fcck.<\/p>\n<div class=\"toggle-content__label-placeholder\" data-v-59485d64=\"\"><\/div>","protected":false},"excerpt":{"rendered":"<div data-track=\"overview\" data-v-83a2b402=\"\">\n<section id=\"activity-overview\" class=\"activity-overview\" data-component=\"overview\" data-v-83a2b402=\"\" data-v-f3236c42=\"\">\n<p class=\"activity-overview__content\" data-test-id=\"activity-overview-content\" data-v-f3236c42=\"\">Erkunden Sie die Insel Saona und sehen Sie sich einige der sch\u00f6nen Sehensw\u00fcrdigkeiten an, die die Insel zu bieten hat. Schwimmen Sie in nat\u00fcrlichen Pools, genie\u00dfen Sie Zeit am Strand, entspannen Sie sich auf einem Katamaran und essen Sie zu Mittag an einem Buffet mit dominikanischer K\u00fcche.<\/p>\n<\/section>\n<\/div>\n<div data-track=\"key-details\" data-v-83a2b402=\"\"><\/div>","protected":false},"featured_media":16594,"template":"","meta":[],"product_brand":[],"product_cat":[97,98],"product_tag":[101,102],"class_list":{"0":"post-16561","1":"product","2":"type-product","3":"status-publish","4":"has-post-thumbnail","6":"product_cat-dominican-republic","7":"product_cat-saona-island","8":"product_tag-excursion","9":"product_tag-tour","11":"first","12":"instock","13":"sale","14":"shipping-taxable","15":"product-type-external"},"_links":{"self":[{"href":"https:\/\/placessites.com\/de\/wp-json\/wp\/v2\/product\/16561","targetHints":{"allow":["GET"]}}],"collection":[{"href":"https:\/\/placessites.com\/de\/wp-json\/wp\/v2\/product"}],"about":[{"href":"https:\/\/placessites.com\/de\/wp-json\/wp\/v2\/types\/product"}],"wp:featuredmedia":[{"embeddable":true,"href":"https:\/\/placessites.com\/de\/wp-json\/wp\/v2\/media\/16594"}],"wp:attachment":[{"href":"https:\/\/placessites.com\/de\/wp-json\/wp\/v2\/media?parent=16561"}],"wp:term":[{"taxonomy":"product_brand","embeddable":true,"href":"https:\/\/placessites.com\/de\/wp-json\/wp\/v2\/product_brand?post=16561"},{"taxonomy":"product_cat","embeddable":true,"href":"https:\/\/placessites.com\/de\/wp-json\/wp\/v2\/product_cat?post=16561"},{"taxonomy":"product_tag","embeddable":true,"href":"https:\/\/placessites.com\/de\/wp-json\/wp\/v2\/product_tag?post=16561"}],"curies":[{"name":"wp","href":"https:\/\/api.w.org\/{rel}","templated":true}]}}