{"id":16419,"date":"2025-12-18T13:50:07","date_gmt":"2025-12-18T13:50:07","guid":{"rendered":"https:\/\/placessites.com\/?post_type=product&#038;p=16419"},"modified":"2026-02-14T03:32:16","modified_gmt":"2026-02-14T03:32:16","slug":"-332","status":"publish","type":"product","link":"https:\/\/placessites.com\/de\/tour\/-332\/","title":{"rendered":"All-Inclusive Tagesausflug zur Insel Saona von Punta Cana aus"},"content":{"rendered":"<h2>All-Inclusive Tagesausflug zur Insel Saona von Punta Cana aus<\/h2>\n<p>Begeben Sie sich auf eine unvergessliche Reise zur Insel Saona, wo die unber\u00fchrte Sch\u00f6nheit der Dominikanischen Republik auf einer ganzt\u00e4gigen Tour ab Bayahibe auf Sie wartet. Dieses Paradies mit seinen sonnenverw\u00f6hnten Str\u00e4nden, dem klaren t\u00fcrkisfarbenen Wasser und den \u00fcppigen Palmen ist perfekt f\u00fcr alle, die der Natur entfliehen und in sie eintauchen m\u00f6chten.<\/p>\n<p>Ihr Abenteuer beginnt, wenn Sie an Bord eines schnittigen Schnellbootes gehen, das Sie \u00fcber das glitzernde Karibische Meer zur Insel Saona bringt. Sp\u00fcren Sie die erfrischende Brise auf Ihrer Haut, w\u00e4hrend Sie \u00fcber die Wellen schippern und die atemberaubende Aussicht auf die K\u00fcste und den leuchtend blauen Horizont genie\u00dfen.<\/p>\n<p>Bei Ihrer Ankunft werden Sie sich in einer tropischen Oase wiederfinden. Entspannen Sie sich bequem in einem Liegestuhl am Strand, genie\u00dfen Sie die warme Sonne oder schl\u00fcrfen Sie Ihren tropischen Lieblingsdrink an der All-Inclusive-Strandbar. Wenn Sie etwas Abwechslung suchen, k\u00f6nnen Sie sich bei einer Partie Beachvolleyball auf dem weichen, goldenen Sand von All-Inclusive Saona Island vergn\u00fcgen.<\/p>\n<p>Wenn Sie sich von all dem Spa\u00df Appetit geholt haben, treffen Sie sich zu einem k\u00f6stlichen traditionellen dominikanischen Mittagessen. Freuen Sie sich auf ein schmackhaftes Festmahl mit zartem H\u00fchnchen, saftigem Schweinefleisch, aromatischem Reis, frischem Gem\u00fcse, herzhaften Bohnen, knackigem Salat und einer Auswahl an saftigen tropischen Fr\u00fcchten, die alle zubereitet werden, um Ihre Geschmacksnerven zu verf\u00fchren.<\/p>\n<p>Ein Besuch auf der Insel Saona ist nicht vollst\u00e4ndig ohne einen Abstecher zum bezaubernden Naturschwimmbad am Playa Palmilla. Diese ruhige Oase liegt etwa 200 bis 300 Meter von der K\u00fcste entfernt und bietet seichtes Wasser, in dem man waten und das sanfte Pl\u00e4tschern der Wellen sp\u00fcren kann. Umgeben von einer malerischen Landschaft, ist dies der ideale Ort, um atemberaubende Fotos zu schie\u00dfen und bleibende Erinnerungen an dieses Erlebnis zu schaffen: <a href=\"https:\/\/bookingadventures.tours\/booking.php?slug=Punta_Cana_Catamaran_Boat_to_Saona_Island_with_Buffet_Lunch\" target=\"_blank\" rel=\"noopener\">All-Inclusive-Insel Saona.<\/a><\/p>\n<p>In dieser idyllischen Umgebung l\u00e4dt die Kombination aus atemberaubender Sch\u00f6nheit und perfektem Klima dazu ein, die Seele baumeln zu lassen und jeden Moment Ihres Tages auf Saona Island zu genie\u00dfen.<\/p>","protected":false},"excerpt":{"rendered":"<div data-track=\"overview\" data-v-83a2b402=\"\">\n<section id=\"activity-overview\" class=\"activity-overview\" data-component=\"overview\" data-v-83a2b402=\"\" data-v-f3236c42=\"\">\n<p class=\"activity-overview__content\" data-test-id=\"activity-overview-content\" data-v-f3236c42=\"\">Genie\u00dfen Sie einen Tagesausflug zur Insel Saona von LOCATION aus. Entspannen Sie sich am Strand, spielen Sie Beachvolleyball und genie\u00dfen Sie ein typisch dominikanisches Mittagsbuffet mit Huhn, Schweinefleisch, Reis und mehr.<\/p>\n<\/section>\n<\/div>\n<div data-track=\"key-details\" data-v-83a2b402=\"\"><\/div>","protected":false},"featured_media":16430,"template":"","meta":[],"product_brand":[],"product_cat":[97,98],"product_tag":[101,102],"class_list":{"0":"post-16419","1":"product","2":"type-product","3":"status-publish","4":"has-post-thumbnail","6":"product_cat-dominican-republic","7":"product_cat-saona-island","8":"product_tag-excursion","9":"product_tag-tour","11":"first","12":"instock","13":"sale","14":"shipping-taxable","15":"product-type-external"},"_links":{"self":[{"href":"https:\/\/placessites.com\/de\/wp-json\/wp\/v2\/product\/16419","targetHints":{"allow":["GET"]}}],"collection":[{"href":"https:\/\/placessites.com\/de\/wp-json\/wp\/v2\/product"}],"about":[{"href":"https:\/\/placessites.com\/de\/wp-json\/wp\/v2\/types\/product"}],"wp:featuredmedia":[{"embeddable":true,"href":"https:\/\/placessites.com\/de\/wp-json\/wp\/v2\/media\/16430"}],"wp:attachment":[{"href":"https:\/\/placessites.com\/de\/wp-json\/wp\/v2\/media?parent=16419"}],"wp:term":[{"taxonomy":"product_brand","embeddable":true,"href":"https:\/\/placessites.com\/de\/wp-json\/wp\/v2\/product_brand?post=16419"},{"taxonomy":"product_cat","embeddable":true,"href":"https:\/\/placessites.com\/de\/wp-json\/wp\/v2\/product_cat?post=16419"},{"taxonomy":"product_tag","embeddable":true,"href":"https:\/\/placessites.com\/de\/wp-json\/wp\/v2\/product_tag?post=16419"}],"curies":[{"name":"wp","href":"https:\/\/api.w.org\/{rel}","templated":true}]}}