{"id":16368,"date":"2025-12-18T13:47:46","date_gmt":"2025-12-18T13:47:46","guid":{"rendered":"https:\/\/placessites.com\/?post_type=product&#038;p=16368"},"modified":"2026-02-14T03:31:02","modified_gmt":"2026-02-14T03:31:02","slug":"santo-domingo-saona-island-ganztagige-tour-all-inclusive","status":"publish","type":"product","link":"https:\/\/placessites.com\/de\/tour\/santo-domingo-saona-island-ganztagige-tour-all-inclusive\/","title":{"rendered":"Santo Domingo: Saona Island Ganztagestour all-inclusive"},"content":{"rendered":"<h2>Santo Domingo: Saona Island Ganztagestour all-inclusive<\/h2>\n<p>Die Insel Saona, ein atemberaubendes Juwel im \u00f6stlichen Nationalpark, bietet ein unvergleichliches Erlebnis der Sch\u00f6nheit der Natur. Dieses bezaubernde Reiseziel bietet \u00fcppige Mangroven, lebhafte Korallenriffe und unber\u00fchrte Str\u00e4nde, wie den ber\u00fchmten Palmilla. Der Sand von Palmilla hat einen auff\u00e4lligen Gelbton, der einen sch\u00f6nen Kontrast zum t\u00fcrkisfarbenen Wasser und den hohen Araukarienpalmen bildet, die sich sanft im Wind wiegen.<\/p>\n<p>Bei der Erkundung dieses tropischen Paradieses werden Sie eine Vielzahl von Seesternen entdecken, die sich entlang der K\u00fcste und im seichten Wasser tummeln. Diese farbenfrohen Kreaturen sind reichlich vorhanden und werden oft als die wahren K\u00f6niginnen der Insel Saona angesehen, was sie zu einem reizvollen Anblick f\u00fcr Besucher macht.<\/p>\n<p>F\u00fcr viele Reisende in Punta Cana ist ein Ausflug zur Insel Saona der H\u00f6hepunkt ihrer Reise, und wir sind sicher, dass Ihr Besuch bleibende Erinnerungen schaffen wird, an die Sie noch lange nach Ihrem Urlaub denken werden! Der Ausflug ist so konzipiert, dass er f\u00fcr alle angenehm ist - egal, ob Sie mit Erwachsenen, Kindern, Freunden oder einem Partner reisen, der einen romantischen Ausflug f\u00fcr diese Tagestour sucht.<\/p>\n<p>Sobald Sie auf der Insel angekommen sind, haben Sie die M\u00f6glichkeit, in das beruhigende Wasser eines nat\u00fcrlichen Pools im Karibischen Meer einzutauchen. Ohne Wellen, die die ruhige Umgebung st\u00f6ren, ist das Wasser hier ruhig und seicht und reicht in der Regel nur bis zu den Knien, was es perfekt zum Entspannen und Spielen macht.<\/p>\n<p>Neben der atemberaubenden Landschaft k\u00f6nnen Sie bei einem Abendessen mit atemberaubendem Blick auf den Ozean auch die k\u00f6stliche lokale K\u00fcche genie\u00dfen. Stellen Sie sich vor, wie Sie eine frische Mahlzeit genie\u00dfen, an einem erfrischenden Mojito nippen und die W\u00e4rme der Sonne einatmen. Der Spa\u00df geht weiter mit unserem lebhaften Unterhaltungsteam, das Sie zum Tanzen und zu vergn\u00fcglichen Aktivit\u00e4ten animiert und daf\u00fcr sorgt, dass Ihr Tag auf Saona Island auf Schritt und Tritt mit Freude und Aufregung gef\u00fcllt ist!<\/p>","protected":false},"excerpt":{"rendered":"<div data-track=\"overview\" data-v-83a2b402=\"\">\n<section id=\"activity-overview\" class=\"activity-overview\" data-component=\"overview\" data-v-83a2b402=\"\" data-v-f3236c42=\"\">\n<p class=\"activity-overview__content\" data-test-id=\"activity-overview-content\" data-v-f3236c42=\"\">Genie\u00dfen Sie die Insel Saona bei dieser All-inclusive-Tagestour ab Santo Domingo, bei der Sie zu Mittag essen, eine Katamaranfahrt machen und verschiedene Orte wie die Blaue Lagune besuchen.<\/p>\n<\/section>\n<\/div>\n<div data-track=\"key-details\" data-v-83a2b402=\"\"><\/div>","protected":false},"featured_media":16381,"template":"","meta":[],"product_brand":[],"product_cat":[97,98],"product_tag":[101,102],"class_list":{"0":"post-16368","1":"product","2":"type-product","3":"status-publish","4":"has-post-thumbnail","6":"product_cat-dominican-republic","7":"product_cat-saona-island","8":"product_tag-excursion","9":"product_tag-tour","11":"first","12":"instock","13":"sale","14":"shipping-taxable","15":"product-type-external"},"_links":{"self":[{"href":"https:\/\/placessites.com\/de\/wp-json\/wp\/v2\/product\/16368","targetHints":{"allow":["GET"]}}],"collection":[{"href":"https:\/\/placessites.com\/de\/wp-json\/wp\/v2\/product"}],"about":[{"href":"https:\/\/placessites.com\/de\/wp-json\/wp\/v2\/types\/product"}],"wp:featuredmedia":[{"embeddable":true,"href":"https:\/\/placessites.com\/de\/wp-json\/wp\/v2\/media\/16381"}],"wp:attachment":[{"href":"https:\/\/placessites.com\/de\/wp-json\/wp\/v2\/media?parent=16368"}],"wp:term":[{"taxonomy":"product_brand","embeddable":true,"href":"https:\/\/placessites.com\/de\/wp-json\/wp\/v2\/product_brand?post=16368"},{"taxonomy":"product_cat","embeddable":true,"href":"https:\/\/placessites.com\/de\/wp-json\/wp\/v2\/product_cat?post=16368"},{"taxonomy":"product_tag","embeddable":true,"href":"https:\/\/placessites.com\/de\/wp-json\/wp\/v2\/product_tag?post=16368"}],"curies":[{"name":"wp","href":"https:\/\/api.w.org\/{rel}","templated":true}]}}