{"id":14971,"date":"2025-12-18T12:42:05","date_gmt":"2025-12-18T12:42:05","guid":{"rendered":"https:\/\/placessites.com\/?post_type=product&#038;p=14971"},"modified":"2026-02-12T03:09:36","modified_gmt":"2026-02-12T03:09:36","slug":"-315","status":"publish","type":"product","link":"https:\/\/placessites.com\/de\/tour\/-315\/","title":{"rendered":"Insel Saona von Santo Domingo mit Catamara und Essen und Trinken"},"content":{"rendered":"<section class=\"full-description activity-experience__item\" data-test-id=\"activity-full-description\" data-v-2760aec9=\"\" data-v-5835c99c=\"\">\n<div class=\"activity-accordion-item\" data-v-5835c99c=\"\">\n<div class=\"activity-accordion-item__content--hidden activity-accordion-item__content\">\n<section class=\"toggle-content\" data-v-5835c99c=\"\" data-v-59485d64=\"\">\n<div class=\"toggle-content__content\" data-v-59485d64=\"\">\n<div data-test-id=\"activity-full-description-text\" data-v-5835c99c=\"\">Insel Saona von Santo Domingo mit Catamara und Essen und Trinken<\/div>\n<div data-test-id=\"activity-full-description-text\" data-v-5835c99c=\"\"><\/div>\n<div data-test-id=\"activity-full-description-text\" data-v-5835c99c=\"\">Begeben Sie sich auf einen unvergesslichen Tagesausflug zur Insel Saona, einem tropischen Paradies nur eine kurze Fahrt von Santo Domingo entfernt. Beginnen Sie Ihr Abenteuer auf einem ger\u00e4umigen Katamaran, der von Bayahibe aus durch das azurblaue Wasser gleitet. Auf dem Weg dorthin haben Sie die M\u00f6glichkeit, an der atemberaubenden Blauen Lagune Halt zu machen, wo das kristallklare Wasser zum Schwimmen und Entspannen in der Sonne einl\u00e4dt.<\/div>\n<div data-test-id=\"activity-full-description-text\" data-v-5835c99c=\"\"><\/div>\n<div data-test-id=\"activity-full-description-text\" data-v-5835c99c=\"\">Genie\u00dfen Sie im Laufe des Tages ein k\u00f6stliches Mittagsbuffet, das auf dem weichen Sand des Strandes serviert wird, umgeben von sich wiegenden Palmen und dem sanften Klang der Wellen, die an den Strand schlagen. Dieses bezaubernde Erlebnis kombiniert die atemberaubende Sch\u00f6nheit der Natur mit k\u00f6stlichen kulinarischen Gen\u00fcssen und hinterl\u00e4sst bleibende Erinnerungen an Ihren Besuch auf der Insel Saona.<\/div>\n<\/div>\n<\/section>\n<\/div>\n<\/div>\n<\/section>\n<section class=\"activity-includes activity-experience__item\" data-test-id=\"activity-includes-section\" data-v-2760aec9=\"\" data-v-7976cbc6=\"\">\n<div class=\"activity-accordion-item\" data-v-7976cbc6=\"\">\n<div class=\"activity-accordion-item-header\"><\/div>\n<\/div>\n<\/section>","protected":false},"excerpt":{"rendered":"<div data-track=\"overview\" data-v-83a2b402=\"\">\n<section id=\"activity-overview\" class=\"activity-overview\" data-component=\"overview\" data-v-83a2b402=\"\" data-v-f3236c42=\"\">\n<p class=\"activity-overview__content\" data-test-id=\"activity-overview-content\" data-v-f3236c42=\"\">Die Insel Saona ist ein Tagesausflug von Santo Domingo aus. Fahren Sie mit dem Boot von Bayahibe aus, halten Sie an der Blauen Lagune und genie\u00dfen Sie ein Mittagsbuffet am Strand.<\/p>\n<\/section>\n<\/div>\n<div data-track=\"key-details\" data-v-83a2b402=\"\"><\/div>","protected":false},"featured_media":15191,"template":"","meta":[],"product_brand":[],"product_cat":[97,98],"product_tag":[101,102],"class_list":{"0":"post-14971","1":"product","2":"type-product","3":"status-publish","4":"has-post-thumbnail","6":"product_cat-dominican-republic","7":"product_cat-saona-island","8":"product_tag-excursion","9":"product_tag-tour","11":"first","12":"instock","13":"sale","14":"shipping-taxable","15":"product-type-external"},"_links":{"self":[{"href":"https:\/\/placessites.com\/de\/wp-json\/wp\/v2\/product\/14971","targetHints":{"allow":["GET"]}}],"collection":[{"href":"https:\/\/placessites.com\/de\/wp-json\/wp\/v2\/product"}],"about":[{"href":"https:\/\/placessites.com\/de\/wp-json\/wp\/v2\/types\/product"}],"wp:featuredmedia":[{"embeddable":true,"href":"https:\/\/placessites.com\/de\/wp-json\/wp\/v2\/media\/15191"}],"wp:attachment":[{"href":"https:\/\/placessites.com\/de\/wp-json\/wp\/v2\/media?parent=14971"}],"wp:term":[{"taxonomy":"product_brand","embeddable":true,"href":"https:\/\/placessites.com\/de\/wp-json\/wp\/v2\/product_brand?post=14971"},{"taxonomy":"product_cat","embeddable":true,"href":"https:\/\/placessites.com\/de\/wp-json\/wp\/v2\/product_cat?post=14971"},{"taxonomy":"product_tag","embeddable":true,"href":"https:\/\/placessites.com\/de\/wp-json\/wp\/v2\/product_tag?post=14971"}],"curies":[{"name":"wp","href":"https:\/\/api.w.org\/{rel}","templated":true}]}}