{"id":14712,"date":"2025-12-18T12:30:27","date_gmt":"2025-12-18T12:30:27","guid":{"rendered":"https:\/\/placessites.com\/?post_type=product&#038;p=14712"},"modified":"2026-02-11T10:51:54","modified_gmt":"2026-02-11T10:51:54","slug":"-295","status":"publish","type":"product","link":"https:\/\/placessites.com\/de\/tour\/-295\/","title":{"rendered":"Insel Saona Privat: Speedboat Tour von Punta Cana"},"content":{"rendered":"<p>Insel Saona Privat: Speedboat Tour von Punta Cana<\/p>\n<p>Erleben Sie die bezaubernde Insel Saona auf dieser exklusiven privaten Schnellboottour auf eine Weise, wie Sie es noch nie zuvor getan haben! Dieses Abenteuer ist ein Fest f\u00fcr die Sinne und bietet Ihnen eine Mischung aus unber\u00fchrter nat\u00fcrlicher Sch\u00f6nheit, lebendiger karibischer Kultur und einer F\u00fclle von Meereslebewesen. Ihre Reise wird eine ganz pers\u00f6nliche Flucht ins Paradies sein, bei der Sie die Freiheit haben, die unentdeckte Sch\u00f6nheit der Insel in Ihrem eigenen Tempo zu erkunden.<\/p>\n<p>Einzigartige Verkaufsargumente:<\/p>\n<p>Ihr Tag beginnt mit einer bequemen Abholung vom Hotel, die Sie zu Ihrem privaten Schnellboot bringt. Sp\u00fcren Sie den Nervenkitzel, wenn das Schnellboot \u00fcber das kristallklare Wasser gleitet und die atemberaubende Saona Island Private ansteuert. Hier haben Sie die M\u00f6glichkeit, Ihre Reiseroute individuell zu gestalten, um ein wirklich pers\u00f6nliches Erlebnis zu gew\u00e4hrleisten. Ob Sie sich an den makellosen Str\u00e4nden der Insel sonnen, inmitten der farbenfrohen Korallenriffe schnorcheln oder einfach nur entspannen und die ruhige Umgebung genie\u00dfen m\u00f6chten - Sie haben die Wahl!<\/p>\n<p>Reiseroute &amp; Hauptmerkmale:<\/p>\n<p>- Abholung vom Hotel: Ihre Reise beginnt mit einer bequemen Abholung von Ihrem Hotel, die den Ton f\u00fcr einen Tag voller Abenteuer angibt.<\/p>\n<p>- Schnellbootfahrt: Erleben Sie den Rausch, wenn Sie mit Ihrem privaten Schnellboot \u00fcber das t\u00fcrkisfarbene Wasser sausen.<\/p>\n<p>- Erkundung der Insel Saona: Entdecken Sie die unber\u00fchrten Str\u00e4nde, die \u00fcppigen Landschaften und die pulsierende Unterwasserwelt der Insel. Passen Sie Ihre Erkundung an Ihre Interessen an, ob Sie am Strand entspannen, schnorcheln oder die nat\u00fcrliche Sch\u00f6nheit der Insel erkunden m\u00f6chten.<\/p>\n<p>- Mano Juan Besuch: Erkunden Sie das malerische Fischerdorf Mano Juan und gewinnen Sie einen Einblick in die Lebensweise der Einheimischen. Werden Sie Zeuge der Schutzbem\u00fchungen im Schildkr\u00f6tenschutzgebiet und kaufen Sie vielleicht ein Souvenir von den \u00f6rtlichen Kunsthandwerkern.<\/p>\n<p>- R\u00fcckreise: Am Ende des Tages kehren Sie in Ihr Hotel zur\u00fcck, bereichert um unvergessliche Erinnerungen und vielleicht mit einem Hauch von Sonnenschein.<\/p>\n<p>Das Ende:<\/p>\n<p>Ihr Tag der Inselerkundung endet mit einer entspannenden Fahrt mit dem Schnellboot zur\u00fcck zum Festland, wo Sie bequem zu Ihrem Hotel zur\u00fcckgebracht werden, so dass Sie den Tag voller Abenteuer und Erkundungen im karibischen Paradies Revue passieren lassen k\u00f6nnen.<\/p>\n<div class=\"toggle-content__content toggle-content__content--expanded toggle-content__content--packable\" data-v-59485d64=\"\">\n<div data-test-id=\"activity-full-description-text\" data-v-5835c99c=\"\">Diese private Tour garantiert eine Reise, die so gem\u00e4chlich oder so lebhaft ist, wie Sie es w\u00fcnschen, und erm\u00f6glicht es Ihnen, in den Charme und die nat\u00fcrliche Sch\u00f6nheit der Insel einzutauchen und Erinnerungen zu schaffen, die ein Leben lang halten!<\/div>\n<\/div>\n<div class=\"toggle-content__label-placeholder\" data-v-59485d64=\"\"><\/div>","protected":false},"excerpt":{"rendered":"<div data-track=\"overview\" data-v-83a2b402=\"\">\n<section id=\"activity-overview\" class=\"activity-overview\" data-component=\"overview\" data-v-83a2b402=\"\" data-v-f3236c42=\"\">\n<p class=\"activity-overview__content\" data-test-id=\"activity-overview-content\" data-v-f3236c42=\"\">Begeben Sie sich auf eine aufregende private Schnellboottour zur atemberaubenden Insel Saona! Erleben Sie das pulsierende Meeresleben, unber\u00fchrte Str\u00e4nde und erkunden Sie das charmante Fischerdorf Mano Juan.<\/p>\n<\/section>\n<\/div>\n<div data-track=\"key-details\" data-v-83a2b402=\"\"><\/div>","protected":false},"featured_media":13664,"template":"","meta":[],"product_brand":[],"product_cat":[97,98],"product_tag":[101,102],"class_list":{"0":"post-14712","1":"product","2":"type-product","3":"status-publish","4":"has-post-thumbnail","6":"product_cat-dominican-republic","7":"product_cat-saona-island","8":"product_tag-excursion","9":"product_tag-tour","11":"first","12":"instock","13":"sale","14":"shipping-taxable","15":"product-type-external"},"_links":{"self":[{"href":"https:\/\/placessites.com\/de\/wp-json\/wp\/v2\/product\/14712","targetHints":{"allow":["GET"]}}],"collection":[{"href":"https:\/\/placessites.com\/de\/wp-json\/wp\/v2\/product"}],"about":[{"href":"https:\/\/placessites.com\/de\/wp-json\/wp\/v2\/types\/product"}],"wp:featuredmedia":[{"embeddable":true,"href":"https:\/\/placessites.com\/de\/wp-json\/wp\/v2\/media\/13664"}],"wp:attachment":[{"href":"https:\/\/placessites.com\/de\/wp-json\/wp\/v2\/media?parent=14712"}],"wp:term":[{"taxonomy":"product_brand","embeddable":true,"href":"https:\/\/placessites.com\/de\/wp-json\/wp\/v2\/product_brand?post=14712"},{"taxonomy":"product_cat","embeddable":true,"href":"https:\/\/placessites.com\/de\/wp-json\/wp\/v2\/product_cat?post=14712"},{"taxonomy":"product_tag","embeddable":true,"href":"https:\/\/placessites.com\/de\/wp-json\/wp\/v2\/product_tag?post=14712"}],"curies":[{"name":"wp","href":"https:\/\/api.w.org\/{rel}","templated":true}]}}