{"id":14614,"date":"2025-12-18T12:25:20","date_gmt":"2025-12-18T12:25:20","guid":{"rendered":"https:\/\/placessites.com\/?post_type=product&#038;p=14614"},"modified":"2026-02-11T13:11:12","modified_gmt":"2026-02-11T13:11:12","slug":"ab-punta-cana-bayahibe-und-saona-island-tour-mit-mittagessen","status":"publish","type":"product","link":"https:\/\/placessites.com\/de\/tour\/ab-punta-cana-bayahibe-und-saona-island-tour-mit-mittagessen\/","title":{"rendered":"Von Punta Cana aus: Bayahibe und Saona Island Tour mit Mittagessen"},"content":{"rendered":"<div class=\"toggle-content__content toggle-content__content--expanded toggle-content__content--packable\" data-v-59485d64=\"\">\n<div data-test-id=\"activity-full-description-text\" data-v-5835c99c=\"\">Von Punta Cana aus: Bayahibe und Saona Island Tour mit Mittagessen<\/div>\n<div data-test-id=\"activity-full-description-text\" data-v-5835c99c=\"\"><\/div>\n<div data-test-id=\"activity-full-description-text\" data-v-5835c99c=\"\">Tauchen Sie ein in die Exklusivit\u00e4t der Insel Saona, dem wahren Touristenparadies der Dominikanischen Republik, einem unverzichtbaren Ziel f\u00fcr jeden unerschrockenen Reisenden. Erleben Sie ein unvergessliches Abenteuer auf einer Insel, die von der Sonne gek\u00fcsst, von einer tropischen Brise umschmeichelt und mit warmem, kristallklarem Wasser und wei\u00dfem Sand geschm\u00fcckt ist! Diese kleine, aber schillernde Insel, die haupts\u00e4chlich von Palmen und Mangroven umgeben ist und \u00fcber ausgedehnte, ruhige Str\u00e4nde verf\u00fcgt, ist nichts weniger als ein begehrtes tropisches Paradies f\u00fcr jeden Besucher der Dominikanischen Republik und der Inseln Bayahibe und Saona.<\/div>\n<div data-test-id=\"activity-full-description-text\" data-v-5835c99c=\"\"><\/div>\n<div data-test-id=\"activity-full-description-text\" data-v-5835c99c=\"\">Das Abenteuer beginnt in Bayahibe, einem malerischen Touristenort, der urspr\u00fcnglich von Fischern gegr\u00fcndet wurde und sich zu einem pr\u00e4chtigen Sonnen- und Strandparadies entwickelt hat. Auf Ihrer Reise machen Sie einen Halt am Natural Pool, der als der gr\u00f6\u00dfte der Dominikanischen Republik gilt. Dieser Naturpool ist eine Formation aus wei\u00dfem Sand mit einer Tiefe von nur einem Meter, die reich an Seesternen ist; hier machen wir eine Pause f\u00fcr ein erfrischendes Bad.<\/div>\n<div data-test-id=\"activity-full-description-text\" data-v-5835c99c=\"\"><\/div>\n<div data-test-id=\"activity-full-description-text\" data-v-5835c99c=\"\">Erleben Sie die einzigartige Insel Saona und genie\u00dfen Sie die au\u00dfergew\u00f6hnlichen Vorteile, die dieses Abenteuer auszeichnen: Vermeiden Sie lange Warteschlangen, um an Bord des Katamarans zu gelangen, entgehen Sie den Menschenmassen am Strand, haben Sie Zugang zu einem exklusiven Einstiegsbereich f\u00fcr das Boot und genie\u00dfen Sie einen privaten Strandbereich auf Saona Island mit Getr\u00e4nken inklusive.<\/div>\n<div data-test-id=\"activity-full-description-text\" data-v-5835c99c=\"\"><\/div>\n<div data-test-id=\"activity-full-description-text\" data-v-5835c99c=\"\">Spazieren Sie am Strand entlang, k\u00fchlen Sie sich im Wasser ab, genie\u00dfen Sie die Sonne, nehmen Sie an Spielen teil, entspannen Sie sich unter Palmen, genie\u00dfen Sie ein Mittagsbuffet und eine offene Bar (Rum, Cuba Libre, Bier, Coca Cola, Wasser, Kaffee), und haben Sie Zeit zur freien Verf\u00fcgung, um Ihren Tag auf Bayahibe und der Insel Saona wirklich au\u00dfergew\u00f6hnlich zu gestalten.<\/div>\n<\/div>\n<div class=\"toggle-content__label-placeholder\" data-v-59485d64=\"\"><\/div>","protected":false},"excerpt":{"rendered":"<div data-track=\"overview\" data-v-83a2b402=\"\">\n<section id=\"activity-overview\" class=\"activity-overview\" data-component=\"overview\" data-v-83a2b402=\"\" data-v-f3236c42=\"\">\n<p class=\"activity-overview__content\" data-test-id=\"activity-overview-content\" data-v-f3236c42=\"\">Besuchen Sie das Dorf Bayahibe und entspannen Sie sich unter den Palmen am Strand der Insel Saona auf einer gef\u00fchrten Tour ab Punta Cana. Schwimmen Sie im Meer und genie\u00dfen Sie ein Mittagsbuffet mit Rum, Cola und anderen Getr\u00e4nken.<\/p>\n<\/section>\n<\/div>\n<div data-track=\"key-details\" data-v-83a2b402=\"\"><\/div>","protected":false},"featured_media":14861,"template":"","meta":[],"product_brand":[],"product_cat":[97,98],"product_tag":[101,102],"class_list":{"0":"post-14614","1":"product","2":"type-product","3":"status-publish","4":"has-post-thumbnail","6":"product_cat-dominican-republic","7":"product_cat-saona-island","8":"product_tag-excursion","9":"product_tag-tour","11":"first","12":"instock","13":"sale","14":"shipping-taxable","15":"product-type-external"},"_links":{"self":[{"href":"https:\/\/placessites.com\/de\/wp-json\/wp\/v2\/product\/14614","targetHints":{"allow":["GET"]}}],"collection":[{"href":"https:\/\/placessites.com\/de\/wp-json\/wp\/v2\/product"}],"about":[{"href":"https:\/\/placessites.com\/de\/wp-json\/wp\/v2\/types\/product"}],"wp:featuredmedia":[{"embeddable":true,"href":"https:\/\/placessites.com\/de\/wp-json\/wp\/v2\/media\/14861"}],"wp:attachment":[{"href":"https:\/\/placessites.com\/de\/wp-json\/wp\/v2\/media?parent=14614"}],"wp:term":[{"taxonomy":"product_brand","embeddable":true,"href":"https:\/\/placessites.com\/de\/wp-json\/wp\/v2\/product_brand?post=14614"},{"taxonomy":"product_cat","embeddable":true,"href":"https:\/\/placessites.com\/de\/wp-json\/wp\/v2\/product_cat?post=14614"},{"taxonomy":"product_tag","embeddable":true,"href":"https:\/\/placessites.com\/de\/wp-json\/wp\/v2\/product_tag?post=14614"}],"curies":[{"name":"wp","href":"https:\/\/api.w.org\/{rel}","templated":true}]}}