{"id":13979,"date":"2025-12-18T11:57:14","date_gmt":"2025-12-18T11:57:14","guid":{"rendered":"https:\/\/placessites.com\/?post_type=product&#038;p=13979"},"modified":"2026-02-11T11:21:43","modified_gmt":"2026-02-11T11:21:43","slug":"-238","status":"publish","type":"product","link":"https:\/\/placessites.com\/de\/tour\/-238\/","title":{"rendered":"Saona Island Ganzt\u00e4gig mit Abholung in Ihrem Hotel Punta Cana"},"content":{"rendered":"<p>Saona Island Ganztagestour mit Hotelabholung in Punta Cana<\/p>\n<p>Begeben Sie sich auf ein unvergessliches Abenteuer auf der Isla Saona, einem tropischen Paradies an der s\u00fcd\u00f6stlichen Spitze der Dominikanischen Republik. Diese atemberaubende Insel ist bekannt f\u00fcr ihre atemberaubende nat\u00fcrliche Sch\u00f6nheit und ist Teil des East National Park, was sie zu einem perfekten Reiseziel f\u00fcr Naturliebhaber und Strandfans macht.<\/p>\n<p>Die Isla Saona ist ein Refugium mit unvergleichlichen Naturwundern, \u00fcppigen Mangroven, lebhaften Korallenriffen und unber\u00fchrten Str\u00e4nden. Einer der H\u00f6hepunkte der Insel ist der Strand La Palmilla, der f\u00fcr seinen unglaublichen goldenen Sand ber\u00fchmt ist, der sich entlang der K\u00fcstenlinie erstreckt und von hoch aufragenden Arac\u00e1cea-Palmen eingerahmt wird. Wenn Sie die Gegend erkunden, werden Sie von der ruhigen Atmosph\u00e4re und der malerischen Landschaft, die Sie umgibt, bezaubert sein.<\/p>\n<p>Eines der einzigartigen Erlebnisse auf der Isla Saona ist die Gelegenheit, die zahlreichen Seesterne zu bewundern, die in den kristallklaren Gew\u00e4ssern leben. Diese bezaubernden Kreaturen sind in flachen Bereichen zu finden und sind unbestreitbar die wahren K\u00f6niginnen der Insel. Sie werden die Gelegenheit haben, atemberaubende Fotos zu machen und bleibende Erinnerungen an diese Naturwunder zu schaffen.<\/p>\n<p>Dieser Ausflug ist f\u00fcr jeden geeignet, egal ob Sie mit Erwachsenen, Kindern, Freunden oder einem Partner unterwegs sind. Nach der Ankunft auf der Insel k\u00f6nnen Sie einen gem\u00fctlichen Spaziergang durch einen nat\u00fcrlichen Pool im Karibischen Meer machen, wo das Wasser ruhig und seicht ist und nur bis zu den Knien reicht. Diese idyllische Umgebung ist perfekt f\u00fcr ein entspannendes Bad oder einfach nur zum Waten im warmen Wasser, w\u00e4hrend Sie die Sonne genie\u00dfen.<\/p>\n<p>Als Teil Ihres Tages werden Sie mit einer k\u00f6stlichen Mahlzeit verw\u00f6hnt, die die reichhaltigen Aromen der dominikanischen K\u00fcche widerspiegelt und vor der bezaubernden Kulisse der Insel serviert wird. Um Ihren Durst zu stillen, genie\u00dfen Sie einen erfrischenden Mojito aus frischen Zutaten und lassen Sie sich den Geschmack der Tropen schmecken.<\/p>\n<p>F\u00fcr zus\u00e4tzlichen Spa\u00df sorgt unser lebhaftes Unterhaltungsteam, das Sie mit Musik und Tanz in eine angenehme und festliche Atmosph\u00e4re versetzt, in der Sie mitfeiern und neue Freundschaften schlie\u00dfen k\u00f6nnen.<\/p>\n<p>Die Isla Saona ist ein absolutes Muss f\u00fcr jeden, der die <a href=\"https:\/\/bookingadventures.tours\/booking.php?slug=Punta_Cana_Catamaran_Boat_to_Saona_Island_with_Buffet_Lunch\" target=\"_blank\" rel=\"noopener\">Punta Cana<\/a>. Wir sind sicher, dass diese Reise einer der H\u00f6hepunkte Ihres Urlaubs sein wird und Sie mit unvergesslichen Erinnerungen und einer tiefen Wertsch\u00e4tzung f\u00fcr die Sch\u00f6nheit der Dominikanischen Republik zur\u00fcckl\u00e4sst. Lassen Sie sich diese unglaubliche Gelegenheit nicht entgehen, eines der sch\u00f6nsten Naturparadiese zu erkunden!<\/p>","protected":false},"excerpt":{"rendered":"<div data-track=\"overview\" data-v-83a2b402=\"\">\n<section id=\"activity-overview\" class=\"activity-overview\" data-component=\"overview\" data-v-83a2b402=\"\" data-v-f3236c42=\"\">\n<p class=\"activity-overview__content\" data-test-id=\"activity-overview-content\" data-v-f3236c42=\"\">Es ist der perfekte Ausflug f\u00fcr Erwachsene, Kinder, Freunde oder einen Partner. Auf der Insel angekommen, k\u00f6nnen Sie durch einen nat\u00fcrlichen Pool im Karibischen Meer spazieren, da das Wasser um Saona Island...<\/p>\n<\/section>\n<\/div>\n<div data-track=\"key-details\" data-v-83a2b402=\"\"><\/div>","protected":false},"featured_media":14182,"template":"","meta":[],"product_brand":[],"product_cat":[97,98],"product_tag":[101,102],"class_list":{"0":"post-13979","1":"product","2":"type-product","3":"status-publish","4":"has-post-thumbnail","6":"product_cat-dominican-republic","7":"product_cat-saona-island","8":"product_tag-excursion","9":"product_tag-tour","11":"first","12":"instock","13":"sale","14":"shipping-taxable","15":"product-type-external"},"_links":{"self":[{"href":"https:\/\/placessites.com\/de\/wp-json\/wp\/v2\/product\/13979","targetHints":{"allow":["GET"]}}],"collection":[{"href":"https:\/\/placessites.com\/de\/wp-json\/wp\/v2\/product"}],"about":[{"href":"https:\/\/placessites.com\/de\/wp-json\/wp\/v2\/types\/product"}],"wp:featuredmedia":[{"embeddable":true,"href":"https:\/\/placessites.com\/de\/wp-json\/wp\/v2\/media\/14182"}],"wp:attachment":[{"href":"https:\/\/placessites.com\/de\/wp-json\/wp\/v2\/media?parent=13979"}],"wp:term":[{"taxonomy":"product_brand","embeddable":true,"href":"https:\/\/placessites.com\/de\/wp-json\/wp\/v2\/product_brand?post=13979"},{"taxonomy":"product_cat","embeddable":true,"href":"https:\/\/placessites.com\/de\/wp-json\/wp\/v2\/product_cat?post=13979"},{"taxonomy":"product_tag","embeddable":true,"href":"https:\/\/placessites.com\/de\/wp-json\/wp\/v2\/product_tag?post=13979"}],"curies":[{"name":"wp","href":"https:\/\/api.w.org\/{rel}","templated":true}]}}