{"id":13530,"date":"2025-12-18T11:36:41","date_gmt":"2025-12-18T11:36:41","guid":{"rendered":"https:\/\/placessites.com\/?post_type=product&#038;p=13530"},"modified":"2026-02-11T10:58:08","modified_gmt":"2026-02-11T10:58:08","slug":"von-punta-cana-ganztagiger-ausflug-zur-insel-saona","status":"publish","type":"product","link":"https:\/\/placessites.com\/de\/tour\/von-punta-cana-ganztagiger-ausflug-zur-insel-saona\/","title":{"rendered":"Von Punta Cana aus: Ganztagesausflug zur Insel Saona"},"content":{"rendered":"<h2>Ganztagesausflug zur Insel Saona von Punta Cana aus<\/h2>\n<p>Beginnen Sie Ihr Abenteuer mit der Abholung von Ihrem Hotel in Punta Cana oder Bavaro. Genie\u00dfen Sie den landschaftlich reizvollen Transfer zum Bayahibe-Strand, wo Sie entweder einen Katamaran oder ein Schnellboot f\u00fcr die Fahrt zur Insel Saona besteigen.<\/p>\n<p>Saona Island ist ein atemberaubendes, 42 Quadratkilometer gro\u00dfes Karibikparadies vor der S\u00fcdk\u00fcste der Dominikanischen Republik. Urspr\u00fcnglich von den Taino-Indianern \u201cAdamanay\u201d genannt, wurde die Insel von Christoph Kolumbus w\u00e4hrend seiner zweiten Amerikareise 1494 umbenannt.<\/p>\n<p>Nehmen Sie auf dem Deck Platz und genie\u00dfen Sie die Sonne und das Meer auf Ihrem Weg zur malerischen Insel. Auf dem Weg dorthin machen Sie einen kurzen 20-min\u00fctigen Halt an einem gro\u00dfen Naturschwimmbecken, um ein kurzes Bad zu nehmen.<\/p>\n<p>Nach der Ankunft haben Sie Zeit, die Insel in Ihrem eigenen Tempo zu erkunden, was diese Tour zu einer fantastischen Option f\u00fcr unabh\u00e4ngige Reisende macht. Zu den optionalen Aktivit\u00e4ten geh\u00f6ren Volleyball und Tanzunterricht, oder Sie k\u00f6nnen sich auf den bereitgestellten Liegest\u00fchlen entspannen und Getr\u00e4nke an der offenen Bar genie\u00dfen. Ganzt\u00e4giger Ausflug.<\/p>\n<p>Machen Sie einen Spaziergang am wei\u00dfen Sandstrand unter den sich wiegenden Palmen, um Muscheln zu sammeln, oder gehen Sie schwimmen, bis es Zeit f\u00fcr das Mittagsbuffet ist, das wie ein Grill aussieht. Genie\u00dfen Sie eine traditionelle dominikanische Mahlzeit mit Huhn, Schweinefleisch, Reis, Bohnen, Salat und frischem Obst.<\/p>\n<p>Nachdem Sie drei Stunden auf der Insel verbracht haben, werden Sie zu Ihrer Unterkunft auf dem Festland zur\u00fcckgebracht.<\/p>","protected":false},"excerpt":{"rendered":"<div data-track=\"overview\" data-v-83a2b402=\"\">\n<section id=\"activity-overview\" class=\"activity-overview\" data-component=\"overview\" data-v-83a2b402=\"\" data-v-f3236c42=\"\">\n<p class=\"activity-overview__content\" data-test-id=\"activity-overview-content\" data-v-f3236c42=\"\">Entdecken Sie die Sch\u00f6nheit der Insel Saona und haben Sie 3 Stunden Zeit, um die wei\u00dfen Sandstr\u00e4nde und das t\u00fcrkisfarbene Wasser zu erkunden.<\/p>\n<\/section>\n<\/div>\n<div data-track=\"key-details\" data-v-83a2b402=\"\"><\/div>","protected":false},"featured_media":13800,"template":"","meta":[],"product_brand":[],"product_cat":[97,98],"product_tag":[101,102],"class_list":{"0":"post-13530","1":"product","2":"type-product","3":"status-publish","4":"has-post-thumbnail","6":"product_cat-dominican-republic","7":"product_cat-saona-island","8":"product_tag-excursion","9":"product_tag-tour","11":"first","12":"instock","13":"sale","14":"shipping-taxable","15":"product-type-external"},"_links":{"self":[{"href":"https:\/\/placessites.com\/de\/wp-json\/wp\/v2\/product\/13530","targetHints":{"allow":["GET"]}}],"collection":[{"href":"https:\/\/placessites.com\/de\/wp-json\/wp\/v2\/product"}],"about":[{"href":"https:\/\/placessites.com\/de\/wp-json\/wp\/v2\/types\/product"}],"wp:featuredmedia":[{"embeddable":true,"href":"https:\/\/placessites.com\/de\/wp-json\/wp\/v2\/media\/13800"}],"wp:attachment":[{"href":"https:\/\/placessites.com\/de\/wp-json\/wp\/v2\/media?parent=13530"}],"wp:term":[{"taxonomy":"product_brand","embeddable":true,"href":"https:\/\/placessites.com\/de\/wp-json\/wp\/v2\/product_brand?post=13530"},{"taxonomy":"product_cat","embeddable":true,"href":"https:\/\/placessites.com\/de\/wp-json\/wp\/v2\/product_cat?post=13530"},{"taxonomy":"product_tag","embeddable":true,"href":"https:\/\/placessites.com\/de\/wp-json\/wp\/v2\/product_tag?post=13530"}],"curies":[{"name":"wp","href":"https:\/\/api.w.org\/{rel}","templated":true}]}}