{"id":13186,"date":"2025-12-18T11:22:48","date_gmt":"2025-12-18T11:22:48","guid":{"rendered":"https:\/\/placessites.com\/?post_type=product&#038;p=13186"},"modified":"2026-01-07T10:00:59","modified_gmt":"2026-01-07T10:00:59","slug":"-198","status":"publish","type":"product","link":"https:\/\/placessites.com\/de\/tour\/-198\/","title":{"rendered":"Saona Insel Tour von Santo Domingo"},"content":{"rendered":"<p>Saona Insel Tour von Santo Domingo<\/p>\n<p>Bereiten Sie sich auf einen unvergesslichen Tag vor, indem Sie Ihre Badesachen und Ihr Handtuch einpacken und sich morgens von Ihrem Hotel abholen lassen. Entspannen Sie sich und genie\u00dfen Sie die landschaftlich reizvolle Fahrt durch die malerische dominikanische Landschaft, w\u00e4hrend Sie bequem in unserem Transferfahrzeug zum Hafen fahren.<\/p>\n<p>Begeben Sie sich von Bayahibe aus auf ein unvergessliches Abenteuer. Je nach Tagesplan gehen Sie an Bord von Schnellbooten oder Katamaranen. Genie\u00dfen Sie aufregende Fahrten auf beiden Arten von Schiffen. Anschlie\u00dfend entdecken Sie den nat\u00fcrlichen Swimmingpool zwischen der Insel Saona und Bayahibe. Entspannen Sie sich bei einem Drink, schie\u00dfen Sie atemberaubende Fotos und waten Sie im kristallklaren Wasser, das nur wenige Meter tief ist und f\u00fcr alle Altersgruppen geeignet ist.<\/p>\n<p>Die Ankunft auf der Insel Saona ist ein atemberaubender Moment. Wenn Sie die Insel betreten, beginnt Ihre Reise durch dieses tropische Paradies. Machen Sie einen gem\u00fctlichen Spaziergang entlang der unber\u00fchrten K\u00fcste, sammeln Sie Muscheln und genie\u00dfen Sie die wohltuende Meeresbrise der Saona Island Tour ab Santo Domingo.<\/p>\n<p>Wenn es Mittag wird, genie\u00dfen Sie ein k\u00f6stliches Buffet nach dominikanischer Art, das von unserer aufmerksamen Crew zubereitet wird. Genie\u00dfen Sie eine Auswahl an traditionellen und internationalen Gerichten, w\u00e4hrend Sie die atemberaubende Sch\u00f6nheit der Insel Saona bewundern.<\/p>\n<div class=\"toggle-content__content toggle-content__content--expanded toggle-content__content--packable\" data-v-59485d64=\"\">\n<div data-test-id=\"activity-full-description-text\" data-v-5835c99c=\"\">Am Ende des Tages fahren Sie an Bord des Katamarans zur\u00fcck nach Santo Domingo, wo Sie an einer lebhaften Tanzparty teilnehmen und eine offene Bar genie\u00dfen k\u00f6nnen. Nach einem aufregenden Tag setzen wir Sie an Ihrem Hotel ab und sorgen daf\u00fcr, dass Ihr Abenteuer mit Stil und Komfort endet.<\/div>\n<\/div>\n<div class=\"toggle-content__label-placeholder\" data-v-59485d64=\"\"><\/div>","protected":false},"excerpt":{"rendered":"<div data-track=\"overview\" data-v-83a2b402=\"\">\n<section id=\"activity-overview\" class=\"activity-overview\" data-component=\"overview\" data-v-83a2b402=\"\" data-v-f3236c42=\"\">\n<p class=\"activity-overview__content\" data-test-id=\"activity-overview-content\" data-v-f3236c42=\"\">Machen Sie von Punta Cana aus einen Tagesausflug mit einem Katamaran oder Schnellboot zur Insel Saona. Schwimmen Sie im kristallklaren Wasser des nat\u00fcrlichen Swimmingpools und genie\u00dfen Sie ein k\u00f6stliches Mittagessen am Strand.<\/p>\n<\/section>\n<\/div>\n<div data-track=\"key-details\" data-v-83a2b402=\"\"><\/div>","protected":false},"featured_media":13411,"template":"","meta":[],"product_brand":[],"product_cat":[97,98],"product_tag":[101,102],"class_list":{"0":"post-13186","1":"product","2":"type-product","3":"status-publish","4":"has-post-thumbnail","6":"product_cat-dominican-republic","7":"product_cat-saona-island","8":"product_tag-excursion","9":"product_tag-tour","11":"first","12":"instock","13":"sale","14":"shipping-taxable","15":"product-type-external"},"_links":{"self":[{"href":"https:\/\/placessites.com\/de\/wp-json\/wp\/v2\/product\/13186","targetHints":{"allow":["GET"]}}],"collection":[{"href":"https:\/\/placessites.com\/de\/wp-json\/wp\/v2\/product"}],"about":[{"href":"https:\/\/placessites.com\/de\/wp-json\/wp\/v2\/types\/product"}],"wp:featuredmedia":[{"embeddable":true,"href":"https:\/\/placessites.com\/de\/wp-json\/wp\/v2\/media\/13411"}],"wp:attachment":[{"href":"https:\/\/placessites.com\/de\/wp-json\/wp\/v2\/media?parent=13186"}],"wp:term":[{"taxonomy":"product_brand","embeddable":true,"href":"https:\/\/placessites.com\/de\/wp-json\/wp\/v2\/product_brand?post=13186"},{"taxonomy":"product_cat","embeddable":true,"href":"https:\/\/placessites.com\/de\/wp-json\/wp\/v2\/product_cat?post=13186"},{"taxonomy":"product_tag","embeddable":true,"href":"https:\/\/placessites.com\/de\/wp-json\/wp\/v2\/product_tag?post=13186"}],"curies":[{"name":"wp","href":"https:\/\/api.w.org\/{rel}","templated":true}]}}