{"id":13107,"date":"2025-12-18T11:19:34","date_gmt":"2025-12-18T11:19:34","guid":{"rendered":"https:\/\/placessites.com\/?post_type=product&#038;p=13107"},"modified":"2026-02-11T04:42:59","modified_gmt":"2026-02-11T04:42:59","slug":"-188","status":"publish","type":"product","link":"https:\/\/placessites.com\/de\/tour\/-188\/","title":{"rendered":"Saona premium mano Juan canto de la playa Besichtigungstour"},"content":{"rendered":"<p>Besichtigungstour Saona Premium Mano Juan Canto de la playa<\/p>\n<p>Unser aufregendes Abenteuer beginnt mit einer Schnellbootfahrt zum atemberaubenden Canto de la Playa, einer paradiesischen Ecke der Insel Saona, die f\u00fcr ihren wei\u00dfen Sand und das t\u00fcrkisfarbene Wasser bekannt ist. Genie\u00dfen Sie diese idyllische Umgebung, entspannen Sie sich unter der karibischen Sonne und tauchen Sie in das kristallklare Wasser.<\/p>\n<p>*Entdeckung in Mano Juan.<\/p>\n<p>Anschlie\u00dfend fahren wir in das malerische Dorf Mano Juan, eine charmante Siedlung, in der Sie das authentische Leben der Inselbewohner kennenlernen k\u00f6nnen. Schlendern Sie durch die farbenfrohen Stra\u00dfen, entdecken Sie die lokale Geschichte und Kultur und kommen Sie mit den freundlichen Einwohnern auf der Saona Premium Mano Juan Canto de la playa Sightseeing-Tour ins Gespr\u00e4ch.<\/p>\n<p>*Dominikanisches Buffet mit Getr\u00e4nken<\/p>\n<p>Wenn der Hunger ruft, genie\u00dfen Sie ein k\u00f6stliches dominikanisches Buffet, das nach traditioneller Art zubereitet wird. Genie\u00dfen Sie eine Vielzahl von typischen Gerichten, begleitet von erfrischenden Getr\u00e4nken, und tauchen Sie ein in den gastronomischen Reichtum der Region.<\/p>\n<p>*Besuch des Schildkr\u00f6tenschutzgebiets.<\/p>\n<p>Anschlie\u00dfend besuchen wir das beeindruckende Schildkr\u00f6tenschutzgebiet der Insel. Erfahren Sie mehr \u00fcber die Bem\u00fchungen zum Schutz der Schildkr\u00f6ten und sehen Sie sich diese faszinierenden Tiere in ihrem nat\u00fcrlichen Lebensraum an.<\/p>\n<p>*Ein Bad im Naturbad<\/p>\n<p>Als N\u00e4chstes fahren wir zu einem spektakul\u00e4ren nat\u00fcrlichen Pool mitten im Meer. Das seichte, kristallklare Wasser ist perfekt f\u00fcr ein entspannendes und erfrischendes Bad inmitten der Sch\u00f6nheit der Karibik.<\/p>\n<p>*Katamaran-Party<\/p>\n<p>Zum Abschluss gehen wir an Bord unseres Katamarans und feiern eine ausgelassene R\u00fcckfahrt. Genie\u00dfen Sie tolle Musik, Tanz, Getr\u00e4nke und die beste Gesellschaft, w\u00e4hrend Sie durch das t\u00fcrkisfarbene Wasser zum Ausgangspunkt zur\u00fccksegeln. Diese lebhafte Party wird der perfekte Abschluss eines unvergesslichen Tages auf der Insel Saona sein.<\/p>\n<div class=\"toggle-content__content toggle-content__content--expanded toggle-content__content--packable\" data-v-59485d64=\"\">\n<div data-test-id=\"activity-full-description-text\" data-v-5835c99c=\"\">Besichtigungstour Saona Premium Mano Juan Canto de la playa<\/div>\n<\/div>\n<div class=\"toggle-content__label-placeholder\" data-v-59485d64=\"\"><\/div>","protected":false},"excerpt":{"rendered":"<div data-track=\"overview\" data-v-83a2b402=\"\">\n<section id=\"activity-overview\" class=\"activity-overview\" data-component=\"overview\" data-v-83a2b402=\"\" data-v-f3236c42=\"\">\n<p class=\"activity-overview__content\" data-test-id=\"activity-overview-content\" data-v-f3236c42=\"\">Entdecken Sie die Sch\u00f6nheit des wilden Strandes von Canto de la Playa, des Fischerdorfes und des Nationalparks an Bord eines komfortablen Bootes. Besuchen Sie die Schildkr\u00f6tenaufzuchtstation und haben Sie die Chance, die Jungtiere zu sehen.<\/p>\n<\/section>\n<\/div>\n<div data-track=\"key-details\" data-v-83a2b402=\"\"><\/div>","protected":false},"featured_media":13333,"template":"","meta":[],"product_brand":[],"product_cat":[97,98],"product_tag":[101,102],"class_list":{"0":"post-13107","1":"product","2":"type-product","3":"status-publish","4":"has-post-thumbnail","6":"product_cat-dominican-republic","7":"product_cat-saona-island","8":"product_tag-excursion","9":"product_tag-tour","11":"first","12":"instock","13":"sale","14":"shipping-taxable","15":"product-type-external"},"_links":{"self":[{"href":"https:\/\/placessites.com\/de\/wp-json\/wp\/v2\/product\/13107","targetHints":{"allow":["GET"]}}],"collection":[{"href":"https:\/\/placessites.com\/de\/wp-json\/wp\/v2\/product"}],"about":[{"href":"https:\/\/placessites.com\/de\/wp-json\/wp\/v2\/types\/product"}],"wp:featuredmedia":[{"embeddable":true,"href":"https:\/\/placessites.com\/de\/wp-json\/wp\/v2\/media\/13333"}],"wp:attachment":[{"href":"https:\/\/placessites.com\/de\/wp-json\/wp\/v2\/media?parent=13107"}],"wp:term":[{"taxonomy":"product_brand","embeddable":true,"href":"https:\/\/placessites.com\/de\/wp-json\/wp\/v2\/product_brand?post=13107"},{"taxonomy":"product_cat","embeddable":true,"href":"https:\/\/placessites.com\/de\/wp-json\/wp\/v2\/product_cat?post=13107"},{"taxonomy":"product_tag","embeddable":true,"href":"https:\/\/placessites.com\/de\/wp-json\/wp\/v2\/product_tag?post=13107"}],"curies":[{"name":"wp","href":"https:\/\/api.w.org\/{rel}","templated":true}]}}