{"id":12848,"date":"2025-12-18T11:08:35","date_gmt":"2025-12-18T11:08:35","guid":{"rendered":"https:\/\/placessites.com\/?post_type=product&#038;p=12848"},"modified":"2026-02-11T03:52:42","modified_gmt":"2026-02-11T03:52:42","slug":"-162","status":"publish","type":"product","link":"https:\/\/placessites.com\/de\/tour\/-162\/","title":{"rendered":"Von Punta Cana: Isla Saona Ganztagestour mit Mittagsbuffet"},"content":{"rendered":"<p><strong>Von Punta Cana: Isla Saona Ganztagestour mit Mittagsbuffet<\/strong><\/p>\n<p>Genie\u00dfen Sie die ruhige tropische Sch\u00f6nheit der Isla Saona bei einer umfassenden Ganztagestour ab Punta Cana. Ihr Paket beinhaltet eine bequeme Abholung vom Hotel, einen komfortablen Transfer in einem modernen, klimatisierten Fahrzeug und eine k\u00f6stliche Auswahl an erfrischenden Getr\u00e4nken auf dem Weg zur Isla Saona. Bei Ihrer Ankunft erwartet Sie ein k\u00f6stliches Mittagsbuffet mit einer Auswahl an traditionellen dominikanischen Gerichten.<\/p>\n<p>Nach dem Essen haben Sie ausreichend Freizeit, um die Insel zu erkunden, sich an den unber\u00fchrten Str\u00e4nden zu sonnen, ein erfrischendes Bad im t\u00fcrkisfarbenen Meer zu nehmen und die lebendige Unterwasserwelt in den Korallenriffen zu bewundern. Den ganzen Tag \u00fcber wird Ihnen Ihr sachkundiger \u00f6rtlicher Reiseleiter Einblicke in die \u00d6kologie und die Umwelt der Insel geben und optionale Aktivit\u00e4ten und Unterhaltung anbieten, darunter Strandspiele und Wassersport. Tauchen Sie ein in die Sch\u00f6nheit und Ruhe der Isla Saona und schaffen Sie unvergessliche Erinnerungen.<\/p>","protected":false},"excerpt":{"rendered":"<div data-track=\"overview\" data-v-83a2b402=\"\">\n<section id=\"activity-overview\" class=\"activity-overview\" data-component=\"overview\" data-v-83a2b402=\"\" data-v-f3236c42=\"\">\n<p class=\"activity-overview__content\" data-test-id=\"activity-overview-content\" data-v-f3236c42=\"\">Entdecken Sie die nat\u00fcrliche Sch\u00f6nheit der Isla Saona auf einer ganzt\u00e4gigen Tour von Punta Cana aus. Genie\u00dfen Sie ein Mittagsbuffet mit einer Vielzahl traditioneller dominikanischer Gerichte und entspannen Sie am Strand.<\/p>\n<\/section>\n<\/div>\n<div data-track=\"key-details\" data-v-83a2b402=\"\"><\/div>","protected":false},"featured_media":13074,"template":"","meta":[],"product_brand":[],"product_cat":[97,98],"product_tag":[101,102],"class_list":{"0":"post-12848","1":"product","2":"type-product","3":"status-publish","4":"has-post-thumbnail","6":"product_cat-dominican-republic","7":"product_cat-saona-island","8":"product_tag-excursion","9":"product_tag-tour","11":"first","12":"instock","13":"sale","14":"shipping-taxable","15":"product-type-external"},"_links":{"self":[{"href":"https:\/\/placessites.com\/de\/wp-json\/wp\/v2\/product\/12848","targetHints":{"allow":["GET"]}}],"collection":[{"href":"https:\/\/placessites.com\/de\/wp-json\/wp\/v2\/product"}],"about":[{"href":"https:\/\/placessites.com\/de\/wp-json\/wp\/v2\/types\/product"}],"wp:featuredmedia":[{"embeddable":true,"href":"https:\/\/placessites.com\/de\/wp-json\/wp\/v2\/media\/13074"}],"wp:attachment":[{"href":"https:\/\/placessites.com\/de\/wp-json\/wp\/v2\/media?parent=12848"}],"wp:term":[{"taxonomy":"product_brand","embeddable":true,"href":"https:\/\/placessites.com\/de\/wp-json\/wp\/v2\/product_brand?post=12848"},{"taxonomy":"product_cat","embeddable":true,"href":"https:\/\/placessites.com\/de\/wp-json\/wp\/v2\/product_cat?post=12848"},{"taxonomy":"product_tag","embeddable":true,"href":"https:\/\/placessites.com\/de\/wp-json\/wp\/v2\/product_tag?post=12848"}],"curies":[{"name":"wp","href":"https:\/\/api.w.org\/{rel}","templated":true}]}}