{"id":12601,"date":"2025-12-18T10:59:05","date_gmt":"2025-12-18T10:59:05","guid":{"rendered":"https:\/\/placessites.com\/?post_type=product&#038;p=12601"},"modified":"2026-02-10T03:29:23","modified_gmt":"2026-02-10T03:29:23","slug":"-147","status":"publish","type":"product","link":"https:\/\/placessites.com\/de\/tour\/-147\/","title":{"rendered":"Santo Domingo: Katamaranboot zur Insel Saona mit Mittagessen"},"content":{"rendered":"<div class=\"toggle-content__content toggle-content__content--expanded toggle-content__content--packable\" data-v-59485d64=\"\">\n<div data-test-id=\"activity-full-description-text\" data-v-5835c99c=\"\">\n<p>Santo Domingo: Katamaran-Bootsfahrt zur Insel Saona mit Mittagessen<\/p>\n<p>Genie\u00dfen Sie einen Tagesausflug zur Insel Saona von Santo Domingo aus, einschlie\u00dflich Mittagessen und Besuch der nat\u00fcrlichen Pools. Bei Bedarf bieten wir Transfers von \u00fcberall in der Dominikanischen Republik an. Kontaktieren Sie uns einfach, um ein unvergessliches Erlebnis auf der Isla Saona zu arrangieren.<\/p>\n<p>Die Insel Saona ist eine der gr\u00f6\u00dften Inseln der Dominikanischen Republik und bekannt f\u00fcr ihr stabiles Klima und die positiven Bewertungen von Reisenden, die diesen Ausflug genossen haben. Sie ist Teil des Nationalparks Cotubanam\u00e1, der zum Parque Nacional del Este geh\u00f6rt. Die Insel ist ein beliebtes Touristenziel, das f\u00fcr seine herrlichen Str\u00e4nde und seine nat\u00fcrliche Sch\u00f6nheit bekannt ist. Der Ausflug beinhaltet eine Katamaranfahrt und eine Fahrt mit dem Schnellboot zum Direktpreis ab Bayahibe,<a href=\"https:\/\/bookingadventures.tours\/booking.php?slug=Punta_Cana_Saona_Island_Full_Day_With_Catamaran_and_Buffet\" target=\"_blank\" rel=\"noopener\"> Santo Domingo: Katamaran-Bootsfahrt zur Insel Saona mit Mittagessen.<\/a><\/p>\n<p>Ihr Erlebnis beinhaltet ein k\u00f6stliches Mittagessen, eine offene Bar und Zugang zum Katamaran und Schnellboot. Bei der Ankunft auf der Insel Saona werden Sie von unserem Unterhaltungspersonal begr\u00fc\u00dft. Genie\u00dfen Sie die freie Zeit und w\u00e4hlen Sie aus den verschiedenen Aktivit\u00e4ten, die w\u00e4hrend der Tour angeboten werden, wie z. B. Schwimmen im ruhigen Wasser. Das Abenteuer beginnt mit einer Fahrt mit dem Schnellboot von Bayahibe zu einem atemberaubenden nat\u00fcrlichen Pool mit kristallklarem Wasser in der Mitte des Meeres, einem spektakul\u00e4ren flachen Bereich, in dem die ber\u00fchmten Seesterne des Karibischen Meeres zu finden sind.<\/p>\n<\/div>\n<\/div>","protected":false},"excerpt":{"rendered":"<div data-track=\"overview\" data-v-83a2b402=\"\">\n<section id=\"activity-overview\" class=\"activity-overview\" data-component=\"overview\" data-v-83a2b402=\"\" data-v-f3236c42=\"\">\n<p class=\"activity-overview__content\" data-test-id=\"activity-overview-content\" data-v-f3236c42=\"\">Genie\u00dfen Sie einen Tagesausflug zur Insel Saona von Santo Domingo aus. Mittagessen und Besuch des nat\u00fcrlichen Pools inbegriffen. Lassen Sie uns die beste Erfahrung bei der Erkundung dieses tropischen Strandes mit schwankenden Palmen haben<\/p>\n<\/section>\n<\/div>\n<div data-track=\"key-details\" data-v-83a2b402=\"\"><\/div>","protected":false},"featured_media":12874,"template":"","meta":[],"product_brand":[],"product_cat":[97,98],"product_tag":[101,102],"class_list":{"0":"post-12601","1":"product","2":"type-product","3":"status-publish","4":"has-post-thumbnail","6":"product_cat-dominican-republic","7":"product_cat-saona-island","8":"product_tag-excursion","9":"product_tag-tour","11":"first","12":"instock","13":"sale","14":"shipping-taxable","15":"product-type-external"},"_links":{"self":[{"href":"https:\/\/placessites.com\/de\/wp-json\/wp\/v2\/product\/12601","targetHints":{"allow":["GET"]}}],"collection":[{"href":"https:\/\/placessites.com\/de\/wp-json\/wp\/v2\/product"}],"about":[{"href":"https:\/\/placessites.com\/de\/wp-json\/wp\/v2\/types\/product"}],"wp:featuredmedia":[{"embeddable":true,"href":"https:\/\/placessites.com\/de\/wp-json\/wp\/v2\/media\/12874"}],"wp:attachment":[{"href":"https:\/\/placessites.com\/de\/wp-json\/wp\/v2\/media?parent=12601"}],"wp:term":[{"taxonomy":"product_brand","embeddable":true,"href":"https:\/\/placessites.com\/de\/wp-json\/wp\/v2\/product_brand?post=12601"},{"taxonomy":"product_cat","embeddable":true,"href":"https:\/\/placessites.com\/de\/wp-json\/wp\/v2\/product_cat?post=12601"},{"taxonomy":"product_tag","embeddable":true,"href":"https:\/\/placessites.com\/de\/wp-json\/wp\/v2\/product_tag?post=12601"}],"curies":[{"name":"wp","href":"https:\/\/api.w.org\/{rel}","templated":true}]}}