{"id":11276,"date":"2025-12-18T10:06:31","date_gmt":"2025-12-18T10:06:31","guid":{"rendered":"https:\/\/placessites.com\/?post_type=product&#038;p=11276"},"modified":"2026-01-05T17:09:56","modified_gmt":"2026-01-05T17:09:56","slug":"punta-cana-bootstour-zur-isla-saona-open-bar-buffet-mittagessen","status":"publish","type":"product","link":"https:\/\/placessites.com\/de\/tour\/punta-cana-bootstour-zur-isla-saona-open-bar-buffet-mittagessen\/","title":{"rendered":"Punta Cana: Bootstour zur Isla Saona, Open Bar &amp; Buffet Mittagessen"},"content":{"rendered":"<p>Punta Cana: Bootstour zur Isla Saona, Open Bar &amp; Buffet Mittagessen<\/p>\n<p>Entdecken Sie die Wunder der Isla Saona bei einem Tagesausflug von Punta Cana aus. Schwimmen Sie in einem nat\u00fcrlichen Pool, sehen Sie die vielf\u00e4ltige Flora und Fauna der Insel und erfahren Sie mehr \u00fcber ihre reiche Geschichte und Kultur. Genie\u00dfen Sie ein typisch dominikanisches Mittagessen und Getr\u00e4nke auf der Insel.<\/p>\n<p>Sie werden von Ihrem Hotel in Punta Cana abgeholt und fahren zum Pier. Gehen Sie an Bord eines Bootes und setzen Sie die Segel zur Isla Saona. Halten Sie an einem nat\u00fcrlichen Pool mit kristallklarem Wasser und einer wundersch\u00f6nen Landschaft. Schwimmen Sie im Pool und sp\u00fcren Sie das tropische Klima und die Sonne auf Ihrer Haut.<\/p>\n<p>Bewundern Sie die Artenvielfalt der Isla Saona, sowohl in den Gew\u00e4ssern als auch auf dem Land. Erleben Sie eine vielf\u00e4ltige Flora und Fauna. An den Str\u00e4nden k\u00f6nnen Sie Seev\u00f6gel und Krebse beobachten, w\u00e4hrend Sie im Meer mit tropischen Fischen schwimmen und mit etwas Gl\u00fcck Delfine und Mantarochen sehen k\u00f6nnen.<\/p>\n<p>Auf dem Weg zur Insel sehen Sie Mangroven und tropische W\u00e4lder mit verschiedenen Pflanzenarten. Erfahren Sie mehr \u00fcber die reiche Geschichte und Kultur der Insel. Die Insel wird seit Jahrhunderten von verschiedenen indigenen Gruppen, wie den Ta\u00ednos, bewohnt.<\/p>\n<p>Heute ist die Insel die Heimat einer kleinen Gemeinschaft von Fischern und Kunsthandwerkern, die die lokalen Traditionen und das Kunsthandwerk am Leben erhalten. Lernen Sie die dominikanische Kultur durch Musik, Tanz und typisches Kunsthandwerk kennen.<\/p>\n<p>Ankunft in einem privaten Strandclub auf der Isla Saona, wo Sie ein klassisches Mittagessen mit Getr\u00e4nken genie\u00dfen. Nach dem Mittagessen haben Sie Zeit zur freien Verf\u00fcgung, um am Strand zu entspannen, im Meer zu schwimmen oder an verschiedenen Wasseraktivit\u00e4ten teilzunehmen.<\/p>","protected":false},"excerpt":{"rendered":"<div data-track=\"overview\" data-v-83a2b402=\"\">\n<section id=\"activity-overview\" class=\"activity-overview\" data-component=\"overview\" data-v-83a2b402=\"\" data-v-f3236c42=\"\">\n<p class=\"activity-overview__content\" data-test-id=\"activity-overview-content\" data-v-f3236c42=\"\">Entdecken Sie die nat\u00fcrliche Sch\u00f6nheit der Isla Saona bei einem Tagesausflug von Punta Cana aus. Genie\u00dfen Sie den wei\u00dfen Sand und das t\u00fcrkisfarbene Wasser und entspannen Sie sich in einem privaten Strandclub mit einem k\u00f6stlichen Mittagsbuffet und Getr\u00e4nken.<\/p>\n<\/section>\n<\/div>\n<div data-track=\"key-details\" data-v-83a2b402=\"\"><\/div>","protected":false},"featured_media":11580,"template":"","meta":[],"product_brand":[],"product_cat":[97,98],"product_tag":[101,102],"class_list":{"0":"post-11276","1":"product","2":"type-product","3":"status-publish","4":"has-post-thumbnail","6":"product_cat-dominican-republic","7":"product_cat-saona-island","8":"product_tag-excursion","9":"product_tag-tour","11":"first","12":"instock","13":"sale","14":"shipping-taxable","15":"product-type-external"},"_links":{"self":[{"href":"https:\/\/placessites.com\/de\/wp-json\/wp\/v2\/product\/11276","targetHints":{"allow":["GET"]}}],"collection":[{"href":"https:\/\/placessites.com\/de\/wp-json\/wp\/v2\/product"}],"about":[{"href":"https:\/\/placessites.com\/de\/wp-json\/wp\/v2\/types\/product"}],"wp:featuredmedia":[{"embeddable":true,"href":"https:\/\/placessites.com\/de\/wp-json\/wp\/v2\/media\/11580"}],"wp:attachment":[{"href":"https:\/\/placessites.com\/de\/wp-json\/wp\/v2\/media?parent=11276"}],"wp:term":[{"taxonomy":"product_brand","embeddable":true,"href":"https:\/\/placessites.com\/de\/wp-json\/wp\/v2\/product_brand?post=11276"},{"taxonomy":"product_cat","embeddable":true,"href":"https:\/\/placessites.com\/de\/wp-json\/wp\/v2\/product_cat?post=11276"},{"taxonomy":"product_tag","embeddable":true,"href":"https:\/\/placessites.com\/de\/wp-json\/wp\/v2\/product_tag?post=11276"}],"curies":[{"name":"wp","href":"https:\/\/api.w.org\/{rel}","templated":true}]}}