{"id":10724,"date":"2025-12-18T09:44:47","date_gmt":"2025-12-18T09:44:47","guid":{"rendered":"https:\/\/placessites.com\/?post_type=product&#038;p=10724"},"modified":"2025-12-18T09:57:02","modified_gmt":"2025-12-18T09:57:02","slug":"-25","status":"publish","type":"product","link":"https:\/\/placessites.com\/de\/tour\/-25\/","title":{"rendered":"Die Insel Saona von Punta Cana aus"},"content":{"rendered":"<div class=\"woocommerce-product-details__short-description\">\n<div data-track=\"overview\" data-v-83a2b402=\"\">\n<section id=\"activity-overview\" class=\"activity-overview\" data-component=\"overview\" data-v-83a2b402=\"\" data-v-f3236c42=\"\">\n<p data-test-id=\"activity-overview-content\" data-v-f3236c42=\"\"><strong>Die Insel Saona von Punta Cana aus<\/strong><\/p>\n<p class=\"activity-overview__content\" data-test-id=\"activity-overview-content\" data-v-f3236c42=\"\">Entdecken Sie die nat\u00fcrliche Sch\u00f6nheit der Dominikanischen Republik bei einem Tagesausflug zur Insel Saona. Entspannen Sie sich an den unber\u00fchrten Str\u00e4nden, schwimmen Sie im kristallklaren Wasser und nehmen Sie ein Sonnenbad.<\/p>\n<\/section>\n<\/div>\n<\/div>\n<p>Begeben Sie sich auf eine Reise zur Entdeckung der atemberaubenden Insel Saona. Dieser Ganztagesausflug bietet die nat\u00fcrliche Sch\u00f6nheit der Dominikanischen Republik. Segeln Sie zur faszinierenden Insel Saona, einem tropischen Paradies innerhalb des East National Park. Die unber\u00fchrten Str\u00e4nde, das kristallklare Wasser und die lebhafte Unterwasserwelt der Insel bieten einen Ort der Ruhe und Entspannung.<\/p>\n<p>Hier k\u00f6nnen Sie an den unber\u00fchrten Str\u00e4nden spazieren gehen, sich unter den sich wiegenden Palmen entspannen oder die lebendige Unterwasserwelt erkunden. Genie\u00dfen Sie ein traditionelles dominikanisches Mittagessen, bei dem Sie die Aromen und die lokale K\u00fcche kennenlernen k\u00f6nnen. Tauchen Sie nach dem Essen in die nat\u00fcrliche Sch\u00f6nheit der Insel ein, erkunden Sie die verschiedenen \u00d6kosysteme oder entspannen Sie sich und genie\u00dfen Sie die Sonne.<\/p>\n<p>Die R\u00fcckfahrt ist ebenso reizvoll, mit einem Halt an einem nat\u00fcrlichen Pool mitten im Meer, wo Sie Seesterne in ihrem nat\u00fcrlichen Lebensraum beobachten k\u00f6nnen. Die Ruhe der Umgebung und das sanfte Pl\u00e4tschern der Wellen schaffen eine entspannende Atmosph\u00e4re, in der Sie den Tag in aller Ruhe ausklingen lassen k\u00f6nnen. Lassen Sie sich schlie\u00dflich bequem zu Ihrem Hotel zur\u00fcckbringen und erinnern Sie sich an die Abenteuer des Tages und die unvergesslichen Erfahrungen, die Sie gemacht haben.<\/p>","protected":false},"excerpt":{"rendered":"<div data-track=\"overview\" data-v-83a2b402=\"\">\n<section id=\"activity-overview\" class=\"activity-overview\" data-component=\"overview\" data-v-83a2b402=\"\" data-v-f3236c42=\"\">\n<p class=\"activity-overview__content\" data-test-id=\"activity-overview-content\" data-v-f3236c42=\"\">Entdecken Sie die nat\u00fcrliche Sch\u00f6nheit der Dominikanischen Republik bei einem Tagesausflug zur Insel Saona. Entspannen Sie sich an den unber\u00fchrten Str\u00e4nden, schwimmen Sie im kristallklaren Wasser und nehmen Sie ein Sonnenbad.<\/p>\n<\/section>\n<\/div>\n<div data-track=\"key-details\" data-v-83a2b402=\"\"><\/div>","protected":false},"featured_media":11029,"template":"","meta":[],"product_brand":[],"product_cat":[97,98],"product_tag":[101,102],"class_list":{"0":"post-10724","1":"product","2":"type-product","3":"status-publish","4":"has-post-thumbnail","6":"product_cat-dominican-republic","7":"product_cat-saona-island","8":"product_tag-excursion","9":"product_tag-tour","11":"first","12":"instock","13":"sale","14":"shipping-taxable","15":"product-type-external"},"_links":{"self":[{"href":"https:\/\/placessites.com\/de\/wp-json\/wp\/v2\/product\/10724","targetHints":{"allow":["GET"]}}],"collection":[{"href":"https:\/\/placessites.com\/de\/wp-json\/wp\/v2\/product"}],"about":[{"href":"https:\/\/placessites.com\/de\/wp-json\/wp\/v2\/types\/product"}],"wp:featuredmedia":[{"embeddable":true,"href":"https:\/\/placessites.com\/de\/wp-json\/wp\/v2\/media\/11029"}],"wp:attachment":[{"href":"https:\/\/placessites.com\/de\/wp-json\/wp\/v2\/media?parent=10724"}],"wp:term":[{"taxonomy":"product_brand","embeddable":true,"href":"https:\/\/placessites.com\/de\/wp-json\/wp\/v2\/product_brand?post=10724"},{"taxonomy":"product_cat","embeddable":true,"href":"https:\/\/placessites.com\/de\/wp-json\/wp\/v2\/product_cat?post=10724"},{"taxonomy":"product_tag","embeddable":true,"href":"https:\/\/placessites.com\/de\/wp-json\/wp\/v2\/product_tag?post=10724"}],"curies":[{"name":"wp","href":"https:\/\/api.w.org\/{rel}","templated":true}]}}