{"id":10593,"date":"2025-12-18T09:40:13","date_gmt":"2025-12-18T09:40:13","guid":{"rendered":"https:\/\/placessites.com\/?post_type=product&#038;p=10593"},"modified":"2026-01-05T05:05:29","modified_gmt":"2026-01-05T05:05:29","slug":"-15","status":"publish","type":"product","link":"https:\/\/placessites.com\/de\/tour\/-15\/","title":{"rendered":"Saona Island Alles Inklusive Tour"},"content":{"rendered":"<h2>Saona Island Alles Inklusive Tour<\/h2>\n<p>Ihr Abenteuer beginnt fr\u00fch am Morgen mit dem Transport von Ihrem Resort in Punta Cana oder Bayahibe. Ihr Fahrer bringt Sie in das lebhafte Fischerdorf Bayahibe,<\/p>\n<p>Wenn Sie in Bayahibe ankommen, werden Sie von unseren Mitarbeitern und der Crew begr\u00fc\u00dft. Dann sind Sie bereit, an Bord des Schiffes zu gehen, das Sie zur Insel Saona bringen wird. Je nach Tagesablauf gehen Sie entweder an Bord eines Katamarans, um eine ruhige Fahrt zu unternehmen, oder eines Schnellboots, um den Nervenkitzel auf dem Weg zu diesem Inselparadies zu erleben. F\u00fcr die R\u00fcckfahrt zum Festland nehmen Sie dann das gleiche Verkehrsmittel wie f\u00fcr die Fahrt zur Insel Saona.<\/p>\n<p>W\u00e4hrend Ihrer Kreuzfahrt f\u00fchren Sie Ihre Reiseleiter zu einem versteckten nat\u00fcrlichen Pool, wo das Wasser seicht, ruhig und warm ist - ein idealer Ort f\u00fcr ein unvergessliches Schwimmabenteuer.<\/p>\n<p>Nach dem Bad gehen Sie wieder an Bord Ihres Schiffes, denn es ist Zeit f\u00fcr die Weiterfahrt zum wundersch\u00f6nen Strand von Saona. In der nahen Ferne erhalten Sie einen Vorgeschmack auf die 42 Quadratkilometer gro\u00dfen Naturschutzgebiete, die unter staatlichem Schutz stehen, um all ihre nat\u00fcrlichen Sch\u00e4tze zu bewahren. Halten Sie beim Passieren des Nationalparks die Augen offen nach den Tieren, die in dieser Wildnis zu Hause sind. Sie wissen, dass Sie angekommen sind, wenn das Boot in den herrlichen wei\u00dfen Sand einl\u00e4uft, der die Insel Saona zu einem unverzichtbaren Ziel in der Dominikanischen Republik macht.<\/p>\n<div class=\"toggle-content__content toggle-content__content--expanded toggle-content__content--packable\" data-v-59485d64=\"\">\n<div data-test-id=\"activity-full-description-text\" data-v-5835c99c=\"\">Dort k\u00f6nnen Sie unterhaltsame Aktivit\u00e4ten wie Volleyball, Schwimmen in einem nat\u00fcrlichen Pool und Tanzen zu tropischer Musik genie\u00dfen oder einfach nur faulenzen und entspannen. Ein dominikanisches Mittagsbuffet und viele erfrischende Getr\u00e4nke an einer offenen Bar sind die perfekte Erg\u00e4nzung f\u00fcr einen unvergesslichen Ausflug in die Karibik.<\/div>\n<\/div>\n<div class=\"toggle-content__label-placeholder\" data-v-59485d64=\"\"><\/div>","protected":false},"excerpt":{"rendered":"<div data-track=\"overview\" data-v-83a2b402=\"\">\n<section id=\"activity-overview\" class=\"activity-overview\" data-component=\"overview\" data-v-83a2b402=\"\" data-v-f3236c42=\"\">\n<p class=\"activity-overview__content\" data-test-id=\"activity-overview-content\" data-v-f3236c42=\"\">Entdecken Sie den sch\u00f6nsten wei\u00dfen Sandstrand, Saona Insel ist ein nat\u00fcrliches Reservat in der Karibik, Reisen mit Schnellboot und Segel-Katamaran in einer ganzt\u00e4gigen Tour mit all inclusive.<\/p>\n<\/section>\n<\/div>\n<div data-track=\"key-details\" data-v-83a2b402=\"\"><\/div>","protected":false},"featured_media":10884,"template":"","meta":[],"product_brand":[],"product_cat":[97,98],"product_tag":[101,102],"class_list":{"0":"post-10593","1":"product","2":"type-product","3":"status-publish","4":"has-post-thumbnail","6":"product_cat-dominican-republic","7":"product_cat-saona-island","8":"product_tag-excursion","9":"product_tag-tour","11":"first","12":"instock","13":"sale","14":"shipping-taxable","15":"product-type-external"},"_links":{"self":[{"href":"https:\/\/placessites.com\/de\/wp-json\/wp\/v2\/product\/10593","targetHints":{"allow":["GET"]}}],"collection":[{"href":"https:\/\/placessites.com\/de\/wp-json\/wp\/v2\/product"}],"about":[{"href":"https:\/\/placessites.com\/de\/wp-json\/wp\/v2\/types\/product"}],"wp:featuredmedia":[{"embeddable":true,"href":"https:\/\/placessites.com\/de\/wp-json\/wp\/v2\/media\/10884"}],"wp:attachment":[{"href":"https:\/\/placessites.com\/de\/wp-json\/wp\/v2\/media?parent=10593"}],"wp:term":[{"taxonomy":"product_brand","embeddable":true,"href":"https:\/\/placessites.com\/de\/wp-json\/wp\/v2\/product_brand?post=10593"},{"taxonomy":"product_cat","embeddable":true,"href":"https:\/\/placessites.com\/de\/wp-json\/wp\/v2\/product_cat?post=10593"},{"taxonomy":"product_tag","embeddable":true,"href":"https:\/\/placessites.com\/de\/wp-json\/wp\/v2\/product_tag?post=10593"}],"curies":[{"name":"wp","href":"https:\/\/api.w.org\/{rel}","templated":true}]}}