{"id":10246,"date":"2025-12-18T09:28:14","date_gmt":"2025-12-18T09:28:14","guid":{"rendered":"https:\/\/placessites.com\/?post_type=product&#038;p=10246"},"modified":"2026-02-09T04:24:21","modified_gmt":"2026-02-09T04:24:21","slug":"punta-cana-saona-island-katamaran-tagesausflug-mit-tickets-und-mittagessen","status":"publish","type":"product","link":"https:\/\/placessites.com\/de\/tour\/punta-cana-saona-island-katamaran-tagesausflug-mit-tickets-und-mittagessen\/","title":{"rendered":"Punta Cana: Saona Island Katamaran Tagesausflug mit Tickets und Mittagessen"},"content":{"rendered":"<p><strong>Punta Cana: Saona Island Katamaran Tagesausflug mit Tickets und Mittagessen<\/strong><\/p>\n<p>Nutzen Sie den Abhol- und Bringservice zum Hotel, halten Sie an einem riesigen Naturpool und genie\u00dfen Sie einen Snack f\u00fcr unterwegs. Genie\u00dfen Sie die Dienste eines Reiseleiters, fahren Sie mit einem Schnellboot und einem Katamaran, und genie\u00dfen Sie ein Mittagsbuffet mit Getr\u00e4nken.<\/p>\n<p>Zu Beginn des Ausflugs besteigen Sie ein Schnellboot und fahren zur Insel Saona. Unterwegs k\u00f6nnen Sie in einem h\u00fcfttiefen Naturpool mit kristallklarem Wasser schwimmen. Wenn Sie Gl\u00fcck haben, sehen Sie vielleicht einen Seestern.<\/p>\n<p>Wenn Sie auf der Insel Saona ankommen, haben Sie die Qual der Wahl. Tauchen Sie ins t\u00fcrkisfarbene Wasser, besuchen Sie die offene Bar, machen Sie ein Nickerchen auf einer Strandliege, spazieren Sie am Ufer entlang oder spielen Sie Volleyball.<\/p>\n<p>G\u00f6nnen Sie sich ein typisch dominikanisches Mittagessen mit Huhn, Schweinefleisch, Reis, Bohnen, Salat und Obst. Sie k\u00f6nnen sogar Hummer und erstklassige Getr\u00e4nke genie\u00dfen, wenn Sie die VIP-Option buchen. Nehmen Sie sich Zeit, um die Insel zu entdecken und alles zu erleben.<\/p>","protected":false},"excerpt":{"rendered":"<div data-track=\"overview\" data-v-83a2b402=\"\">\n<section id=\"activity-overview\" class=\"activity-overview\" data-component=\"overview\" data-v-83a2b402=\"\" data-v-f3236c42=\"\">\n<p class=\"activity-overview__content\" data-test-id=\"activity-overview-content\" data-v-f3236c42=\"\">Besuchen Sie die Insel Saona, die derzeit der beliebteste Ausflug in der Dominikanischen Republik ist. Erkunden Sie diesen tropischen Traumstrand mit sich wiegenden Palmen und wei\u00dfem Sand.<\/p>\n<\/section>\n<\/div>\n<div data-track=\"key-details\" data-v-83a2b402=\"\"><\/div>","protected":false},"featured_media":10662,"template":"","meta":[],"product_brand":[],"product_cat":[97,98],"product_tag":[101,99,100,102],"class_list":{"0":"post-10246","1":"product","2":"type-product","3":"status-publish","4":"has-post-thumbnail","6":"product_cat-dominican-republic","7":"product_cat-saona-island","8":"product_tag-excursion","9":"product_tag-isla-saona","10":"product_tag-saona-island","11":"product_tag-tour","13":"first","14":"instock","15":"sale","16":"shipping-taxable","17":"product-type-external"},"_links":{"self":[{"href":"https:\/\/placessites.com\/de\/wp-json\/wp\/v2\/product\/10246","targetHints":{"allow":["GET"]}}],"collection":[{"href":"https:\/\/placessites.com\/de\/wp-json\/wp\/v2\/product"}],"about":[{"href":"https:\/\/placessites.com\/de\/wp-json\/wp\/v2\/types\/product"}],"wp:featuredmedia":[{"embeddable":true,"href":"https:\/\/placessites.com\/de\/wp-json\/wp\/v2\/media\/10662"}],"wp:attachment":[{"href":"https:\/\/placessites.com\/de\/wp-json\/wp\/v2\/media?parent=10246"}],"wp:term":[{"taxonomy":"product_brand","embeddable":true,"href":"https:\/\/placessites.com\/de\/wp-json\/wp\/v2\/product_brand?post=10246"},{"taxonomy":"product_cat","embeddable":true,"href":"https:\/\/placessites.com\/de\/wp-json\/wp\/v2\/product_cat?post=10246"},{"taxonomy":"product_tag","embeddable":true,"href":"https:\/\/placessites.com\/de\/wp-json\/wp\/v2\/product_tag?post=10246"}],"curies":[{"name":"wp","href":"https:\/\/api.w.org\/{rel}","templated":true}]}}