{"id":10193,"date":"2025-12-18T09:26:35","date_gmt":"2025-12-18T09:26:35","guid":{"rendered":"https:\/\/placessites.com\/?post_type=product&#038;p=10193"},"modified":"2026-01-05T04:30:45","modified_gmt":"2026-01-05T04:30:45","slug":"punta-cana-zipline-sessellift-buggy-reiten-abenteuer","status":"publish","type":"product","link":"https:\/\/placessites.com\/de\/tour\/punta-cana-zipline-sessellift-buggy-reiten-abenteuer\/","title":{"rendered":"Punta Cana: Abenteuer mit Zipline, Sessellift, Buggy und Pferd"},"content":{"rendered":"<h1 class=\"activity__title js-title\" data-track=\"activity-title\" data-test-id=\"activity-title\" data-v-c050e4d7=\"\"><span style=\"font-size: 12pt\">Punta Cana: Abenteuer mit Zipline, Sessellift, Buggy und Pferd<\/span><\/h1>\n<p>Besuchen Sie den La Hacienda Park und lassen Sie sich an Ihrem Hotel abholen. Schweben Sie auf rasanten Seilrutschen \u00fcber den Dschungel, genie\u00dfen Sie eine Safari durch Punta Cana und erleben Sie den Nervenkitzel eines schnellen Sprungs.<\/p>\n<p>Gleiten Sie durch den Dschungel mit 2 km langen Seilrutschen, die eine Geschwindigkeit von bis zu 70 km\/h und eine H\u00f6he von bis zu 160 m erreichen, genie\u00dfen Sie den wilden Dschungel mit hoher Geschwindigkeit, da Seilrutschen, mit einem freien Fall Sprung mit einer H\u00f6he von 20 Metern.<\/p>\n<p>Fahren Sie Buggys auf den extremen Stra\u00dfen einer privaten Rennstrecke, die beste Sicherheit mit einem extremen Erlebnis garantiert, damit sowohl Kinder als auch Erwachsene es in vollen Z\u00fcgen genie\u00dfen k\u00f6nnen.<\/p>\n<p>Baden Sie im Fluss mit kristallklarem Wasser, und reiten Sie mit ruhigen und wendigen Pferden mitten durch den Dschungel, um die Tierwelt zu beobachten.<\/p>\n<p>Fahren Sie mit dem einzigen Sessellift der Dominikanischen Republik, der Ihnen die beste Aussicht auf den Park bietet, und entdecken Sie die Kultur des Landes bei einer Safari. Lernen Sie die dominikanische und lokale Kultur kennen. Probieren Sie Mamajuana und frisch gebr\u00fchten Kaffee sowie ein herzhaftes traditionelles Buffet.<\/p>\n<p>F\u00fcr die Kleinsten ist der La Hacienda Park familienfreundlich. Die Kinder k\u00f6nnen sich im Kinderclub vergn\u00fcgen, wo sie von einem tollen Team beaufsichtigt werden und eine Menge Spa\u00df haben, w\u00e4hrend sie darauf warten, dass die \u00c4lteren ihre Aktivit\u00e4ten beenden.<\/p>\n<p>W\u00e4hlen Sie die Privat-VIP-Option und genie\u00dfen Sie einen privaten Transfer von Ihrem Hotel, Zugang zu La Hacienda, die Dienste eines Reisef\u00fchrers und eines Fotografen, Getr\u00e4nke und Snacks, ein Mittagsbuffet und digitale Fotos von Ihrer Zeit auf La Hacienda. Die Standard-Option beinhaltet einen Gruppentransfer, ein Mittagsbuffet und den Zugang zur La Hacienda.<\/p>","protected":false},"excerpt":{"rendered":"<div data-track=\"overview\" data-v-83a2b402=\"\">\n<section id=\"activity-overview\" class=\"activity-overview\" data-component=\"overview\" data-v-83a2b402=\"\" data-v-f3236c42=\"\">\n<p class=\"activity-overview__content\" data-test-id=\"activity-overview-content\" data-v-f3236c42=\"\">Entdecken Sie den aufregenden La Hacienda Park in Punta Cana mit einem im Voraus gebuchten Ticket. Fahren Sie einen Buggy auf extremen Stra\u00dfen, tauchen Sie in einen nat\u00fcrlichen Fluss, reiten Sie auf einem Pferd durch den Dschungel und rutschen Sie die Seilrutsche hinunter.<\/p>\n<\/section>\n<\/div>\n<div data-track=\"key-details\" data-v-83a2b402=\"\"><\/div>","protected":false},"featured_media":10576,"template":"","meta":[],"product_brand":[],"product_cat":[97],"product_tag":[101,102],"class_list":{"0":"post-10193","1":"product","2":"type-product","3":"status-publish","4":"has-post-thumbnail","6":"product_cat-dominican-republic","7":"product_tag-excursion","8":"product_tag-tour","10":"first","11":"instock","12":"sale","13":"shipping-taxable","14":"product-type-external"},"_links":{"self":[{"href":"https:\/\/placessites.com\/de\/wp-json\/wp\/v2\/product\/10193","targetHints":{"allow":["GET"]}}],"collection":[{"href":"https:\/\/placessites.com\/de\/wp-json\/wp\/v2\/product"}],"about":[{"href":"https:\/\/placessites.com\/de\/wp-json\/wp\/v2\/types\/product"}],"wp:featuredmedia":[{"embeddable":true,"href":"https:\/\/placessites.com\/de\/wp-json\/wp\/v2\/media\/10576"}],"wp:attachment":[{"href":"https:\/\/placessites.com\/de\/wp-json\/wp\/v2\/media?parent=10193"}],"wp:term":[{"taxonomy":"product_brand","embeddable":true,"href":"https:\/\/placessites.com\/de\/wp-json\/wp\/v2\/product_brand?post=10193"},{"taxonomy":"product_cat","embeddable":true,"href":"https:\/\/placessites.com\/de\/wp-json\/wp\/v2\/product_cat?post=10193"},{"taxonomy":"product_tag","embeddable":true,"href":"https:\/\/placessites.com\/de\/wp-json\/wp\/v2\/product_tag?post=10193"}],"curies":[{"name":"wp","href":"https:\/\/api.w.org\/{rel}","templated":true}]}}